{"id":100130,"date":"2024-03-04T13:26:10","date_gmt":"2024-03-04T13:26:10","guid":{"rendered":"https:\/\/htb.com.pl\/?post_type=product&#038;p=100130"},"modified":"2024-03-04T19:04:25","modified_gmt":"2024-03-04T19:04:25","slug":"cbd-30-ekstrakt-10-ml","status":"publish","type":"product","link":"https:\/\/htb.com.pl\/?product=cbd-30-ekstrakt-10-ml","title":{"rendered":"CBD 30% (ekstrakt) , 10 ml"},"content":{"rendered":"<p>k\u0142adniki: Olej konopny oraz olej kokosowy &#8211; 7000 mg, CBD &#8211; 3000 mg.<\/p>\n<p>Obj\u0119to\u015b\u0107: 10 ml<\/p>\n<p>&nbsp;<\/p>\n<p>Wyr\u00f3b nie jest lekiem. Nie leczy.<\/p>\n","protected":false},"excerpt":{"rendered":"<p><img loading=\"lazy\" decoding=\"async\" class=\"alignnone size-full wp-image-44980\" src=\"https:\/\/htb.com.pl\/wp-content\/uploads\/2019\/06\/Tel-ma\u0142y.jpg\" alt=\"\" width=\"97\" height=\"100\" \/> (+48) 519652500<\/p>\n<h1><a href=\"https:\/\/www.indiacosmetics.pl\/p\/cbd-30-ekstrakt-10-ml,278\">TU ZAMAWIAMY<\/a><\/h1>\n<p style=\"text-align: left;\">\u00a0<strong>Koszyk to towar z wyprzeda\u017cy<\/strong><\/p>\n","protected":false},"featured_media":100131,"comment_status":"open","ping_status":"closed","template":"","meta":[],"class_list":{"0":"post-100130","1":"product","2":"type-product","3":"status-publish","4":"has-post-thumbnail","6":"product_cat-specyfiki-marysi","7":"product_tag-10-ml","8":"product_tag-cbd-30-ekstrakt","10":"first","11":"instock","12":"taxable","13":"shipping-taxable","14":"purchasable","15":"product-type-simple"},"jetpack_sharing_enabled":true,"_links":{"self":[{"href":"https:\/\/htb.com.pl\/index.php?rest_route=\/wp\/v2\/product\/100130","targetHints":{"allow":["GET"]}}],"collection":[{"href":"https:\/\/htb.com.pl\/index.php?rest_route=\/wp\/v2\/product"}],"about":[{"href":"https:\/\/htb.com.pl\/index.php?rest_route=\/wp\/v2\/types\/product"}],"replies":[{"embeddable":true,"href":"https:\/\/htb.com.pl\/index.php?rest_route=%2Fwp%2Fv2%2Fcomments&post=100130"}],"wp:featuredmedia":[{"embeddable":true,"href":"https:\/\/htb.com.pl\/index.php?rest_route=\/wp\/v2\/media\/100131"}],"wp:attachment":[{"href":"https:\/\/htb.com.pl\/index.php?rest_route=%2Fwp%2Fv2%2Fmedia&parent=100130"}],"curies":[{"name":"wp","href":"https:\/\/api.w.org\/{rel}","templated":true}]}}