{"id":100181,"date":"2024-03-05T11:11:38","date_gmt":"2024-03-05T11:11:38","guid":{"rendered":"https:\/\/htb.com.pl\/?post_type=product&#038;p=100181"},"modified":"2024-03-05T11:12:53","modified_gmt":"2024-03-05T11:12:53","slug":"krem-do-twarzy-na-bazie-oleju-konopnego-50-ml","status":"publish","type":"product","link":"https:\/\/htb.com.pl\/?product=krem-do-twarzy-na-bazie-oleju-konopnego-50-ml","title":{"rendered":"Krem do twarzy na bazie oleju konopnego, 50 ml"},"content":{"rendered":"<h1>KREM DO TWARZY Z CBD &#8211; NATURALNA PIEL\u0118GNACJA<\/h1>\n<p><img loading=\"lazy\" decoding=\"async\" src=\"https:\/\/www.indiacosmetics.pl\/files\/SEO\/zdjecia%20skompre\/IMG_0441.jpg\" alt=\"konopny krem do twarzy\" width=\"320\" height=\"480\" \/><\/p>\n<h2>JAK DZIA\u0141A KREM Z OLEJEM KONOPNYM?<\/h2>\n<p>Konopny krem do twarzy dzi\u0119ki swoim dobroczynnym w\u0142a\u015bciwo\u015bciom regeneruje i uelastycznia nask\u00f3rek.\u00a0<strong>Olej konopny<\/strong>\u00a0wykazuje dzia\u0142anie przeciwstarzeniowe, dzi\u0119ki czemu nasz konopny krem wyg\u0142adza zmarszczki i uj\u0119drnia sk\u00f3r\u0119.<\/p>\n<p>Krem z olejem konopnym nadaje si\u0119 do piel\u0119gnacji sk\u00f3ry wra\u017cliwej, problematycznej, podra\u017cnionej.<\/p>\n<p>Przeznaczony jest do codziennego u\u017cytku.<\/p>\n<h2>SK\u0141ADNIKI NAWIL\u017bAJ\u0104CEGO KREMU DO TWARZY:<\/h2>\n<ul>\n<li>\n<ul>\n<li><strong>Olej konopny<\/strong><\/li>\n<\/ul>\n<\/li>\n<\/ul>\n<p>G\u0142\u0119boko nawil\u017ca i uelastycznia sk\u00f3r\u0119 twarzy oraz uzupe\u0142nia brakuj\u0105ce lipidy. Osoby ze sk\u00f3r\u0105 problemow\u0105 odczuj\u0105 korzystny wp\u0142yw kremu z olejem konopnym INDIA na prac\u0119 gruczo\u0142\u00f3w \u0142ojowych.<\/p>\n<ul>\n<li>\n<ul>\n<li><strong>Arginina<\/strong><\/li>\n<\/ul>\n<\/li>\n<\/ul>\n<p>Aminokwas wyst\u0119puj\u0105cy naturalnie w ludzkiej sk\u00f3rze, zwi\u0119kszaj\u0105cy nawil\u017cenie i zwarto\u015b\u0107 nask\u00f3rka oraz wyra\u017anie przyspiesza proces jego regeneracji.<\/p>\n<ul>\n<li>\n<ul>\n<li><strong>Witamina E<\/strong>\u00a0(zwana w kosmetologii \u201ewitamin\u0105 m\u0142odo\u015bci\u201d)<\/li>\n<\/ul>\n<\/li>\n<\/ul>\n<p>Op\u00f3\u017ania proces starzenia si\u0119 sk\u00f3ry, dzi\u0119ki czemu produkt sprawdza si\u0119 doskonale jako krem przeciwzmarszczkowy.<\/p>\n<ul>\n<li>\n<ul>\n<li><strong>Niacyna<\/strong>\u00a0(witamina PP)<\/li>\n<\/ul>\n<\/li>\n<\/ul>\n<p>Stymuluje produkcj\u0119 kolagenu, dzia\u0142a przeciwutleniaj\u0105co i chroni sk\u00f3r\u0119 przed szkodliwym dzia\u0142aniem promieni UV. Ponadto \u0142agodzi podra\u017cnienia i zwalcza wolne rodniki. Ma szczeg\u00f3lnie korzystny wp\u0142yw na sk\u00f3r\u0119 zwiotcza\u0142\u0105, such\u0105 i ze sk\u0142onno\u015bci\u0105 do zmarszczek.<\/p>\n<h2>JAK U\u017bYWA\u0106 KONOPNEGO KREMU DO TWARZY?<\/h2>\n<p>Nanie\u015b\u0107 niewielk\u0105 ilo\u015b\u0107 kremu na twarz, szyj\u0119 i dekolt. Delikatnie wmasowa\u0107 w sk\u00f3r\u0119. U\u017cywa\u0107 regularnie. Mo\u017cna u\u017cywa\u0107 jako baz\u0119 pod makija\u017c. Krem aplikuje si\u0119 \u0142atwo i wch\u0142ania b\u0142yskawicznie.<\/p>\n<p>*\u00a0<strong>THC<\/strong>&lt;0,2%<\/p>\n<p><strong>\u00a0 \u00a0 \u00a0 \u00a0 \u00a0 \u00a0<\/strong><strong>CBD\u00a0<\/strong>naturalnie wyst\u0119puje w konopi siewnej (Cannabis Sativa L).<\/p>\n<p><strong>Ingredients:<\/strong>\u00a0Aqua, Glycerin, Isostearyl Isostearate, Ethylhexyl Cocoate, Glyceryl Stearates, Pentaerythrityl Tetraisostearate, Cannabis Sativa Seed Oil, Cetearyl Alcohol, Glyceryl Stearate Citrate, Niacinamide, Phenoxyethanol, Dicaprylyl Carbonate, Aluminum Starch Octenylsuccinate, Arginine, Panthenol, Carbomer,Tocopheryl Acetate, Allantoin, Hydrolyzed Caesalpinia Spinosa Gum, Xanthan Gum, Soluble Collagen, Sodium Acrylates Copolymer, Caprylic\/Capric Triglyceride, Caesalpinia Spinosa Gum, Biosaccharide Gum-1, Tocopherol, Citric Acid, Ethylhexylglycerin, Disodium EDTA, Potassium Sorbate, Parfum, Hexyl Cinnamal, Limonene.<\/p>\n<p><strong>Pojemno\u015b\u0107:<\/strong>\u00a050 ml<\/p>\n","protected":false},"excerpt":{"rendered":"<p><img loading=\"lazy\" decoding=\"async\" class=\"alignnone size-full wp-image-44980\" src=\"https:\/\/htb.com.pl\/wp-content\/uploads\/2019\/06\/Tel-ma\u0142y.jpg\" alt=\"\" width=\"97\" height=\"100\" \/> (+48) 519652500<\/p>\n<h1><a href=\"https:\/\/www.indiacosmetics.pl\/p\/krem-do-twarzy-na-bazie-oleju-konopnego-50-ml,12\">TU ZAMAWIAMY<\/a><\/h1>\n<p><strong>Koszyk to towar wyprzeda\u017cowy<\/strong><\/p>\n","protected":false},"featured_media":3771,"comment_status":"open","ping_status":"closed","template":"","meta":[],"class_list":{"0":"post-100181","1":"product","2":"type-product","3":"status-publish","4":"has-post-thumbnail","6":"product_cat-specyfiki-marysi","7":"product_tag-50-ml","8":"product_tag-krem-do-twarzy-na-bazie-oleju-konopnego","10":"first","11":"instock","12":"taxable","13":"shipping-taxable","14":"purchasable","15":"product-type-simple"},"jetpack_sharing_enabled":true,"_links":{"self":[{"href":"https:\/\/htb.com.pl\/index.php?rest_route=\/wp\/v2\/product\/100181","targetHints":{"allow":["GET"]}}],"collection":[{"href":"https:\/\/htb.com.pl\/index.php?rest_route=\/wp\/v2\/product"}],"about":[{"href":"https:\/\/htb.com.pl\/index.php?rest_route=\/wp\/v2\/types\/product"}],"replies":[{"embeddable":true,"href":"https:\/\/htb.com.pl\/index.php?rest_route=%2Fwp%2Fv2%2Fcomments&post=100181"}],"wp:featuredmedia":[{"embeddable":true,"href":"https:\/\/htb.com.pl\/index.php?rest_route=\/wp\/v2\/media\/3771"}],"wp:attachment":[{"href":"https:\/\/htb.com.pl\/index.php?rest_route=%2Fwp%2Fv2%2Fmedia&parent=100181"}],"curies":[{"name":"wp","href":"https:\/\/api.w.org\/{rel}","templated":true}]}}