{"id":100232,"date":"2024-03-06T12:37:03","date_gmt":"2024-03-06T12:37:03","guid":{"rendered":"https:\/\/htb.com.pl\/?post_type=product&#038;p=100232"},"modified":"2024-03-06T12:37:03","modified_gmt":"2024-03-06T12:37:03","slug":"bialko-konopne-250-g","status":"publish","type":"product","link":"https:\/\/htb.com.pl\/?product=bialko-konopne-250-g","title":{"rendered":"Bia\u0142ko konopne, 250 g"},"content":{"rendered":"<h1>BIA\u0141KO KONOPNE<\/h1>\n<h2>NATURALNE BIA\u0141KO RO\u015aLINNE Z NASION KONOPI<\/h2>\n<p>&nbsp;<\/p>\n<p>Bia\u0142ko konopne w proszku to naturalna alternatywa dla popularnych od\u017cywek bia\u0142kowych.<\/p>\n<ul>\n<li>Bia\u0142ko ro\u015blinne,<\/li>\n<li>Bez glutenu,<\/li>\n<li>Produkt wega\u0144ski,<\/li>\n<li>Bez GMO.<\/li>\n<\/ul>\n<p>&nbsp;<\/p>\n<h3>JAK SPO\u017bYWA\u0106 BIA\u0141KO KONOPNE?<\/h3>\n<p>Z przyk\u0142adowych da\u0144 i sposob\u00f3w wymieni\u0107 mo\u017cna: koktajl, omlet, owsiank\u0119, dodatek do musli, twaro\u017cku, \u015bwie\u017cych owoc\u00f3w oraz sos\u00f3w.<\/p>\n<p>Przepis na od\u017cywczy koktajl bia\u0142kowy: zblenduj \u00a0banana, pomara\u0144cz\u0119 wraz z \u00a0jogurtem naturalnym i 30 g bia\u0142ka konopnego INDIA. Pij sch\u0142odzony.<\/p>\n<p>Sk\u0142adniki: 100% ziarna konopi Cannabis sativa L.<\/p>\n<p><strong>Warto\u015b\u0107 od\u017cywcza:<\/strong><br \/>\nwarto\u015b\u0107 energetyczna- 105,6 kcal, t\u0142uszcz- 2,64 g, w tym kwasy nasycone- 0,3 g, w\u0119glowodany- 5,58 g, w tym cukry- 1,17 g, b\u0142onnik pokarmowy 4,74 g,\u00a0 bia\u0142ko 12,48 g, s\u00f3l- 0,0015 g.<\/p>\n<p><strong>Warunki przechowywania:<\/strong>\u00a0Przechowywa\u0107 w ciemnym i suchym miejscu, w temperaturze do +35 \u00b0C, i wilgotno\u015bci wzgl\u0119dnej, nie wy\u017cej ni\u017c 75%.<\/p>\n<h3>MASA NETTO: 250 G<\/h3>\n<h3>PRZEPISY Z BIA\u0141KIEM KONOPNYM:<\/h3>\n<p><a href=\"https:\/\/www.indiacosmetics.pl\/news\/198\/przepis-na-kremowe-smoothie-z-bialkiem-konopnym\">&#8211; Smoothie<\/a><\/p>\n<p><a href=\"https:\/\/www.indiacosmetics.pl\/news\/143\/przepis-na-batoniki-z-bialkiem-konopnym-bez-pieczenia\">&#8211; Batoniki<\/a><\/p>\n<h3>PRZECZYTAJ R\u00d3WNIE\u017b:<\/h3>\n<p><a href=\"https:\/\/www.indiacosmetics.pl\/news\/193\/nadzwyczajne-wlasciwosci-bialka-konopnego-jak-moze-ci-pomoc\">Nadzwyczajne w\u0142a\u015bciwo\u015bci bia\u0142ka konopnego- jak mo\u017ce Tobie pom\u00f3c?<\/a><\/p>\n<p>&nbsp;<\/p>\n<p>Wyr\u00f3b nie jest lekiem. Nie leczy. Powsta\u0142 ze sk\u0142adnik\u00f3w naturalnych. Zawarto\u015b\u0107 witamin, mikroelement\u00f3w czy innych substancji odpowiada naturalnym proporcjom wyst\u0119puj\u0105cym w dziko rosn\u0105cej ro\u015blinie.<\/p>\n<p>Zio\u0142a, warzywa i owoce posiadaj\u0105 w swoim sk\u0142adzie szereg witamin i mikroelement\u00f3w, znanych i uznanych od stuleci, kt\u00f3re wp\u0142ywaj\u0105 korzystnie na organizm<br \/>\ni zachodz\u0105ce w nim procesy fizjologiczne. Niekt\u00f3rym wprost przypisuje si\u0119 w\u0142a\u015bciwo\u015bci lecznicze. Jednak\u017ce obecnie obowi\u0105zuj\u0105ce ustawodawstwo zabrania przedstawiania najbardziej naturalnych \u015brodk\u00f3w spo\u017cywczych jako posiadaj\u0105cych w\u0142a\u015bciwo\u015bci prozdrowotne. Przepisy w tym zakresie s\u0105 wewn\u0119trznie sprzeczne,<br \/>\na s\u0142u\u017cby G\u0142\u00f3wnego Inspektora Sanitarnego (Powiatowe Stacje Sanitarno-Epidemiologiczne) stosuj\u0105 najbardziej rygorystyczn\u0105 wyk\u0142adni\u0119, kt\u00f3ra spowodowa\u0107 mo\u017ce wkr\u00f3tce, \u017ce sprzedawanie zi\u00f3\u0142, owoc\u00f3w i warzyw, a wi\u0119c najbardziej naturalnych sk\u0142adnik\u00f3w \u017cywno\u015bciowych b\u0119dzie mo\u017cliwe, ale bez informowania o ich w\u0142a\u015bciwo\u015bciach. Dla przyk\u0142adu b\u0119dzie mo\u017ce sprzedawa\u0107 czosnek, ale zabronione b\u0119dzie informowanie, \u017ce jest naturalnym antybiotykiem i wspomaga organizm<br \/>\nw przezi\u0119bieniach i zapaleniu gard\u0142a.<\/p>\n<p>*\u00a0<strong>THC<\/strong>&lt;0,2%<\/p>\n<p><strong>\u00a0 \u00a0<\/strong><strong>CBD\u00a0<\/strong>naturalnie wyst\u0119puje w konopi siewnej (Cannabis Sativa L).<\/p>\n","protected":false},"excerpt":{"rendered":"<p><img loading=\"lazy\" decoding=\"async\" class=\"alignnone size-full wp-image-44980\" src=\"https:\/\/htb.com.pl\/wp-content\/uploads\/2019\/06\/Tel-ma\u0142y.jpg\" alt=\"\" width=\"97\" height=\"100\" \/> (+48) 519652500<\/p>\n<h1><a href=\"https:\/\/www.indiacosmetics.pl\/p\/bialko-konopne-250-g,420\">TU ZAMAWIAMY<\/a><\/h1>\n<p><strong>Koszyk to towar z wyprzeda\u017cy<\/strong><\/p>\n","protected":false},"featured_media":100233,"comment_status":"open","ping_status":"closed","template":"","meta":[],"class_list":{"0":"post-100232","1":"product","2":"type-product","3":"status-publish","4":"has-post-thumbnail","6":"product_cat-specyfiki-marysi","7":"product_tag-250-g","8":"product_tag-bialko-konopne","10":"first","11":"instock","12":"taxable","13":"shipping-taxable","14":"purchasable","15":"product-type-simple"},"jetpack_sharing_enabled":true,"_links":{"self":[{"href":"https:\/\/htb.com.pl\/index.php?rest_route=\/wp\/v2\/product\/100232","targetHints":{"allow":["GET"]}}],"collection":[{"href":"https:\/\/htb.com.pl\/index.php?rest_route=\/wp\/v2\/product"}],"about":[{"href":"https:\/\/htb.com.pl\/index.php?rest_route=\/wp\/v2\/types\/product"}],"replies":[{"embeddable":true,"href":"https:\/\/htb.com.pl\/index.php?rest_route=%2Fwp%2Fv2%2Fcomments&post=100232"}],"wp:featuredmedia":[{"embeddable":true,"href":"https:\/\/htb.com.pl\/index.php?rest_route=\/wp\/v2\/media\/100233"}],"wp:attachment":[{"href":"https:\/\/htb.com.pl\/index.php?rest_route=%2Fwp%2Fv2%2Fmedia&parent=100232"}],"curies":[{"name":"wp","href":"https:\/\/api.w.org\/{rel}","templated":true}]}}