{"id":100235,"date":"2024-03-06T13:12:45","date_gmt":"2024-03-06T13:12:45","guid":{"rendered":"https:\/\/htb.com.pl\/?post_type=product&#038;p=100235"},"modified":"2024-03-06T13:12:46","modified_gmt":"2024-03-06T13:12:46","slug":"100235","status":"publish","type":"product","link":"https:\/\/htb.com.pl\/?product=100235","title":{"rendered":""},"content":{"rendered":"<h1>ZAMPON NA BAZIE OLEJU KONOPNEGO &#8211; OD\u017bYWCZY SZAMPON DO W\u0141OS\u00d3W<\/h1>\n<p><img loading=\"lazy\" decoding=\"async\" src=\"https:\/\/www.indiacosmetics.pl\/files\/SEO\/zdjecia%20skompre\/IMG_4711%20(1).jpg\" alt=\"szampon konopny \" width=\"320\" height=\"480\" \/><\/p>\n<p>Nowy, ulepszony sk\u0142ad szamponu: jeszcze bardziej od\u017cywcze w\u0142a\u015bciwo\u015bci dzi\u0119ki wykorzystaniu oleju konopnego z nowej odmiany konopi.<\/p>\n<h2>SZAMPON KONOPNY DO W\u0141OS\u00d3W &#8211; ZALETY STOSOWANIA<\/h2>\n<p>Olej konopny zawarty w szamponie sprawia, \u017ce w\u0142osy s\u0105 nawil\u017cone, wyg\u0142adzone, jednocze\u015bnie pogrubiaj\u0105c struktur\u0119 w\u0142osa.<br \/>\nW\u0142osy s\u0105 od\u017cywiona od czubka g\u0142owy, a\u017c po same ko\u0144c\u00f3wki.<br \/>\nOlej konopny wykazuje wysokie powinowactwo z keratyn\u0105, przez co jest \u0142atwo wch\u0142aniany przez w\u0142osy, nadaje im po\u0142ysk i g\u0142adko\u015b\u0107 oraz zwi\u0119ksza ich obj\u0119to\u015b\u0107. Zawarto\u015b\u0107 sk\u0142adnik\u00f3w od\u017cywczych (przede wszystkim NNKT) wp\u0142ywa na regulacj\u0119 pracy gruczo\u0142\u00f3w \u0142ojowych na g\u0142owie, a tym samym szampon zapobiega przet\u0142uszczaniu si\u0119 w\u0142os\u00f3w. Substancje dodatkowe pomagaj\u0105 w rozczesywaniu i uk\u0142adaniu fryzury.<\/p>\n<h2>SK\u0141ADNIKI AKTYWNE SZAMPONU KONOPNEGO<\/h2>\n<ul>\n<li>\n<ul>\n<li>Olej konopny<\/li>\n<\/ul>\n<\/li>\n<\/ul>\n<p>Intensywnie od\u017cywia w\u0142osy i sprawia, \u017ce \u0142atwiej si\u0119 rozczesuj\u0105. Dzia\u0142a \u0142agodz\u0105co na podra\u017cnion\u0105 sk\u00f3r\u0119 g\u0142owy. Dzi\u0119ki zawarto\u015bci sk\u0142adnik\u00f3w od\u017cywczych zapobiega przet\u0142uszczaniu si\u0119 w\u0142os\u00f3w.<\/p>\n<ul>\n<li>\n<ul>\n<li>Kolagen<\/li>\n<\/ul>\n<\/li>\n<\/ul>\n<p>Utrzymuje prawid\u0142owe nawil\u017cenie, poprawia struktur\u0119 i obj\u0119to\u015b\u0107 w\u0142os\u00f3w oraz pozytywnie wp\u0142ywa na ich naturalne uk\u0142adanie.<\/p>\n<ul>\n<li>\n<ul>\n<li>D-panthenol<\/li>\n<\/ul>\n<\/li>\n<\/ul>\n<p>Nawil\u017ca w\u0142\u00f3kno w\u0142osowe, gwarantuje po\u0142ysk w\u0142os\u00f3w i zmniejsza tendencj\u0119 do rozdwajania si\u0119 ko\u0144c\u00f3wek.<\/p>\n<h2>JAK STOSOWA\u0106 SZAMPON KONOPNY?<\/h2>\n<p>Wmasowa\u0107 delikatnie w mokr\u0105 sk\u00f3r\u0119 g\u0142owy i sp\u0142uka\u0107. Do codziennego u\u017cytku. Dla lepszego efektu nale\u017cy stosowa\u0107 razem z\u00a0<a href=\"https:\/\/www.indiacosmetics.pl\/p\/maska-do-wlosow-200ml,23\">mask\u0105 do w\u0142os\u00f3w<\/a>\u00a0z olejem konopnym INDIA.<\/p>\n<p>*\u00a0<strong>THC<\/strong>&lt;0,2%<\/p>\n<p><strong>\u00a0 \u00a0 \u00a0 \u00a0 \u00a0 \u00a0<\/strong><strong>CBD\u00a0<\/strong>naturalnie wyst\u0119puje w konopi siewnej (Cannabis Sativa L).<\/p>\n<p><strong>Ingredients:<\/strong>\u00a0aqua, sodium myreth sulfate, propylene glycol, cocamide mipa, cocoglucoside, sodium cocoamphoacetate, glyceryl oleate, cocamidopropyl betaine, peg7 glyceryl cocoate, cannabis sativa seed oil, soluble collagen, panthenol, phenoxyethanol, sodium chloride, parfum, lactic acid, citric acid, hydroxypropyl guar hydroxypropyltrimonium chloride, ethylhexylglycerin, disodium edta, glycerin, coconut acid, biosaccharide gum-1, tocopherol, hydrogenated palm glycerides citrate, lecithin, ascorbyl palmitate.<\/p>\n<p><strong>Pojemno\u015b\u0107:<\/strong>\u00a0400 ml<\/p>\n<p>&nbsp;<\/p>\n","protected":false},"excerpt":{"rendered":"<p><img loading=\"lazy\" decoding=\"async\" class=\"alignnone size-full wp-image-44980\" src=\"https:\/\/htb.com.pl\/wp-content\/uploads\/2019\/06\/Tel-ma\u0142y.jpg\" alt=\"\" width=\"97\" height=\"100\" \/> (+48) 519652500<\/p>\n<h1><a href=\"https:\/\/www.indiacosmetics.pl\/p\/szampon-do-wlosow-z-olejem-konopnym-400-ml,31\">TU ZAMAWIAMY<\/a><\/h1>\n<p><strong>Koszyk to towar z wyprzeda\u017cy<\/strong><\/p>\n","protected":false},"featured_media":100236,"comment_status":"open","ping_status":"closed","template":"","meta":[],"class_list":{"0":"post-100235","1":"product","2":"type-product","3":"status-publish","4":"has-post-thumbnail","6":"product_cat-specyfiki-marysi","7":"product_tag-400-ml","8":"product_tag-szampon-do-wlosow-z-olejem-konopnym","10":"first","11":"instock","12":"taxable","13":"shipping-taxable","14":"purchasable","15":"product-type-simple"},"jetpack_sharing_enabled":true,"_links":{"self":[{"href":"https:\/\/htb.com.pl\/index.php?rest_route=\/wp\/v2\/product\/100235","targetHints":{"allow":["GET"]}}],"collection":[{"href":"https:\/\/htb.com.pl\/index.php?rest_route=\/wp\/v2\/product"}],"about":[{"href":"https:\/\/htb.com.pl\/index.php?rest_route=\/wp\/v2\/types\/product"}],"replies":[{"embeddable":true,"href":"https:\/\/htb.com.pl\/index.php?rest_route=%2Fwp%2Fv2%2Fcomments&post=100235"}],"wp:featuredmedia":[{"embeddable":true,"href":"https:\/\/htb.com.pl\/index.php?rest_route=\/wp\/v2\/media\/100236"}],"wp:attachment":[{"href":"https:\/\/htb.com.pl\/index.php?rest_route=%2Fwp%2Fv2%2Fmedia&parent=100235"}],"curies":[{"name":"wp","href":"https:\/\/api.w.org\/{rel}","templated":true}]}}