{"id":100241,"date":"2024-03-06T13:19:56","date_gmt":"2024-03-06T13:19:56","guid":{"rendered":"https:\/\/htb.com.pl\/?post_type=product&#038;p=100241"},"modified":"2024-03-06T13:19:56","modified_gmt":"2024-03-06T13:19:56","slug":"kosmetyczny-olejek-konopny-50ml","status":"publish","type":"product","link":"https:\/\/htb.com.pl\/?product=kosmetyczny-olejek-konopny-50ml","title":{"rendered":"Kosmetyczny olejek konopny 50ml"},"content":{"rendered":"<h1>KOSMETYCZNY OLEJEK KONOPNY Z CBD<\/h1>\n<p><img loading=\"lazy\" decoding=\"async\" src=\"https:\/\/www.indiacosmetics.pl\/files\/SEO\/zdjecia%20skompre\/IMG_0311.jpg\" alt=\"olejek konopny na w\u0142osy\" width=\"320\" height=\"480\" \/><\/p>\n<p>100% nierafinowany, czysty olej, t\u0142oczony z nasion konopi siewnej \u2014 Cannabis Sativa L.<\/p>\n<p>Metoda t\u0142oczenia na zimno oleju konopnego pozwala na zachowanie dobroczynnych w\u0142a\u015bciwo\u015bci.<\/p>\n<h2>JAKIE S\u0104 W\u0141A\u015aCIWO\u015aCI OLEJU KONOPNEGO?<\/h2>\n<p>Olej konopny to kosmetyk polecany do piel\u0119gnacji ka\u017cdego typu sk\u00f3ry. Szczeg\u00f3lnie polecany\u00a0<strong>cerom t\u0142ustym, mieszanym, ze sk\u0142onno\u015bciami do niedoskona\u0142o\u015bci.<\/strong><br \/>\nOlej konopny jest umiarkowanie t\u0142usty, dzi\u0119ki czemu \u0142atwo si\u0119 rozprowadza, a sk\u00f3ra szybko go wch\u0142ania, nie pozostawiaj\u0105c na ciele t\u0142ustej warstwy.<br \/>\nStosowany regularnie konopny olej poprawia koloryt sk\u00f3ry oraz<strong>\u00a0roz\u015bwietla pozbawion\u0105 blasku sk\u00f3r\u0119.<\/strong><br \/>\nOlej konopny\u00a0<strong>koi wra\u017cliw\u0105 sk\u00f3r\u0119 cia\u0142a,<\/strong>\u00a0jednocze\u015bnie przenikaj\u0105c do g\u0142\u0119bszych warstw nask\u00f3rka i intensywnie je nawil\u017ca.<\/p>\n<h2>OLEJ KONOPNY DO W\u0141OS\u00d3W<\/h2>\n<p>Sk\u0142ad nierafinowanego oleju konopnego to zastrzyk witamin dla naszych w\u0142os\u00f3w.<br \/>\nKosmetyki do w\u0142os\u00f3w na bazie oleju konopnego sprawdz\u0105 si\u0119 na suche i \u0142amliwe w\u0142osy, kt\u00f3re maj\u0105 tendencj\u0119 do puszenia si\u0119 i pl\u0105tania. Pomog\u0105 te\u017c w regeneracji w\u0142os\u00f3w farbowanych i rozja\u015bnionych.<br \/>\nOlej konopny sprawdzi si\u0119 do w\u0142os\u00f3w wysokoporowatych, kt\u00f3re najcz\u0119\u015bciej s\u0105 kr\u0119cone. U\u0142atwi ich rozczesywanie i podkre\u015bli skr\u0119t lok\u00f3w.<\/p>\n<h2>OLEJ KONOPNY W PIEL\u0118GNACJI PAZNOKCI<\/h2>\n<p>Olej konopny piel\u0119gnuje p\u0142ytk\u0119 paznokci, przez co rosn\u0105 zdrowsze i silniejsze.<\/p>\n<h2>JAK STOSOWA\u0106 OLEJ KONOPNY?<\/h2>\n<h2>STOSOWANIE OLEJU KONOPNEGO NA TWARZ I CIA\u0141O:<\/h2>\n<ul>\n<li>\n<ul>\n<li>Olej konopny mo\u017cna stosowa\u0107 do oczyszczania i codziennego demakija\u017cu twarzy. Mo\u017cna wykonywa\u0107 nim\u00a0<a href=\"https:\/\/www.indiacosmetics.pl\/news\/308\/olejowanie-twarzy-co-to-jaki-olej-wybrac\">olejowanie twarzy<\/a>. Sprawdzi si\u0119 te\u017c przy suchej i p\u0119kaj\u0105cej sk\u00f3rze na ciele. Wystarczy niewielk\u0105 ilo\u015b\u0107 olejku (3-4 krople) wmasowa\u0107 w sk\u00f3r\u0119.<\/li>\n<\/ul>\n<\/li>\n<\/ul>\n<h2>STOSOWANIE OLEJU KONOPNEGO NA W\u0141OSY:<\/h2>\n<ul>\n<li>\n<ul>\n<li>Olej konopny sprawdza si\u0119 przy olejowaniu w\u0142os\u00f3w. Na\u0142\u00f3\u017c r\u00f3wnomiernie na suche, nieumyte w\u0142osy olej konopny. Mo\u017cesz te\u017c wmasowa\u0107 go w sk\u00f3r\u0119 g\u0142owy. Dla lepszych efekt\u00f3w na\u0142\u00f3\u017c foliowy czepek lub owi\u0144 w\u0142osy bawe\u0142nianym r\u0119cznikiem. Po 1-2 godzinach myjemy g\u0142ow\u0119 szamponem. Dla lepszych efekt\u00f3w mo\u017cna u\u017cy\u0107\u00a0<a title=\"szampon konopny\" href=\"https:\/\/www.indiacosmetics.pl\/p\/szampon-do-wlosow-400-ml,31\">szamponu konopnego<\/a>.<\/li>\n<\/ul>\n<\/li>\n<\/ul>\n<h2>STOSOWANIE OLEJU KONOPNEGO NA PAZNOKCIE:<\/h2>\n<ul>\n<li>\n<ul>\n<li>Wetrzyj olej konopny w p\u0142ytk\u0119 paznokcia.<\/li>\n<\/ul>\n<\/li>\n<\/ul>\n<p>&nbsp;<\/p>\n<p>Dzi\u0119ki umieszczonej w opakowaniu pompce dozowanie produktu staje si\u0119 \u0142atwiejsze i wydajniejsze.<\/p>\n<p>Olej najlepiej przechowywa\u0107 w ch\u0142odnym, ciemnym miejscu, w temperaturze nieprzekraczaj\u0105cej 20\u00b0C. Chroni\u0107 przed s\u0142o\u0144cem.<br \/>\nMo\u017ce wytr\u0105ci\u0107 si\u0119 osad lub zm\u0119tnienie \u2013 jest to zjawisko naturalne.<\/p>\n<p>*\u00a0<strong>THC<\/strong>&lt;0,2%<\/p>\n<p><strong>\u00a0 \u00a0<\/strong><strong>CBD\u00a0<\/strong>naturalnie wyst\u0119puje w konopi siewnej (Cannabis Sativa L).<\/p>\n<p><strong>Ingredients<\/strong>: Cannabis Sativa Seed Oil.<\/p>\n<p><strong>Pojemno\u015b\u0107<\/strong>: 50 ml<\/p>\n<hr \/>\n","protected":false},"excerpt":{"rendered":"<p><img loading=\"lazy\" decoding=\"async\" class=\"alignnone size-full wp-image-44980\" src=\"https:\/\/htb.com.pl\/wp-content\/uploads\/2019\/06\/Tel-ma\u0142y.jpg\" alt=\"\" width=\"97\" height=\"100\" \/> (+48) 519652500<\/p>\n<h1><a href=\"https:\/\/www.indiacosmetics.pl\/p\/kosmetyczny-olejek-konopny-50ml,303\">TU ZAMAWIAMY<\/a><\/h1>\n<p><strong>Koszyk to towar z wyprzeda\u017cy<\/strong><\/p>\n","protected":false},"featured_media":100242,"comment_status":"open","ping_status":"closed","template":"","meta":[],"class_list":{"0":"post-100241","1":"product","2":"type-product","3":"status-publish","4":"has-post-thumbnail","6":"product_cat-specyfiki-marysi","7":"product_tag-kosmetyczny-olejek-konopny-50ml","9":"first","10":"instock","11":"taxable","12":"shipping-taxable","13":"purchasable","14":"product-type-simple"},"jetpack_sharing_enabled":true,"_links":{"self":[{"href":"https:\/\/htb.com.pl\/index.php?rest_route=\/wp\/v2\/product\/100241","targetHints":{"allow":["GET"]}}],"collection":[{"href":"https:\/\/htb.com.pl\/index.php?rest_route=\/wp\/v2\/product"}],"about":[{"href":"https:\/\/htb.com.pl\/index.php?rest_route=\/wp\/v2\/types\/product"}],"replies":[{"embeddable":true,"href":"https:\/\/htb.com.pl\/index.php?rest_route=%2Fwp%2Fv2%2Fcomments&post=100241"}],"wp:featuredmedia":[{"embeddable":true,"href":"https:\/\/htb.com.pl\/index.php?rest_route=\/wp\/v2\/media\/100242"}],"wp:attachment":[{"href":"https:\/\/htb.com.pl\/index.php?rest_route=%2Fwp%2Fv2%2Fmedia&parent=100241"}],"curies":[{"name":"wp","href":"https:\/\/api.w.org\/{rel}","templated":true}]}}