{"id":100279,"date":"2024-03-07T07:08:25","date_gmt":"2024-03-07T07:08:25","guid":{"rendered":"https:\/\/htb.com.pl\/?post_type=product&#038;p=100279"},"modified":"2024-03-07T07:08:25","modified_gmt":"2024-03-07T07:08:25","slug":"kremowy-zel-pod-prysznic-z-olejem-konopnym-200ml","status":"publish","type":"product","link":"https:\/\/htb.com.pl\/?product=kremowy-zel-pod-prysznic-z-olejem-konopnym-200ml","title":{"rendered":"Kremowy \u017cel pod prysznic z olejem konopnym 200ml"},"content":{"rendered":"<h1>KONOPNY \u017bEL POD PRYSZNIC Z OLEJEM KONOPNYM &#8211; DELIKATNA PIEL\u0118GNACJA DLA OS\u00d3B Z PROBLEMAMI SK\u00d3RNYMI<\/h1>\n<p><img loading=\"lazy\" decoding=\"async\" src=\"https:\/\/www.indiacosmetics.pl\/files\/SEO\/zdjecia%20skompre\/IMG_0604.jpg\" alt=\"konopny \u017cel pod prysznic\" width=\"320\" height=\"480\" \/><\/p>\n<p>Delikatny kremowy konopny \u017cel pod prysznic to kosmetyk w 90% pochodzenia naturalnego. Olej konopny t\u0142oczony na zimno zachowuje wszystkie korzystne w\u0142a\u015bciwo\u015bci, kt\u00f3re maj\u0105 pozytywny wp\u0142yw na sk\u00f3r\u0119 cia\u0142a. Dok\u0142adnie oczyszczona i od\u017cywiona sk\u00f3ra to efekt, jaki uzyskasz po zastosowaniu\u00a0<strong>konopnego \u017celu pod prysznic<\/strong>\u00a0z olejem z konopi.<\/p>\n<p>Dzi\u0119ki swoim w\u0142a\u015bciwo\u015bciom konopny \u017cel z olejem konopnym mo\u017ce by\u0107 stosowany przez osoby ze sk\u00f3r\u0105 wra\u017cliw\u0105 i problemami sk\u00f3rnymi takimi jak \u0142uszczyca, egzema.<br \/>\nOrze\u017awiaj\u0105ca nuta zapachowa konopi zapewnia d\u0142ugotrwa\u0142e uczucie \u015bwie\u017co\u015bci.<\/p>\n<p>Produkt jest przeznaczony zar\u00f3wno dla kobiet, jak i m\u0119\u017cczyzn.<\/p>\n<h2>SK\u0141ADNIKI KONOPNEGO \u017bELU POD PRYSZNIC<\/h2>\n<ul>\n<li>\n<ul>\n<li><strong>Olej konopny<\/strong><\/li>\n<\/ul>\n<\/li>\n<\/ul>\n<p>Skutecznie nawil\u017ca i od\u017cywia, \u0142agodzi podra\u017cnienia oraz przyspiesza regeneracj\u0119 sk\u00f3ry.<\/p>\n<ul>\n<li>\n<ul>\n<li><strong>Witamina E<\/strong><\/li>\n<\/ul>\n<\/li>\n<\/ul>\n<p>Dzia\u0142a przeciwutleniaj\u0105co, chroni kom\u00f3rki przed wolnymi rodnikami. Ponadto przyspiesza gojenie si\u0119 ran oraz zapobiega odwodnieniu sk\u00f3ry.<\/p>\n<h2>JAK STOSOWA\u0106 \u017bEL POD PRYSZNIC?<\/h2>\n<p>Niewielk\u0105 ilo\u015b\u0107 \u017celu wmasowa\u0107 w wilgotn\u0105 sk\u00f3r\u0119. Dok\u0142adnie sp\u0142uka\u0107.<\/p>\n<p>*\u00a0<strong>THC<\/strong>&lt;0,2%<\/p>\n<p><strong>\u00a0 \u00a0<\/strong><strong>CBD\u00a0<\/strong>naturalnie wyst\u0119puje w konopi siewnej (Cannabis Sativa L).<\/p>\n<p><strong>Ingredients:<\/strong>\u00a0Aqua, Sodium Myreth Sulfate, Cannabis Sativa Seed Oil, Cocamidopropyl Betaine, Acrylates\/C10-30 Alkyl Acrylate Crosspolymer,<br \/>\nTocopheryl Acetate, Phenoxyethanol, Benzyl Alcohol, Parfum, Sodium Chloride, Ethylhexylglycerin, Sodium Hydroxide, Peg-8, Tocopherol, Ascorbyl<br \/>\nPalmitate, Ascorbic Acid, Citric Acid, Benzyl Benzoate<\/p>\n<p><strong>Pojemno\u015b\u0107:<\/strong>\u00a0200 ml<\/p>\n","protected":false},"excerpt":{"rendered":"<p><img loading=\"lazy\" decoding=\"async\" class=\"alignnone size-full wp-image-44980\" src=\"https:\/\/htb.com.pl\/wp-content\/uploads\/2019\/06\/Tel-ma\u0142y.jpg\" alt=\"\" width=\"97\" height=\"100\" \/> (+48) 519652500<\/p>\n<h1><a href=\"https:\/\/www.indiacosmetics.pl\/p\/kremowy-zel-pod-prysznic-z-olejem-konopnym-200ml,272\">TU ZAMAWIAMY<\/a><\/h1>\n<p><strong>Koszyk to towar z wyprzeda\u017cy<\/strong><\/p>\n","protected":false},"featured_media":100280,"comment_status":"open","ping_status":"closed","template":"","meta":[],"class_list":{"0":"post-100279","1":"product","2":"type-product","3":"status-publish","4":"has-post-thumbnail","6":"product_cat-specyfiki-marysi","7":"product_tag-kremowy-zel-pod-prysznic-z-olejem-konopnym-200ml","9":"first","10":"instock","11":"taxable","12":"shipping-taxable","13":"purchasable","14":"product-type-simple"},"jetpack_sharing_enabled":true,"_links":{"self":[{"href":"https:\/\/htb.com.pl\/index.php?rest_route=\/wp\/v2\/product\/100279","targetHints":{"allow":["GET"]}}],"collection":[{"href":"https:\/\/htb.com.pl\/index.php?rest_route=\/wp\/v2\/product"}],"about":[{"href":"https:\/\/htb.com.pl\/index.php?rest_route=\/wp\/v2\/types\/product"}],"replies":[{"embeddable":true,"href":"https:\/\/htb.com.pl\/index.php?rest_route=%2Fwp%2Fv2%2Fcomments&post=100279"}],"wp:featuredmedia":[{"embeddable":true,"href":"https:\/\/htb.com.pl\/index.php?rest_route=\/wp\/v2\/media\/100280"}],"wp:attachment":[{"href":"https:\/\/htb.com.pl\/index.php?rest_route=%2Fwp%2Fv2%2Fmedia&parent=100279"}],"curies":[{"name":"wp","href":"https:\/\/api.w.org\/{rel}","templated":true}]}}