{"id":100282,"date":"2024-03-07T07:16:01","date_gmt":"2024-03-07T07:16:01","guid":{"rendered":"https:\/\/htb.com.pl\/?post_type=product&#038;p=100282"},"modified":"2024-03-07T07:16:01","modified_gmt":"2024-03-07T07:16:01","slug":"ochronny-krem-do-rak-z-olejem-konopnym-100-ml","status":"publish","type":"product","link":"https:\/\/htb.com.pl\/?product=ochronny-krem-do-rak-z-olejem-konopnym-100-ml","title":{"rendered":"Ochronny krem do r\u0105k z olejem konopnym, 100 ml"},"content":{"rendered":"<h1>KREM DO R\u0104K Z CBD &#8211; OCHRONNA WARSTWA DLA SK\u00d3RY<\/h1>\n<p><img loading=\"lazy\" decoding=\"async\" src=\"https:\/\/www.indiacosmetics.pl\/files\/SEO\/zdjecia%20skompre\/IMG_4693%20(1).jpg\" alt=\"konopny krem do rak\" width=\"320\" height=\"480\" \/><\/p>\n<p>Delikatna receptura kremu z olejem konopnym sprawia, \u017ce wch\u0142ania si\u0119 ona szybko, nie pozostawiaj\u0105c nieprzyjemnego uczucia lepko\u015bci, ani t\u0142ustych \u015blad\u00f3w.<br \/>\nKonopny krem do r\u0105k daje uczucie g\u0142\u0119bokiego nawil\u017cenia i \u015bwie\u017co\u015bci, utrzymuj\u0105c si\u0119 d\u0142ugo po zastosowaniu.<br \/>\nSpecjalnie dobrane sk\u0142adniki kremu maj\u0105 w\u0142a\u015bciwo\u015bci bakteriob\u00f3jcze, dzi\u0119ki czemu \u0142agodzi on podra\u017cnienia. Sk\u00f3ra po u\u017cyciu staje si\u0119 mi\u0119kka, g\u0142adka i jasna.<\/p>\n<h2>OLEJ KONOPNY W KREMIE DO R\u0104K<\/h2>\n<p>Dzi\u0119ki zawarto\u015bci oleju konopnego krem konopny tworzy ochronn\u0105 warstw\u0119 na sk\u00f3rze d\u0142oni, kt\u00f3ra chroni przed szkodliwym wp\u0142ywem czynnik\u00f3w zewn\u0119trznych, tj. ch\u0142odnego powietrze czy porywistego wiatru.<\/p>\n<h2>SK\u0141ADNIKI AKTYWNE KREMU KONOPNEGO<\/h2>\n<ul>\n<li>\n<ul>\n<li><strong>Olej konopny<\/strong><\/li>\n<\/ul>\n<\/li>\n<\/ul>\n<p>Nawil\u017ca, od\u017cywia i dzia\u0142a \u0142agodz\u0105co na podra\u017cnion\u0105 sk\u00f3r\u0119, przyspieszaj\u0105c jej regeneracj\u0119. Poprawia odporno\u015b\u0107 sk\u00f3ry na dzia\u0142anie czynnik\u00f3w zewn\u0119trznych \u2013 mrozu, wiatru i promieni s\u0142onecznych.<\/p>\n<ul>\n<li>\n<ul>\n<li><strong>Wosk pszczeli<\/strong><\/li>\n<\/ul>\n<\/li>\n<\/ul>\n<p>Nat\u0142uszcza, tworzy barier\u0119 ochronn\u0105, uelastycznia i wyg\u0142adza sk\u00f3r\u0119 d\u0142oni.<\/p>\n<ul>\n<li>\n<ul>\n<li><strong>Ekstrakt z sza\u0142wii<\/strong><\/li>\n<\/ul>\n<\/li>\n<\/ul>\n<p>Sza\u0142wia dzia\u0142a przeciwutleniaj\u0105co, chroni i od\u017cywia sk\u00f3r\u0119. Jednocze\u015bnie oczyszcza i ma w\u0142a\u015bciwo\u015bci przeciwzapalne.<\/p>\n<ul>\n<li>\n<ul>\n<li><strong>Ekstrakt z kory d\u0119bu<\/strong><\/li>\n<\/ul>\n<\/li>\n<\/ul>\n<p>Kora d\u0119bu ma dzia\u0142anie bakteriob\u00f3jcze, \u015bci\u0105gaj\u0105ce i oczyszczaj\u0105ce.<\/p>\n<ul>\n<li>\n<ul>\n<li><strong>Gliceryna<\/strong><\/li>\n<\/ul>\n<\/li>\n<\/ul>\n<p>Dodatkowo chroni nask\u00f3rek przed czynnikami zewn\u0119trznymi.<\/p>\n<h2>JAK STOSOWA\u0106 KREM DO R\u0104K?<\/h2>\n<ul>\n<li>\n<ul>\n<li>Wmasowa\u0107 niewielk\u0105 ilo\u015b\u0107 kremu w sk\u00f3r\u0119 d\u0142oni i paznokcie. U\u017cywa\u0107 w zale\u017cno\u015bci od potrzeb.<\/li>\n<\/ul>\n<\/li>\n<\/ul>\n<p>&nbsp;<\/p>\n<p>Ma\u0142y rozmiar kremu pozwala go zabiera\u0107 ze sob\u0105 niemal wsz\u0119dzie i niemal zawsze!<\/p>\n<p>*\u00a0<strong>THC<\/strong>&lt;0,2%<\/p>\n<p><strong>\u00a0 \u00a0 \u00a0 \u00a0 \u00a0 \u00a0<\/strong><strong>CBD\u00a0<\/strong>naturalnie wyst\u0119puje w konopi siewnej (Cannabis Sativa L).<\/p>\n<p><strong>Ingredients:<\/strong>\u00a0Aqua, Isopropyl Palmitate, Paraffinum Liquidum, Dimethicone, Cetearyl Alcohol, Caprylic\/Capric Triglyceride, Glycerin, Cannabis Sativa Seed Oil, Ceteareth-20, Propylene Glycol, Salvia Officinalis Extract, Quercus Petraea Bark Extract, Panthenol, Citric Acid, Tocopheryl Acetate, Cera Microcristallina, Hydrogenated Vegetable Oil, Cera Alba, Hydrogenated Palm Acid, Stearyl Stearate, Sodium Acrylates Copolymer, Carbomer, Methylparaben, Allantoin, Parfum, Propylparaben, Disodium EDTA, Sodium Hydroxide, 2-Bromo-2-Nitropropane-1,3-Diol, Citral, Isoeugenol, Geraniol, Linalool, Citronellol, Hexyl Cinnamal, Limonene<\/p>\n<p><strong>Pojemno\u015b\u0107:<\/strong>\u00a0100 ml<\/p>\n<p>&nbsp;<\/p>\n","protected":false},"excerpt":{"rendered":"<p><img loading=\"lazy\" decoding=\"async\" class=\"alignnone size-full wp-image-44980\" src=\"https:\/\/htb.com.pl\/wp-content\/uploads\/2019\/06\/Tel-ma\u0142y.jpg\" alt=\"\" width=\"97\" height=\"100\" \/> (+48) 519652500<\/p>\n<h1><a href=\"https:\/\/www.indiacosmetics.pl\/p\/ochronny-krem-do-rak-z-olejem-konopnym-100-ml,5\">TU ZAMAWIAMY<\/a><\/h1>\n<p><strong>Koszyk to towar z wyprzeda\u017cy<\/strong><\/p>\n","protected":false},"featured_media":100283,"comment_status":"open","ping_status":"closed","template":"","meta":[],"class_list":{"0":"post-100282","1":"product","2":"type-product","3":"status-publish","4":"has-post-thumbnail","6":"product_cat-specyfiki-marysi","7":"product_tag-100-ml","8":"product_tag-ochronny-krem-do-rak-z-olejem-konopnym","10":"first","11":"instock","12":"taxable","13":"shipping-taxable","14":"purchasable","15":"product-type-simple"},"jetpack_sharing_enabled":true,"_links":{"self":[{"href":"https:\/\/htb.com.pl\/index.php?rest_route=\/wp\/v2\/product\/100282","targetHints":{"allow":["GET"]}}],"collection":[{"href":"https:\/\/htb.com.pl\/index.php?rest_route=\/wp\/v2\/product"}],"about":[{"href":"https:\/\/htb.com.pl\/index.php?rest_route=\/wp\/v2\/types\/product"}],"replies":[{"embeddable":true,"href":"https:\/\/htb.com.pl\/index.php?rest_route=%2Fwp%2Fv2%2Fcomments&post=100282"}],"wp:featuredmedia":[{"embeddable":true,"href":"https:\/\/htb.com.pl\/index.php?rest_route=\/wp\/v2\/media\/100283"}],"wp:attachment":[{"href":"https:\/\/htb.com.pl\/index.php?rest_route=%2Fwp%2Fv2%2Fmedia&parent=100282"}],"curies":[{"name":"wp","href":"https:\/\/api.w.org\/{rel}","templated":true}]}}