{"id":100284,"date":"2024-03-07T07:22:12","date_gmt":"2024-03-07T07:22:12","guid":{"rendered":"https:\/\/htb.com.pl\/?post_type=product&#038;p=100284"},"modified":"2024-03-07T07:22:13","modified_gmt":"2024-03-07T07:22:13","slug":"ochronny-krem-do-stop-na-bazie-oleju-konopnego-75-ml","status":"publish","type":"product","link":"https:\/\/htb.com.pl\/?product=ochronny-krem-do-stop-na-bazie-oleju-konopnego-75-ml","title":{"rendered":"Ochronny Krem do St\u00f3p na bazie oleju konopnego, 75 ml"},"content":{"rendered":"<h1>KONOPNY KREM DO ST\u00d3P NA BAZIE OLEJU KONOPNEGO &#8211; OD\u017bYWCZA OCHRONA<\/h1>\n<p><img loading=\"lazy\" decoding=\"async\" src=\"https:\/\/www.indiacosmetics.pl\/files\/SEO\/zdjecia%20skompre\/IMG_0618.jpg\" alt=\"konopny krem do stop \" width=\"320\" height=\"480\" \/><\/p>\n<p>Delikatna receptura kremu konopnego szybko wnika g\u0142\u0119boko w nask\u00f3rek, regeneruj\u0105c sp\u0119kania i przesuszone partie sk\u00f3ry.<br \/>\nWa\u017cne jest, by regularnie piel\u0119gnowa\u0107 sk\u00f3r\u0119 st\u00f3p, poniewa\u017c nie posiada ona gruczo\u0142\u00f3w t\u0142uszczowych i nie wydziela samodzielnie sebum.<\/p>\n<p>Receptura naszego\u00a0<strong>kremu do st\u00f3p z olejem konopnym<\/strong>, dzi\u0119ki sk\u0142adnikom aktywnym gwarantuje przy regularnym stosowaniu trwa\u0142e uczucie mi\u0119kko\u015bci i g\u0142adko\u015bci st\u00f3p, jednocze\u015bnie g\u0142\u0119boko nawil\u017caj\u0105c sk\u00f3r\u0119.<\/p>\n<h2>SK\u0141ADNIKI AKTYWNE KREMU DO ST\u00d3P<\/h2>\n<ul>\n<li>\n<ul>\n<li><strong>Olej konopny<\/strong><\/li>\n<\/ul>\n<\/li>\n<\/ul>\n<p>Wnikaj\u0105c w g\u0142\u0105b sk\u00f3ry, od\u017cywia, nawil\u017ca i \u0142agodzi podra\u017cnienia. Przyspiesza regeneracj\u0119 sk\u00f3ry pop\u0119kanej (szczeg\u00f3lnie w miejscach najbardziej na to nara\u017conych \u2013 pi\u0119tach i palcach), przesuszonej, suchej, podra\u017cnionej.<\/p>\n<ul>\n<li>\n<ul>\n<li><strong>Alantoina<\/strong><\/li>\n<\/ul>\n<\/li>\n<\/ul>\n<p>Intensywnie nawil\u017ca, koi, ma w\u0142a\u015bciwo\u015bci \u015bci\u0105gaj\u0105ce i regeneruj\u0105ce.<\/p>\n<ul>\n<li>\n<ul>\n<li><strong>Mas\u0142o shea<\/strong><\/li>\n<\/ul>\n<\/li>\n<\/ul>\n<p>Tworzy barier\u0119 ochronn\u0105 chroni\u0105c\u0105 przed zimnem i mrozem, zmi\u0119kcza, regeneruje i przyspiesza gojenie drobnych ranek.<\/p>\n<ul>\n<li>\n<ul>\n<li><strong>Mocznik<\/strong><\/li>\n<\/ul>\n<\/li>\n<\/ul>\n<p>Intensywnie nawil\u017ca i zmi\u0119kcza, zwi\u0119kszaj\u0105c ilo\u015b\u0107 wody w warstwie rogowej nask\u00f3rka.<\/p>\n<h2>JAK STOSOWA\u0106 KREM DO ST\u00d3P?<\/h2>\n<p>Wmasowa\u0107 niewielk\u0105 ilo\u015b\u0107 kremu w sk\u00f3r\u0119 st\u00f3p i paznokcie. U\u017cywa\u0107 w zale\u017cno\u015bci od potrzeb.<\/p>\n<p><strong>Ingredients:<\/strong>\u00a0Aqua, Urea, Glycerin, Cetearyl Alcohol, Caprylic\/ Capric Triglyceride, Petrolatum, Isotearyl Isostearate, Butyrospermum Parkii Butter, Glyceryl Stearates, Cetyl Alcohol, Lanolin, Cannabis Sativa Seed Oil, Cetyl Stearate,<br \/>\nPotassium Cetyl Phosphate, Stearic Acid, Ceteareth-20, Triethanolamine, Cera Microcristallina, Hydrogenated Vegetable Oil, Cera Alba, Hydrogenated Palm Acid, Stearyl Stearate, Lactic Acid, Allantoin, Phenoxyethanol, Butylparaben,<br \/>\nMethylparaben, Propylparaben, Ethylparaben, Parfum, Sodium Acrylates Copolymer, Xanthan Gum, Disodium EDTA, BHT, Citral, Geraniol, Linalool, Citronellol, Hexyl Cinnamal, Limonene, Isoeugenol.<\/p>\n<p><strong>Pojemno\u015b\u0107:<\/strong>\u00a075 ml<\/p>\n<p>*\u00a0<strong>THC<\/strong>&lt;0,2%<\/p>\n<p><strong>\u00a0 \u00a0 \u00a0 \u00a0 \u00a0 \u00a0<\/strong><strong>CBD\u00a0<\/strong>naturalnie wyst\u0119puje w konopi siewnej (Cannabis Sativa L).<\/p>\n","protected":false},"excerpt":{"rendered":"<p><img loading=\"lazy\" decoding=\"async\" class=\"alignnone size-full wp-image-44980\" src=\"https:\/\/htb.com.pl\/wp-content\/uploads\/2019\/06\/Tel-ma\u0142y.jpg\" alt=\"\" width=\"97\" height=\"100\" \/> (+48) 519652500<\/p>\n<h1><a href=\"https:\/\/www.indiacosmetics.pl\/p\/ochronny-krem-do-stop-na-bazie-oleju-konopnego-75-ml,8\">TU ZAMAWIAMY<\/a><\/h1>\n<p><strong>Koszyk to towar z wyprzeda\u017cy<\/strong><\/p>\n","protected":false},"featured_media":100285,"comment_status":"open","ping_status":"closed","template":"","meta":[],"class_list":{"0":"post-100284","1":"product","2":"type-product","3":"status-publish","4":"has-post-thumbnail","6":"product_cat-specyfiki-marysi","7":"product_tag-75-ml","8":"product_tag-ochronny-krem-do-stop-na-bazie-oleju-konopnego","10":"first","11":"instock","12":"taxable","13":"shipping-taxable","14":"purchasable","15":"product-type-simple"},"jetpack_sharing_enabled":true,"_links":{"self":[{"href":"https:\/\/htb.com.pl\/index.php?rest_route=\/wp\/v2\/product\/100284","targetHints":{"allow":["GET"]}}],"collection":[{"href":"https:\/\/htb.com.pl\/index.php?rest_route=\/wp\/v2\/product"}],"about":[{"href":"https:\/\/htb.com.pl\/index.php?rest_route=\/wp\/v2\/types\/product"}],"replies":[{"embeddable":true,"href":"https:\/\/htb.com.pl\/index.php?rest_route=%2Fwp%2Fv2%2Fcomments&post=100284"}],"wp:featuredmedia":[{"embeddable":true,"href":"https:\/\/htb.com.pl\/index.php?rest_route=\/wp\/v2\/media\/100285"}],"wp:attachment":[{"href":"https:\/\/htb.com.pl\/index.php?rest_route=%2Fwp%2Fv2%2Fmedia&parent=100284"}],"curies":[{"name":"wp","href":"https:\/\/api.w.org\/{rel}","templated":true}]}}