{"id":100596,"date":"2024-03-13T14:57:28","date_gmt":"2024-03-13T14:57:28","guid":{"rendered":"https:\/\/htb.com.pl\/?post_type=product&#038;p=100596"},"modified":"2024-03-13T14:58:32","modified_gmt":"2024-03-13T14:58:32","slug":"maska-do-wlosow-z-olejem-konopnym-200-ml","status":"publish","type":"product","link":"https:\/\/htb.com.pl\/?product=maska-do-wlosow-z-olejem-konopnym-200-ml","title":{"rendered":"Maska do w\u0142os\u00f3w z olejem konopnym, 200 ml"},"content":{"rendered":"<h1>KONOPNA MASKA NA BAZIE OLEJU KONOPNEGO DO SUCHYCH I ZNISZCZONYCH W\u0141OS\u00d3W<\/h1>\n<h2><\/h2>\n<h2>JAK OLEJ KONOPNY DZIA\u0141A NA W\u0141OSY?<\/h2>\n<p><img loading=\"lazy\" decoding=\"async\" src=\"https:\/\/www.indiacosmetics.pl\/files\/SEO\/zdjecia%20skompre\/IMG_0350.jpg\" alt=\"maska do w\u0142os\u00f3w z olejem konopnym\" width=\"320\" height=\"480\" \/><\/p>\n<p>Olej konopny intensywnie od\u017cywia i gwarantuje intensywn\u0105 odbudow\u0119 struktury w\u0142osa od nasady, a\u017c po same ko\u0144ce. Zapewnia dostarczenie w\u0142osom sk\u0142adnik\u00f3w od\u017cywczych w odpowiednich proporcjach, przez co stosowanie regularnie kosmetyk\u00f3w z olejem konopnym zapobiega rozdwajaniu si\u0119 ko\u0144c\u00f3wek w\u0142os\u00f3w i przywraca im naturalny blask.<\/p>\n<h2>NA JAKIE W\u0141OSY STOSOWA\u0106 OLEJ KONOPNY?<\/h2>\n<p>Maska przeznaczona jest do w\u0142os\u00f3w wymagaj\u0105cych pilnej odnowy i nawil\u017cenia. Zawarte w masce sk\u0142adniki aktywne pozytywnie wp\u0142ywaj\u0105 na kondycj\u0119 w\u0142os\u00f3w. Olej konopny jest jedynym olejem naturalnym, charakteryzuj\u0105cym si\u0119 idealn\u0105 proporcj\u0105nie zb\u0119dnych, nienasyconych kwas\u00f3w t\u0142uszczowych &#8211; zawiera witaminy, fitosterole, fosfolipidy i minera\u0142y.<\/p>\n<p>Maska z olejem konopnym od\u017cywia w\u0142osy oraz sprawia, \u017ce s\u0105 one b\u0142yszcz\u0105ce i \u0142atwiejsze w rozczesywaniu. Nawil\u017ca w\u0142osy, poprawia elastyczno\u015b\u0107 oraz zmniejsza tendencj\u0119 do rozdwajania si\u0119 ko\u0144c\u00f3wek.<\/p>\n<h2>JAK STOSOWA\u0106 MASK\u0118 KONOPN\u0104 DO W\u0141OS\u00d3W?<\/h2>\n<p>Nak\u0142ada\u0107 na umyte w\u0142osy, wmasowa\u0107 w ca\u0142\u0105 powierzchni\u0119 sk\u00f3ry g\u0142owy i w\u0142os\u00f3w; Pozostawi\u0107 1-3 minuty, sp\u0142uka\u0107 obficie. Stosowa\u0107 2-3 razy w tygodniu.<\/p>\n<p>Dla lepszego efektu nale\u017cy stosowa\u0107 z szamponem konopnym do w\u0142os\u00f3w z serii INDIA.<\/p>\n<p>Mo\u017cna stosowa\u0107 z\u00a0<a title=\"olej konopny do cia\u0142a\" href=\"https:\/\/www.indiacosmetics.pl\/p\/olej-konopny-do-ciala-wlosow-i-paznokci-50-ml,303\">olejem konopnym do cia\u0142a, w\u0142os\u00f3w i paznokci.<\/a><\/p>\n<p>*\u00a0<strong>THC<\/strong>&lt;0,2%<\/p>\n<p><strong>\u00a0 \u00a0 \u00a0 \u00a0 \u00a0 \u00a0<\/strong><strong>CBD\u00a0<\/strong>naturalnie wyst\u0119puje w konopi siewnej (Cannabis Sativa L).<\/p>\n<p><strong>Ingredients:<\/strong>\u00a0Aqua, Cetearyl Alcohol, Phenyl Trimethicone, Dipalmitoylethyl Hydroxyethylmonium Methosulfate, Glyceryl Stearate Se, Bis-Diglyceryl Polyacyladipate-2, Cannabis Sativa Seed Oil, Ceteareth-20, Parfum, Phenoxyethanol, Bis-Cetearyl Amodimethicone, Dmdm Hydantoin, Panthenol, Disodium Edta, Ethylhexylglycerin, Bht, Lactic Acid, Cetrimonium Chloride, Ceteareth-7, Linalool, Ceteareth-25, Caprylyl Glycol, Citric Acid, Glycolic Acid<\/p>\n<p><strong>Pojemno\u015b\u0107:<\/strong>\u00a0200 ml<\/p>\n<p>&nbsp;<\/p>\n","protected":false},"excerpt":{"rendered":"<p><img loading=\"lazy\" decoding=\"async\" class=\"alignnone size-full wp-image-44980\" src=\"https:\/\/htb.com.pl\/wp-content\/uploads\/2019\/06\/Tel-ma\u0142y.jpg\" alt=\"\" width=\"97\" height=\"100\" \/> (+48) 519652500<\/p>\n<h1><a href=\"https:\/\/www.indiacosmetics.pl\/p\/maska-do-wlosow-z-olejem-konopnym-200-ml,23\">TU ZAMAWIAMY<\/a><\/h1>\n<p><strong>Koszyk to towar z wyprzeda\u017cy<\/strong><\/p>\n","protected":false},"featured_media":100597,"comment_status":"open","ping_status":"closed","template":"","meta":[],"class_list":{"0":"post-100596","1":"product","2":"type-product","3":"status-publish","4":"has-post-thumbnail","6":"product_cat-specyfiki-marysi","7":"product_tag-200-ml","8":"product_tag-maska-do-wlosow-z-olejem-konopnym","10":"first","11":"instock","12":"taxable","13":"shipping-taxable","14":"purchasable","15":"product-type-simple"},"jetpack_sharing_enabled":true,"_links":{"self":[{"href":"https:\/\/htb.com.pl\/index.php?rest_route=\/wp\/v2\/product\/100596","targetHints":{"allow":["GET"]}}],"collection":[{"href":"https:\/\/htb.com.pl\/index.php?rest_route=\/wp\/v2\/product"}],"about":[{"href":"https:\/\/htb.com.pl\/index.php?rest_route=\/wp\/v2\/types\/product"}],"replies":[{"embeddable":true,"href":"https:\/\/htb.com.pl\/index.php?rest_route=%2Fwp%2Fv2%2Fcomments&post=100596"}],"wp:featuredmedia":[{"embeddable":true,"href":"https:\/\/htb.com.pl\/index.php?rest_route=\/wp\/v2\/media\/100597"}],"wp:attachment":[{"href":"https:\/\/htb.com.pl\/index.php?rest_route=%2Fwp%2Fv2%2Fmedia&parent=100596"}],"curies":[{"name":"wp","href":"https:\/\/api.w.org\/{rel}","templated":true}]}}