{"id":104735,"date":"2024-06-05T10:48:28","date_gmt":"2024-06-05T10:48:28","guid":{"rendered":"https:\/\/htb.com.pl\/?post_type=product&#038;p=104735"},"modified":"2024-06-05T10:49:55","modified_gmt":"2024-06-05T10:49:55","slug":"kolko-do-okleoniarki","status":"publish","type":"product","link":"https:\/\/htb.com.pl\/?product=kolko-do-okleoniarki","title":{"rendered":"K\u00f3\u0142ko do okleoniarki"},"content":{"rendered":"<p>Do D\u0119blina<\/p>\n","protected":false},"excerpt":{"rendered":"<p>Do D\u0119blina<\/p>\n","protected":false},"featured_media":104734,"comment_status":"open","ping_status":"closed","template":"","meta":[],"class_list":{"0":"post-104735","1":"product","2":"type-product","3":"status-publish","4":"has-post-thumbnail","6":"product_cat-sprzedam","7":"product_tag-kolko","9":"first","10":"instock","11":"taxable","12":"shipping-taxable","13":"product-type-simple"},"jetpack_sharing_enabled":true,"_links":{"self":[{"href":"https:\/\/htb.com.pl\/index.php?rest_route=\/wp\/v2\/product\/104735","targetHints":{"allow":["GET"]}}],"collection":[{"href":"https:\/\/htb.com.pl\/index.php?rest_route=\/wp\/v2\/product"}],"about":[{"href":"https:\/\/htb.com.pl\/index.php?rest_route=\/wp\/v2\/types\/product"}],"replies":[{"embeddable":true,"href":"https:\/\/htb.com.pl\/index.php?rest_route=%2Fwp%2Fv2%2Fcomments&post=104735"}],"wp:featuredmedia":[{"embeddable":true,"href":"https:\/\/htb.com.pl\/index.php?rest_route=\/wp\/v2\/media\/104734"}],"wp:attachment":[{"href":"https:\/\/htb.com.pl\/index.php?rest_route=%2Fwp%2Fv2%2Fmedia&parent=104735"}],"curies":[{"name":"wp","href":"https:\/\/api.w.org\/{rel}","templated":true}]}}