{"id":1056,"date":"2018-07-12T05:45:16","date_gmt":"2018-07-12T05:45:16","guid":{"rendered":"https:\/\/htb.com.pl\/?post_type=product&#038;p=1056"},"modified":"2022-04-03T06:28:41","modified_gmt":"2022-04-03T06:28:41","slug":"konstytucja-rzeczypospolitej-polskiej-2018","status":"publish","type":"product","link":"https:\/\/htb.com.pl\/?product=konstytucja-rzeczypospolitej-polskiej-2018","title":{"rendered":"Konstytucja Rzeczypospolitej Polskiej 2018"},"content":{"rendered":"<p>&nbsp;<\/p>\n<table cellspacing=\"0\" cellpadding=\"0\">\n<tbody>\n<tr>\n<td><\/td>\n<td align=\"right\" nowrap=\"nowrap\" width=\"60\"><\/td>\n<\/tr>\n<tr>\n<td colspan=\"2\" height=\"5\"><\/td>\n<\/tr>\n<tr>\n<td colspan=\"2\" valign=\"top\">\n<table border=\"0\" width=\"100%\" cellspacing=\"0\" cellpadding=\"0\">\n<tbody>\n<tr>\n<td>\n<div align=\"justify\">Wydanie zawiera tekst Konstytucji Rzeczypospolitej Polskiej z 1997 roku ? z uwzgl\u0119dnieniem p\u00f3\u017aniejszych zmian (stan prawny na dzie\u0144 9 marca 2018 roku).<\/div>\n<\/td>\n<\/tr>\n<\/tbody>\n<\/table>\n<\/td>\n<\/tr>\n<\/tbody>\n<\/table>\n","protected":false},"excerpt":{"rendered":"<table cellspacing=\"0\" cellpadding=\"0\">\n<tbody>\n<tr>\n<td>\n<table border=\"0\" cellspacing=\"0\" cellpadding=\"0\">\n<tbody>\n<tr>\n<td>Konstytucja Rzeczypospolitej Polskiej 2018<\/td>\n<\/tr>\n<\/tbody>\n<\/table>\n<\/td>\n<td align=\"right\" nowrap=\"nowrap\" width=\"60\"><\/td>\n<\/tr>\n<tr>\n<td colspan=\"2\" height=\"5\"><\/td>\n<\/tr>\n<tr>\n<td colspan=\"2\" valign=\"top\">\n<table border=\"0\" width=\"100%\" cellspacing=\"0\" cellpadding=\"0\">\n<tbody>\n<tr>\n<td>\n<table border=\"0\" width=\"100%\" cellspacing=\"0\" cellpadding=\"0\">\n<tbody>\n<tr>\n<td align=\"left\">\n<div>, oprawa: <b>mi\u0119kka<\/b><\/div>\n<\/td>\n<\/tr>\n<\/tbody>\n<\/table>\n<\/td>\n<\/tr>\n<\/tbody>\n<\/table>\n<\/td>\n<\/tr>\n<\/tbody>\n<\/table>\n","protected":false},"featured_media":65358,"comment_status":"open","ping_status":"closed","template":"","meta":[],"class_list":{"0":"post-1056","1":"product","2":"type-product","3":"status-publish","4":"has-post-thumbnail","6":"product_cat-ksiazki","7":"product_tag-konstytucja-rzeczypospolitej-polskiej-2018","9":"first","10":"instock","11":"sale","12":"taxable","13":"shipping-taxable","14":"purchasable","15":"product-type-simple"},"jetpack_sharing_enabled":true,"_links":{"self":[{"href":"https:\/\/htb.com.pl\/index.php?rest_route=\/wp\/v2\/product\/1056","targetHints":{"allow":["GET"]}}],"collection":[{"href":"https:\/\/htb.com.pl\/index.php?rest_route=\/wp\/v2\/product"}],"about":[{"href":"https:\/\/htb.com.pl\/index.php?rest_route=\/wp\/v2\/types\/product"}],"replies":[{"embeddable":true,"href":"https:\/\/htb.com.pl\/index.php?rest_route=%2Fwp%2Fv2%2Fcomments&post=1056"}],"wp:featuredmedia":[{"embeddable":true,"href":"https:\/\/htb.com.pl\/index.php?rest_route=\/wp\/v2\/media\/65358"}],"wp:attachment":[{"href":"https:\/\/htb.com.pl\/index.php?rest_route=%2Fwp%2Fv2%2Fmedia&parent=1056"}],"curies":[{"name":"wp","href":"https:\/\/api.w.org\/{rel}","templated":true}]}}