{"id":108312,"date":"2024-08-15T09:40:48","date_gmt":"2024-08-15T09:40:48","guid":{"rendered":"https:\/\/htb.com.pl\/?post_type=product&#038;p=108312"},"modified":"2024-08-15T09:47:32","modified_gmt":"2024-08-15T09:47:32","slug":"olejek-cbd-5-ekstrakt-10-ml-cbd-cbc-cbg-cbdv","status":"publish","type":"product","link":"https:\/\/htb.com.pl\/?product=olejek-cbd-5-ekstrakt-10-ml-cbd-cbc-cbg-cbdv","title":{"rendered":"Olejek CBD 5% (ekstrakt), 10 ml | CBD | CBC | CBG | CBDV |"},"content":{"rendered":"<p><a href=\"https:\/\/www.indiacosmetics.pl\/p\/olejek-cbd-5-ekstrakt-10-ml-cbd-cbc-cbg-cbdv,497\">TU ZAMAWIAMY<\/a><\/p>\n<h2><strong>EKSTRAKT Z KONOPI SIEWNYCH, CBD 5%<\/strong><\/h2>\n<p><strong>Sk\u0142adniki:<\/strong>\u00a0Olej konopny, kannabidiol\u00a0<strong>(CBD, CBC, CBG, CBDV)<\/strong><\/p>\n<p><strong>Obj\u0119to\u015b\u0107:<\/strong>\u00a010 ml*<\/p>\n<p>Wyr\u00f3b nie jest lekiem.<\/p>\n<p>*\u00a0zawarto\u015b\u0107 THC&lt;0,2%<\/p>\n<p>CBD\u00a0naturalnie wyst\u0119puje w konopi siewnej (Cannabis Sativa L).<\/p>\n<h2><strong>Olej CBD cena:<\/strong><\/h2>\n<p>W naszej ofercie znajdziesz oleje o r\u00f3\u017cnym st\u0119\u017ceniu CBD:<br \/>\n<strong>&#8211; 5% CBD olejek konopny<\/strong>\u00a0cena \u2013 54,99 z\u0142<\/p>\n<p><a href=\"https:\/\/www.indiacosmetics.pl\/p\/olejek-cbd-10-ekstrakt-10-ml-cbd-cbc-cbg-cbdv,498\" target=\"_blank\" rel=\"noopener\"><strong>&#8211; 10% CBD olejek konopny<\/strong><\/a>\u00a0cena \u2013 84,99 z\u0142<\/p>\n<p><a href=\"https:\/\/www.indiacosmetics.pl\/p\/olejek-cbd-20-ekstrakt-10-ml-cbd-cbc-cbg-cbdv,499\" target=\"_blank\" rel=\"noopener\"><strong>&#8211; 20% CBD\u00a0olejek konopny<\/strong><\/a>\u00a0cena \u2013 124,99 z\u0142<\/p>\n<p><a href=\"https:\/\/www.indiacosmetics.pl\/p\/olejek-cbd-30-ekstrakt-10-ml-cbd-cbc-cbg-cbdv,500\" target=\"_blank\" rel=\"noopener\">&#8211;<strong>\u00a030% CBD olejek konopny<\/strong><\/a>\u00a0cena \u2013 164,99 z\u0142<\/p>\n<p><strong>Olej konopny przechowywanie:<\/strong>\u00a0Olejek nale\u017cy przechowywa\u0107 w suchym i ch\u0142odnym miejscu, w temperaturze poni\u017cej 25\u00b0C. Zaleca si\u0119 przechowywanie w lod\u00f3wce.<\/p>\n<h2><strong>Jak powstaje nasz olejek CBD?<\/strong><\/h2>\n<p>By powsta\u0142 najlepszy olejek konopny CBD nale\u017cy zacz\u0105\u0107 od wybrania\u00a0<strong>odpowiedniej ro\u015bliny<\/strong>. Proces zaczyna si\u0119 nawet wcze\u015bniej!\u00a0<strong>Wa\u017cne jest ka\u017cde nasiono<\/strong>\u00a0konopi i jego jako\u015b\u0107 (konopia polska). Nasz susz musi spe\u0142nia\u0107 nie tylko wymogi prawne (minimalne st\u0119\u017cenie THC), ale r\u00f3wnie\u017c wewn\u0119trzne standardy INDIA COSMETICS. Konopie siewne u\u017cywane do naszych produkt\u00f3w s\u0105 w pe\u0142ni\u00a0<strong>naturalne, zdrowe i wolne od zanieczyszcze\u0144.<\/strong><\/p>\n<p>Kiedy nasz sklep z konopiami ju\u017c wybierze odpowiedni susz konopi: kwiatostany, \u0142odygi, li\u015bcie konopii i nasiona konopi \u0142uskane mo\u017cemy przyst\u0105pi\u0107 do\u00a0<strong>alkoholowej ekstrakcji CBD<\/strong>. Jest to jedna z najlepszych metod, pozwalaj\u0105ca uzyska\u0107\u00a0<strong>wysokiej jako\u015bci naturalny produkt.\u00a0<\/strong><\/p>\n<p>W ten spos\u00f3b otrzymujemy niezwykle\u00a0<strong>mocno st\u0119\u017cony olej z konopi z CBD<\/strong>. Nie mo\u017cemy jednak stosowa\u0107 go w takich st\u0119\u017ceniach, dlatego kolejnym krokiem jest rozci\u0119czanie. By zapewni\u0107 pe\u0142ne bezpiecze\u0144stwo oraz poprawi\u0107 wch\u0142anianie przez sk\u00f3r\u0119 &#8211; olej z konopii cbd jest rozcie\u0144czony klasycznym olejem konopnym, tak by uzyska\u0107 odpowiednie st\u0119\u017cenie.<strong>\u00a0W ofercie mamy cbd olejek w st\u0119\u017ceniach 5%,\u00a0<a href=\"https:\/\/www.indiacosmetics.pl\/p\/olejek-cbd-10-ekstrakt-10-ml-cbd-cbc-cbg-cbdv,498\" target=\"_blank\" rel=\"noopener\">10%<\/a>,\u00a0<a href=\"https:\/\/www.indiacosmetics.pl\/p\/olejek-cbd-20-ekstrakt-10-ml-cbd-cbc-cbg-cbdv,499\" target=\"_blank\" rel=\"noopener\">20%<\/a>\u00a0lub\u00a0<a href=\"https:\/\/www.indiacosmetics.pl\/p\/olejek-cbd-30-ekstrakt-10-ml-cbd-cbc-cbg-cbdv,500\" target=\"_blank\" rel=\"noopener\">30%<\/a><\/strong>.<\/p>\n<p>Na koniec\u00a0<strong>ka\u017cda partia podlega kontroli<\/strong>\u00a0i wtedy mo\u017ce trafi\u0107 do Waszych r\u0105k!<\/p>\n<h2><strong>Czym jest olejek konopny CBD?<\/strong><\/h2>\n<p>Konopia siewna zawiera kilka wa\u017cnych element\u00f3w, ale jednym z najcenniejszych jest kannabinoid CBD. Jest to jeden z organicznych zwi\u0105zk\u00f3w z grupy kannabinoid\u00f3w wyst\u0119puj\u0105cy w konopiach.<\/p>\n<h2><strong>Co to jest CBC?<\/strong><\/h2>\n<p>Konopia przemys\u0142owa charakteryzuje si\u0119 zawarto\u015bci\u0105 zwi\u0105zku z tej samej grupy co CBD, czyli CBC. Ten zwi\u0105zek chemiczny mo\u017ce dzia\u0142a\u0107 przeciwwirusowo i przeciwgrzybicznie. Doskonale uzupe\u0142nia dzia\u0142anie CEBEDE.<\/p>\n<h2><strong>Jakie dzia\u0142anie ma CBG?<\/strong><\/h2>\n<p>Konopie siewne zastosowanie znajduj\u0105 r\u00f3wnie\u017c w obszarze kosmetyki. CBG, czyli kannabigerol\u00a0mo\u017ce redukowa\u0107 zaczerwienienia i p\u0119kni\u0119cia.<\/p>\n<h2><strong>Co to jest CBDV?<\/strong><\/h2>\n<p>Ziele konopi okazuje si\u0119 nie\u015b\u0107 za sob\u0105 r\u00f3wnie\u017c ciekawe dzia\u0142anie kannabidiwarinu (CBDV). Zwi\u0105zek ten dzi\u0119ki w\u0142a\u015bciwo\u015bciom przeciwzapalnym i przeciwutleniaj\u0105cym mo\u017ce wspiera\u0107 leczenie tr\u0105dziku, niwelowa\u0107 zaczerwienienie i sw\u0119dzenie podra\u017cnionej sk\u00f3ry.<\/p>\n<h2><strong>Dlaczego warto spr\u00f3bowa\u0107?<\/strong><\/h2>\n<p>Pytanie powinno brzmie\u0107 raczej: dlaczego nie? Ziarna konopi w\u0142a\u015bciwo\u015bci posiadaj\u0105 ogrom, a dzi\u0119ki temu, \u017ce nasze olejki s\u0105 w pe\u0142ni naturalne (nie stawiamy na syntetyczne kannabinoidy) ju\u017c po kilku dniach jeste\u015b w stanie dostrzec pozytywne efekty.\u00a0<strong>Produkty INDIA COSMETICS s\u0105 nadzorowane i w pe\u0142ni bezpieczne \u2013 to dla nas najwa\u017cniejsze.<\/strong><\/p>\n<h2><strong>Jak wybra\u0107 dobry olejek CBD?<\/strong><\/h2>\n<p>Gdy zaczynasz przygod\u0119 z CBD zapewne pierwsze, co robisz to wpisanie w przegl\u0105darce:\u00a0<em>olejek cbd sklep<\/em>, czy<em>\u00a0olej konopny gdzie kupi\u0107.\u00a0<\/em>I zaczynaj\u0105 si\u0119 dylematy! Co wybra\u0107, dlaczego ceny s\u0105 r\u00f3\u017cne, kt\u00f3ry olej b\u0119dzie najlepszy? Doskonale to rozumiemy i podpowiemy Ci kilka wa\u017cnych rzeczy.<\/p>\n<ol>\n<li>Konopie siewne a indyjskie \u2013 je\u015bli szukasz samego CBD, to zdecydowanie\u00a0<strong>konopie siewne<\/strong>\u00a0s\u0105 dla Ciebie.<\/li>\n<li>Sprawdzony sklep, kt\u00f3ry oferuje olejek konopny CBD \u2013 wybieraj te firmy, kt\u00f3re s\u0105 na rynku d\u0142u\u017cej i badaj\u0105 swoje produkty, by mie\u0107 pewno\u015b\u0107, \u017ce Tw\u00f3j olej\u00a0<strong>faktycznie zawiera CBD.<\/strong><\/li>\n<li>Wysoka jako\u015b\u0107 musi kosztowa\u0107! Nasze konopie s\u0105\u00a0<strong>wolne od chemikali\u00f3w, metali ci\u0119\u017ckich, toksyn, grzyb\u00f3w i ple\u015bni<\/strong>. Wiele kwiat\u00f3w i li\u015bci konopi odrzucamy z produkcji, dlatego produkt ko\u0144cowy jest dro\u017cszy.<\/li>\n<\/ol>\n","protected":false},"excerpt":{"rendered":"<p>TU ZAMAWIAMY EKSTRAKT Z KONOPI SIEWNYCH, CBD 5% Sk\u0142adniki:\u00a0Olej konopny, kannabidiol\u00a0(CBD, CBC, CBG, CBDV) Obj\u0119to\u015b\u0107:\u00a010 ml* Wyr\u00f3b nie jest lekiem. *\u00a0zawarto\u015b\u0107 THC&lt;0,2% CBD\u00a0naturalnie wyst\u0119puje w konopi siewnej (Cannabis Sativa L). Olej CBD cena: W naszej ofercie znajdziesz oleje o r\u00f3\u017cnym st\u0119\u017ceniu CBD: &#8211; 5% CBD olejek konopny\u00a0cena \u2013 54,99 z\u0142 &#8211; 10% CBD olejek konopny\u00a0cena [&hellip;]<\/p>\n","protected":false},"featured_media":108313,"comment_status":"open","ping_status":"closed","template":"","meta":[],"class_list":{"0":"post-108312","1":"product","2":"type-product","3":"status-publish","4":"has-post-thumbnail","6":"product_cat-specyfiki-marysi","8":"first","9":"instock","10":"taxable","11":"shipping-taxable","12":"product-type-simple"},"jetpack_sharing_enabled":true,"_links":{"self":[{"href":"https:\/\/htb.com.pl\/index.php?rest_route=\/wp\/v2\/product\/108312","targetHints":{"allow":["GET"]}}],"collection":[{"href":"https:\/\/htb.com.pl\/index.php?rest_route=\/wp\/v2\/product"}],"about":[{"href":"https:\/\/htb.com.pl\/index.php?rest_route=\/wp\/v2\/types\/product"}],"replies":[{"embeddable":true,"href":"https:\/\/htb.com.pl\/index.php?rest_route=%2Fwp%2Fv2%2Fcomments&post=108312"}],"wp:featuredmedia":[{"embeddable":true,"href":"https:\/\/htb.com.pl\/index.php?rest_route=\/wp\/v2\/media\/108313"}],"wp:attachment":[{"href":"https:\/\/htb.com.pl\/index.php?rest_route=%2Fwp%2Fv2%2Fmedia&parent=108312"}],"curies":[{"name":"wp","href":"https:\/\/api.w.org\/{rel}","templated":true}]}}