{"id":115152,"date":"2025-01-06T15:33:33","date_gmt":"2025-01-06T15:33:33","guid":{"rendered":"https:\/\/htb.com.pl\/?post_type=product&#038;p=115152"},"modified":"2025-01-06T15:37:28","modified_gmt":"2025-01-06T15:37:28","slug":"balsam-do-skory-przeciw-odlezynom","status":"publish","type":"product","link":"https:\/\/htb.com.pl\/?product=balsam-do-skory-przeciw-odlezynom","title":{"rendered":"BALSAM DO SK\u00d3RY PRZECIW ODLE\u017bYNOM"},"content":{"rendered":"<p><img loading=\"lazy\" decoding=\"async\" class=\"alignnone size-full wp-image-44980\" src=\"https:\/\/htb.com.pl\/wp-content\/uploads\/2019\/06\/Tel-ma\u0142y.jpg\" alt=\"\" width=\"97\" height=\"100\" \/> (+48) 519652500<\/p>\n<p><strong><a href=\"https:\/\/www.indiacosmetics.pl\/p\/balsam-q-500-ml,17\">TU ZAMAWIAMY<\/a><\/strong><\/p>\n<p>Dzi\u0119ki odpowiednio dobranym sk\u0142adnikom aktywnym, balsam zapobiega tworzeniu si\u0119 odle\u017cyn i odparze\u0144. Balsam Q regeneruje i nawil\u017ca delikatn\u0105 powierzchni\u0119 sk\u00f3ry.<\/p>\n<p>Lekka receptura balsamu do piel\u0119gnacji delikatnej sk\u00f3ry szybko si\u0119 wch\u0142ania, nie pozostawiaj\u0105c t\u0142ustych \u015blad\u00f3w.<\/p>\n<p>&nbsp;<\/p>\n<p><strong>Nasz balsam nie zawiera BHT!\u00a0<\/strong><\/p>\n<h2><img loading=\"lazy\" decoding=\"async\" src=\"https:\/\/www.indiacosmetics.pl\/files\/SEO\/nowe%20ikonki%20seo%20minima_Obszar%20roboczy%201%20kopia%205.png\" alt=\"balsam na podrazniona skore\" width=\"40\" height=\"34\" \/>BALSAM DO SK\u00d3RY PRZECIW ODLE\u017bYNOM<\/h2>\n<ul>\n<li>\n<ul>\n<li>piel\u0119gnuje sk\u00f3r\u0119 nara\u017con\u0105 na odle\u017cyny i podra\u017cnienia,<\/li>\n<li>zapobiega powstawaniu odle\u017cyn,<\/li>\n<li>przyspiesza regeneracj\u0119 podra\u017cnionej sk\u00f3ry,<\/li>\n<li>sk\u0142adniki aktywne wykazuj\u0105 dzia\u0142anie przeciwbakteryjne,<\/li>\n<li>utrzymuje prawid\u0142ow\u0105 wilgotno\u015b\u0107 sk\u00f3ry,<\/li>\n<li>odpowiednio dobrana receptura,<\/li>\n<li>poprawia komfort chorych.<\/li>\n<\/ul>\n<\/li>\n<\/ul>\n<h3>SK\u0141ADNIKI AKTYWNE BALSAMU NA ODPARZENIA I PODRA\u017bNIENIA<\/h3>\n<p>Olejek z drzewa herbacianego\u00a0zawarty w kremie ochronnym, wykazuje dzia\u0142anie przeciwbakteryjne, przeciwwirusowe i dezynfekuj\u0105ce.<\/p>\n<p>Naturalny\u00a0olejek eteryczny z lawendy\u00a0kt\u00f3rego wyrazisty, zio\u0142owy zapach poprawia samopoczucie i komfort.<\/p>\n<h2>JAK STOSOWA\u0106 BALSAM PRZECIW ODLE\u017bYNOM?<\/h2>\n<p>Balsam nale\u017cy rozprowadzi\u0107 na powierzchni sk\u00f3ry i wmasowa\u0107. Nast\u0119pnie, po wch\u0142oni\u0119ciu si\u0119 balsamu nale\u017cy r\u0119k\u0105 u\u0142o\u017con\u0105 w daszek oklepa\u0107 dane miejsce. Dzi\u0119ki temu zabiegowi balsam wnika w sk\u00f3r\u0119, co powoduje uczucie \u015bwie\u017co\u015bci i odpr\u0119\u017cenia.<\/p>\n<p>Stosowa\u0107 codziennie rano i wieczorem lub wed\u0142ug potrzeby.<\/p>\n<p>&nbsp;<\/p>\n<p>Mo\u017cna stosowa\u0107 tak\u017ce do \u0142agodzenia podra\u017cnie\u0144 powsta\u0142ych w wyniku zabieg\u00f3w kosmetycznych tj. depilacji, golenia.<\/p>\n<p><strong>Ingredients:<\/strong>\u00a0Aqua, Izopropyl, Myristate, Paraffinum Liquidum, Glycerin, Glyceryl Strearate, Benzyl, Alcohol, Dehydroacetil Acid, Cetearyl, Alcohol, Ceteareth-20, Melaleuca Alternifolia Leaf Oil, Carbomer, Lavandula Angustifolia Oil, Triethanolamine, Limonene, Linalol.<\/p>\n<p>Pojemno\u015b\u0107: 500 ml<\/p>\n<p>&nbsp;<\/p>\n","protected":false},"excerpt":{"rendered":"<p>(+48) 519652500 TU ZAMAWIAMY Dzi\u0119ki odpowiednio dobranym sk\u0142adnikom aktywnym, balsam zapobiega tworzeniu si\u0119 odle\u017cyn i odparze\u0144. Balsam Q regeneruje i nawil\u017ca delikatn\u0105 powierzchni\u0119 sk\u00f3ry. Lekka receptura balsamu do piel\u0119gnacji delikatnej sk\u00f3ry szybko si\u0119 wch\u0142ania, nie pozostawiaj\u0105c t\u0142ustych \u015blad\u00f3w. &nbsp; Nasz balsam nie zawiera BHT!\u00a0 BALSAM DO SK\u00d3RY PRZECIW ODLE\u017bYNOM piel\u0119gnuje sk\u00f3r\u0119 nara\u017con\u0105 na odle\u017cyny i [&hellip;]<\/p>\n","protected":false},"featured_media":115153,"comment_status":"open","ping_status":"closed","template":"","meta":[],"class_list":{"0":"post-115152","1":"product","2":"type-product","3":"status-publish","4":"has-post-thumbnail","6":"product_cat-specyfiki-marysi","8":"first","9":"instock","10":"taxable","11":"shipping-taxable","12":"product-type-simple"},"jetpack_sharing_enabled":true,"_links":{"self":[{"href":"https:\/\/htb.com.pl\/index.php?rest_route=\/wp\/v2\/product\/115152","targetHints":{"allow":["GET"]}}],"collection":[{"href":"https:\/\/htb.com.pl\/index.php?rest_route=\/wp\/v2\/product"}],"about":[{"href":"https:\/\/htb.com.pl\/index.php?rest_route=\/wp\/v2\/types\/product"}],"replies":[{"embeddable":true,"href":"https:\/\/htb.com.pl\/index.php?rest_route=%2Fwp%2Fv2%2Fcomments&post=115152"}],"wp:featuredmedia":[{"embeddable":true,"href":"https:\/\/htb.com.pl\/index.php?rest_route=\/wp\/v2\/media\/115153"}],"wp:attachment":[{"href":"https:\/\/htb.com.pl\/index.php?rest_route=%2Fwp%2Fv2%2Fmedia&parent=115152"}],"curies":[{"name":"wp","href":"https:\/\/api.w.org\/{rel}","templated":true}]}}