{"id":117328,"date":"2025-02-21T16:00:42","date_gmt":"2025-02-21T16:00:42","guid":{"rendered":"https:\/\/htb.com.pl\/?post_type=product&#038;p=117328"},"modified":"2025-02-21T16:03:10","modified_gmt":"2025-02-21T16:03:10","slug":"perfumy-damskie-z-nuta-konopi-45-ml","status":"publish","type":"product","link":"https:\/\/htb.com.pl\/?product=perfumy-damskie-z-nuta-konopi-45-ml","title":{"rendered":"Perfumy damskie z nut\u0105 konopi, 45 ml"},"content":{"rendered":"<p><img loading=\"lazy\" decoding=\"async\" class=\"alignnone size-full wp-image-44980\" src=\"https:\/\/htb.com.pl\/wp-content\/uploads\/2019\/06\/Tel-ma\u0142y.jpg\" alt=\"\" width=\"97\" height=\"100\" \/> (+48) 519652500<\/p>\n<p><strong><a href=\"https:\/\/www.indiacosmetics.pl\/p\/perfumy-damskie-z-nuta-konopi-45-ml,40\">TU ZAMAWIAMY<\/a><\/strong><\/p>\n<h1>Damskie perfumy konopne<\/h1>\n<h2><img loading=\"lazy\" decoding=\"async\" src=\"https:\/\/www.indiacosmetics.pl\/files\/SEO\/zdjecia%20skompre\/IMG_0670.jpg\" alt=\"perfumy o zapachu marihuany\" width=\"320\" height=\"480\" \/><\/h2>\n<h2>Oryginalne i d\u0142ugotrwa\u0142e zapachy z nut\u0105 konopi dla kobiet<\/h2>\n<p>Damskie perfumy z linii INDIA wyr\u00f3\u017cnia wyj\u0105tkowy, kobiecy, kwiatowy zapach z dodatkow\u0105 nut\u0105 konopi.<\/p>\n<p>Perfumy konopne INDIA s\u0105 d\u0142ugotrwa\u0142e, utrzymuj\u0105 si\u0119 na sk\u00f3rze i ubraniach przez wiele godzin po u\u017cyciu, uwalniaj\u0105c powoli kolejne nuty zapachowe.<\/p>\n<p>Oryginalny zapach, z\u0142o\u017cony ze s\u0142odkich nut kwiatowych prze\u0142amywanych paczul\u0105, pi\u017cmem i zapachem konopi, nape\u0142ni Ci\u0119 now\u0105 energi\u0105 i optymizmem oraz pozwoli zaimponowa\u0107 wszystkim w Twoim otoczeniu.<\/p>\n<p><strong>Grupa zapach\u00f3w:<\/strong>\u00a0kwiatowy, konopny<\/p>\n<p><strong>Intensywno\u015b\u0107:<\/strong>\u00a0\u015bredni, d\u0142ugotrwa\u0142y<\/p>\n<p><strong>Okazja<\/strong>: do noszenia na co dzie\u0144<\/p>\n<p>*\u00a0<strong>THC<\/strong>&lt;0,2%<\/p>\n<p><strong>\u00a0 \u00a0<\/strong><strong>CBD\u00a0<\/strong>naturalnie wyst\u0119puje w konopi siewnej (Cannabis Sativa L).<\/p>\n<p><strong>Pojemno\u015b\u0107<\/strong>: 45 ml<\/p>\n","protected":false},"excerpt":{"rendered":"<p>(+48) 519652500 TU ZAMAWIAMY Damskie perfumy konopne Oryginalne i d\u0142ugotrwa\u0142e zapachy z nut\u0105 konopi dla kobiet Damskie perfumy z linii INDIA wyr\u00f3\u017cnia wyj\u0105tkowy, kobiecy, kwiatowy zapach z dodatkow\u0105 nut\u0105 konopi. Perfumy konopne INDIA s\u0105 d\u0142ugotrwa\u0142e, utrzymuj\u0105 si\u0119 na sk\u00f3rze i ubraniach przez wiele godzin po u\u017cyciu, uwalniaj\u0105c powoli kolejne nuty zapachowe. Oryginalny zapach, z\u0142o\u017cony ze [&hellip;]<\/p>\n","protected":false},"featured_media":117329,"comment_status":"open","ping_status":"closed","template":"","meta":[],"class_list":{"0":"post-117328","1":"product","2":"type-product","3":"status-publish","4":"has-post-thumbnail","6":"product_cat-bez-kategorii","7":"product_cat-specyfiki-marysi","9":"first","10":"instock","11":"taxable","12":"shipping-taxable","13":"product-type-simple"},"jetpack_sharing_enabled":true,"_links":{"self":[{"href":"https:\/\/htb.com.pl\/index.php?rest_route=\/wp\/v2\/product\/117328","targetHints":{"allow":["GET"]}}],"collection":[{"href":"https:\/\/htb.com.pl\/index.php?rest_route=\/wp\/v2\/product"}],"about":[{"href":"https:\/\/htb.com.pl\/index.php?rest_route=\/wp\/v2\/types\/product"}],"replies":[{"embeddable":true,"href":"https:\/\/htb.com.pl\/index.php?rest_route=%2Fwp%2Fv2%2Fcomments&post=117328"}],"wp:featuredmedia":[{"embeddable":true,"href":"https:\/\/htb.com.pl\/index.php?rest_route=\/wp\/v2\/media\/117329"}],"wp:attachment":[{"href":"https:\/\/htb.com.pl\/index.php?rest_route=%2Fwp%2Fv2%2Fmedia&parent=117328"}],"curies":[{"name":"wp","href":"https:\/\/api.w.org\/{rel}","templated":true}]}}