{"id":12679,"date":"2019-11-14T14:53:06","date_gmt":"2019-11-14T14:53:06","guid":{"rendered":"https:\/\/htb.com.pl\/?post_type=product&#038;p=12679"},"modified":"2020-05-26T05:54:54","modified_gmt":"2020-05-26T05:54:54","slug":"ksiegi-jakubowe-dodruk","status":"publish","type":"product","link":"https:\/\/htb.com.pl\/?product=ksiegi-jakubowe-dodruk","title":{"rendered":"Ksi\u0119gi Jakubowe, dodruk"},"content":{"rendered":"<table cellspacing=\"0\" cellpadding=\"5\">\n<tbody>\n<tr valign=\"top\">\n<td>\n<table cellspacing=\"0\" cellpadding=\"0\">\n<tbody>\n<tr>\n<td><\/td>\n<td align=\"right\" nowrap=\"nowrap\" width=\"60\">\n<table cellspacing=\"0\" cellpadding=\"0\">\n<tbody>\n<tr>\n<td nowrap=\"nowrap\"><\/td>\n<\/tr>\n<\/tbody>\n<\/table>\n<\/td>\n<\/tr>\n<tr>\n<td colspan=\"2\" height=\"5\"><\/td>\n<\/tr>\n<tr>\n<td colspan=\"2\" valign=\"top\">\n<table border=\"0\" width=\"100%\" cellspacing=\"0\" cellpadding=\"0\">\n<tbody>\n<tr>\n<td>\n<div align=\"justify\">Epicka powie\u015b\u0107 Olgi Tokarczuk \u2013 laureatki Nagrody Nobla w dziedzinie literatury. Dodruk do wydania z 2014 r. Rok 1752. Do Rohatyna na Podolu przybywaj\u0105 kasztelanowa Katarzyna Kossakowska i towarzysz\u0105ca jej poetka El\u017cbieta Dru\u017cbacka. Jednym z go\u015bci na powitalnej kolacji jest miejscowy proboszcz Benedykt Chmielowski, a&#8230;<\/div>\n<\/td>\n<\/tr>\n<\/tbody>\n<\/table>\n<\/td>\n<\/tr>\n<\/tbody>\n<\/table>\n<\/td>\n<\/tr>\n<\/tbody>\n<\/table>\n","protected":false},"excerpt":{"rendered":"<table cellspacing=\"0\" cellpadding=\"5\">\n<tbody>\n<tr valign=\"top\">\n<td>\n<table cellspacing=\"0\" cellpadding=\"0\">\n<tbody>\n<tr>\n<td>\n<table border=\"0\" cellspacing=\"0\" cellpadding=\"0\">\n<tbody>\n<tr>\n<td>Ksi\u0119gi Jakubowe, dodruk<\/td>\n<\/tr>\n<\/tbody>\n<\/table>\n<\/td>\n<td align=\"right\" nowrap=\"nowrap\" width=\"60\">\n<table cellspacing=\"0\" cellpadding=\"0\">\n<tbody>\n<tr>\n<td nowrap=\"nowrap\"><\/td>\n<\/tr>\n<\/tbody>\n<\/table>\n<\/td>\n<\/tr>\n<tr>\n<td colspan=\"2\" height=\"5\"><\/td>\n<\/tr>\n<tr>\n<td colspan=\"2\" valign=\"top\">\n<table border=\"0\" width=\"100%\" cellspacing=\"0\" cellpadding=\"0\">\n<tbody>\n<tr>\n<td>\n<table border=\"0\" width=\"100%\" cellspacing=\"0\" cellpadding=\"0\">\n<tbody>\n<tr>\n<td>\n<div>Olga Tokarczuk<\/div>\n<\/td>\n<\/tr>\n<tr>\n<td align=\"left\">\n<div>wydawnictwo:\u00a0<b>Wydawnictwo Literackie<\/b>, rok wydania:\u00a0<b>2014<\/b>, oprawa:\u00a0<b>twarda<\/b><\/div>\n<\/td>\n<\/tr>\n<\/tbody>\n<\/table>\n<\/td>\n<\/tr>\n<\/tbody>\n<\/table>\n<\/td>\n<\/tr>\n<\/tbody>\n<\/table>\n<\/td>\n<\/tr>\n<\/tbody>\n<\/table>\n","protected":false},"featured_media":12680,"comment_status":"open","ping_status":"closed","template":"","meta":[],"class_list":{"0":"post-12679","1":"product","2":"type-product","3":"status-publish","4":"has-post-thumbnail","6":"product_cat-ksiazki","7":"product_tag-ksiegi-jakubowe","9":"first","10":"instock","11":"taxable","12":"shipping-taxable","13":"purchasable","14":"product-type-simple"},"jetpack_sharing_enabled":true,"_links":{"self":[{"href":"https:\/\/htb.com.pl\/index.php?rest_route=\/wp\/v2\/product\/12679","targetHints":{"allow":["GET"]}}],"collection":[{"href":"https:\/\/htb.com.pl\/index.php?rest_route=\/wp\/v2\/product"}],"about":[{"href":"https:\/\/htb.com.pl\/index.php?rest_route=\/wp\/v2\/types\/product"}],"replies":[{"embeddable":true,"href":"https:\/\/htb.com.pl\/index.php?rest_route=%2Fwp%2Fv2%2Fcomments&post=12679"}],"wp:featuredmedia":[{"embeddable":true,"href":"https:\/\/htb.com.pl\/index.php?rest_route=\/wp\/v2\/media\/12680"}],"wp:attachment":[{"href":"https:\/\/htb.com.pl\/index.php?rest_route=%2Fwp%2Fv2%2Fmedia&parent=12679"}],"curies":[{"name":"wp","href":"https:\/\/api.w.org\/{rel}","templated":true}]}}