{"id":14863,"date":"2019-12-21T20:06:48","date_gmt":"2019-12-21T20:06:48","guid":{"rendered":"https:\/\/htb.com.pl\/?post_type=product&#038;p=14863"},"modified":"2020-05-24T10:57:05","modified_gmt":"2020-05-24T10:57:05","slug":"rower-opowiadania-audiobook","status":"publish","type":"product","link":"https:\/\/htb.com.pl\/?product=rower-opowiadania-audiobook","title":{"rendered":"Rower &#8211; opowiadania i audiobooki"},"content":{"rendered":"<p>Powsta\u0142o ju\u017c takie opowiadanie<a href=\"https:\/\/htb.com.pl\/?p=982\">;\u201dTango stanu wojennego\u201d<\/a>. Tu opisa\u0142em lata bezpo\u015brednio poprzedzaj\u0105ce ten okres.<\/p>\n<p>Teraz opowiadania zabezpieczone s\u0105 has\u0142em, kt\u00f3re klienci mojego\u00a0<a href=\"https:\/\/htb.com.pl\/?page_id=300\">SKLEPU INTERNETOWEGO\u00a0<\/a>otrzymuj\u0105 gratis. Ten produkt to has\u0142u umo\u017cliwiaj\u0105ce dost\u0119p do opowiada\u0144.<\/p>\n","protected":false},"excerpt":{"rendered":"<ol>\n<li>Wakacje doros\u0142ego Jasia<\/li>\n<li>Jan pierwszy &#8211; podr\u00f3\u017cnik<\/li>\n<li>Do\u017cynki Zamo\u015b\u0107 80<\/li>\n<li>Pierwsza du\u017ca wy\u0142a<\/li>\n<li>Dojrza\u0142o\u015b\u0107<\/li>\n<\/ol>\n<p><strong>Ponad dwie godziny s\u0142uchania lub czytania, a nawet ogl\u0105dania.<\/strong><\/p>\n","protected":false},"featured_media":12000,"comment_status":"open","ping_status":"closed","template":"","meta":[],"class_list":{"0":"post-14863","1":"product","2":"type-product","3":"status-publish","4":"has-post-thumbnail","6":"product_tag-rower-opowiadania-audiobook","8":"first","9":"instock","10":"virtual","11":"taxable","12":"purchasable","13":"product-type-simple"},"jetpack_sharing_enabled":true,"_links":{"self":[{"href":"https:\/\/htb.com.pl\/index.php?rest_route=\/wp\/v2\/product\/14863","targetHints":{"allow":["GET"]}}],"collection":[{"href":"https:\/\/htb.com.pl\/index.php?rest_route=\/wp\/v2\/product"}],"about":[{"href":"https:\/\/htb.com.pl\/index.php?rest_route=\/wp\/v2\/types\/product"}],"replies":[{"embeddable":true,"href":"https:\/\/htb.com.pl\/index.php?rest_route=%2Fwp%2Fv2%2Fcomments&post=14863"}],"wp:featuredmedia":[{"embeddable":true,"href":"https:\/\/htb.com.pl\/index.php?rest_route=\/wp\/v2\/media\/12000"}],"wp:attachment":[{"href":"https:\/\/htb.com.pl\/index.php?rest_route=%2Fwp%2Fv2%2Fmedia&parent=14863"}],"curies":[{"name":"wp","href":"https:\/\/api.w.org\/{rel}","templated":true}]}}