{"id":15735,"date":"2020-01-06T07:38:51","date_gmt":"2020-01-06T07:38:51","guid":{"rendered":"https:\/\/htb.com.pl\/?post_type=product&#038;p=15735"},"modified":"2024-03-05T14:19:20","modified_gmt":"2024-03-05T14:19:20","slug":"masc-rozgrzewajaca-50ml","status":"publish","type":"product","link":"https:\/\/htb.com.pl\/?product=masc-rozgrzewajaca-50ml","title":{"rendered":"MA\u015a\u0106 ROZGRZEWAJ\u0104CA 50ML"},"content":{"rendered":"<p><strong>Przywraca uczucie ciep\u0142a, dzia\u0142a koj\u0105co i rozlu\u017aniaj\u0105co.\u00a0<\/strong>Ma\u015b\u0107 z naturalnym, t\u0142oczonym na zimno\u00a0<strong>olejem konopnym<\/strong>. Zawiera<strong>\u00a0ekstrakt z papryki i imbiru,<\/strong>\u00a0a tak\u017ce\u00a0<strong>substancj\u0119 rozgrzewaj\u0105c\u0105<\/strong>\u00a0o od\u015bwie\u017caj\u0105cym, waniliowym aromacie, kt\u00f3ra zapewnia d\u0142ugotrwa\u0142y efekt rozgrzania i ma niski profil podra\u017cnienia w por\u00f3wnaniu z podobnie dzia\u0142aj\u0105cymi \u015brodkami. Ma\u015b\u0107 zosta\u0142a wzbogacona o\u00a0<strong>olej ze s\u0142odkich migda\u0142\u00f3w<\/strong>, kt\u00f3ry dodatkowo nat\u0142uszcza, od\u017cywia, wyg\u0142adza i chroni sk\u00f3r\u0119.<\/p>\n<p>&nbsp;<\/p>\n<p>Wskazania do stosowania:<\/p>\n<p><strong>&#8211; do rozgrzania okolic staw\u00f3w, mi\u0119\u015bni oraz plec\u00f3w<\/strong><\/p>\n<p><strong>&#8211; przed lub po intensywnym wysi\u0142ku fizycznym<\/strong><\/p>\n<p><strong>&#8211; marzn\u0105ce d\u0142onie i stopy<\/strong><\/p>\n<p>&nbsp;<\/p>\n<p>Spos\u00f3b u\u017cycia:\u00a0Preparat w postaci ma\u015bci stosuje si\u0119 miejscowo na sk\u00f3r\u0119.<\/p>\n<p>Pojemno\u015b\u0107: 50 ml<\/p>\n","protected":false},"excerpt":{"rendered":"<p><strong><img loading=\"lazy\" decoding=\"async\" class=\"alignnone size-full wp-image-44980\" src=\"https:\/\/htb.com.pl\/wp-content\/uploads\/2019\/06\/Tel-ma\u0142y.jpg\" alt=\"\" width=\"97\" height=\"100\" \/> (+48) 519652500<\/strong><\/p>\n<h1><a href=\"https:\/\/www.indiacosmetics.pl\/p\/masc-rozgrzewajaca-50-ml,246\">TU ZAMAWIAMY<\/a><\/h1>\n<p><strong>Koszyk to towar wyprzeda\u017cowy<\/strong><\/p>\n","protected":false},"featured_media":15737,"comment_status":"closed","ping_status":"closed","template":"","meta":[],"class_list":{"0":"post-15735","1":"product","2":"type-product","3":"status-publish","4":"has-post-thumbnail","6":"product_tag-masc-rozgrzewajaca-50ml","8":"first","9":"instock","10":"taxable","11":"shipping-taxable","12":"purchasable","13":"product-type-simple"},"jetpack_sharing_enabled":true,"_links":{"self":[{"href":"https:\/\/htb.com.pl\/index.php?rest_route=\/wp\/v2\/product\/15735","targetHints":{"allow":["GET"]}}],"collection":[{"href":"https:\/\/htb.com.pl\/index.php?rest_route=\/wp\/v2\/product"}],"about":[{"href":"https:\/\/htb.com.pl\/index.php?rest_route=\/wp\/v2\/types\/product"}],"replies":[{"embeddable":true,"href":"https:\/\/htb.com.pl\/index.php?rest_route=%2Fwp%2Fv2%2Fcomments&post=15735"}],"wp:featuredmedia":[{"embeddable":true,"href":"https:\/\/htb.com.pl\/index.php?rest_route=\/wp\/v2\/media\/15737"}],"wp:attachment":[{"href":"https:\/\/htb.com.pl\/index.php?rest_route=%2Fwp%2Fv2%2Fmedia&parent=15735"}],"curies":[{"name":"wp","href":"https:\/\/api.w.org\/{rel}","templated":true}]}}