{"id":19823,"date":"2020-03-17T13:34:25","date_gmt":"2020-03-17T13:34:25","guid":{"rendered":"https:\/\/htb.com.pl\/?post_type=product&#038;p=19823"},"modified":"2020-03-17T13:36:23","modified_gmt":"2020-03-17T13:36:23","slug":"ortograficzne-gry-karciane-o-i-u-klasy-4-8","status":"publish","type":"product","link":"https:\/\/htb.com.pl\/?product=ortograficzne-gry-karciane-o-i-u-klasy-4-8","title":{"rendered":"Ortograficzne gry karciane \u00d3 i U, klasy 4-8"},"content":{"rendered":"<table border=\"0\" cellspacing=\"0\" cellpadding=\"0\">\n<tbody>\n<tr>\n<td><\/td>\n<\/tr>\n<tr valign=\"top\">\n<td><\/td>\n<td align=\"left\">\n<table border=\"0\" width=\"100%\" cellspacing=\"0\" cellpadding=\"5\">\n<tbody>\n<tr>\n<td align=\"left\">\n<table cellspacing=\"0\" cellpadding=\"5\">\n<tbody>\n<tr valign=\"top\">\n<td>\n<table cellspacing=\"0\" cellpadding=\"0\">\n<tbody>\n<tr>\n<td><\/td>\n<td align=\"right\" nowrap=\"nowrap\" width=\"60\"><\/td>\n<\/tr>\n<tr>\n<td colspan=\"2\" height=\"5\"><\/td>\n<\/tr>\n<tr>\n<td colspan=\"2\" valign=\"top\">\n<table border=\"0\" width=\"100%\" cellspacing=\"0\" cellpadding=\"0\">\n<tbody>\n<tr>\n<td>\n<div align=\"justify\">Karty s\u0142u\u017c\u0105 opanowaniu regu\u0142 ortografii j\u0119zyka polskiego i poprawnej pisowni. Pomoc dydaktyczna skierowana jest do terapeut\u00f3w pedagogicznych pracuj\u0105cych w szko\u0142ach i poradniach psychologiczno-pedagogicznych, nauczycieli j\u0119zyka polskiego prowadz\u0105cych zaj\u0119cia dydaktyczno-wyr\u00f3wnawcze, nauczycieli j\u0119zyka polskiego, kt\u00f3rzy mog\u0105&#8230;<\/div>\n<\/td>\n<\/tr>\n<\/tbody>\n<\/table>\n<\/td>\n<\/tr>\n<\/tbody>\n<\/table>\n<\/td>\n<\/tr>\n<\/tbody>\n<\/table>\n<\/td>\n<\/tr>\n<\/tbody>\n<\/table>\n<\/td>\n<\/tr>\n<\/tbody>\n<\/table>\n","protected":false},"excerpt":{"rendered":"<table border=\"0\" cellspacing=\"0\" cellpadding=\"0\">\n<tbody>\n<tr>\n<td><\/td>\n<\/tr>\n<tr valign=\"top\">\n<td><\/td>\n<td align=\"left\">\n<table border=\"0\" width=\"100%\" cellspacing=\"0\" cellpadding=\"5\">\n<tbody>\n<tr>\n<td align=\"left\">\n<table cellspacing=\"0\" cellpadding=\"5\">\n<tbody>\n<tr valign=\"top\">\n<td>\n<table cellspacing=\"0\" cellpadding=\"0\">\n<tbody>\n<tr>\n<td>\n<table border=\"0\" cellspacing=\"0\" cellpadding=\"0\">\n<tbody>\n<tr>\n<td>Ortograficzne gry karciane \u00d3 i U, klasy 4-8<\/td>\n<\/tr>\n<\/tbody>\n<\/table>\n<\/td>\n<td align=\"right\" nowrap=\"nowrap\" width=\"60\">\n<table cellspacing=\"0\" cellpadding=\"0\">\n<tbody>\n<tr>\n<td nowrap=\"nowrap\"><\/td>\n<\/tr>\n<\/tbody>\n<\/table>\n<\/td>\n<\/tr>\n<tr>\n<td colspan=\"2\" height=\"5\"><\/td>\n<\/tr>\n<tr>\n<td colspan=\"2\" valign=\"top\">\n<table border=\"0\" width=\"100%\" cellspacing=\"0\" cellpadding=\"0\">\n<tbody>\n<tr>\n<td>\n<table border=\"0\" width=\"100%\" cellspacing=\"0\" cellpadding=\"0\">\n<tbody>\n<tr>\n<td>\n<div>Agnieszka Ambroziak<\/div>\n<\/td>\n<\/tr>\n<tr>\n<td align=\"left\">\n<div>wydawnictwo:\u00a0<b>Harmonia<\/b>, rok wydania:\u00a0<b>2019<\/b>, oprawa:\u00a0<b>plastikowa<\/b><\/div>\n<\/td>\n<\/tr>\n<\/tbody>\n<\/table>\n<\/td>\n<\/tr>\n<\/tbody>\n<\/table>\n<\/td>\n<\/tr>\n<\/tbody>\n<\/table>\n<\/td>\n<\/tr>\n<\/tbody>\n<\/table>\n<\/td>\n<\/tr>\n<\/tbody>\n<\/table>\n<\/td>\n<\/tr>\n<\/tbody>\n<\/table>\n","protected":false},"featured_media":19825,"comment_status":"open","ping_status":"closed","template":"","meta":[],"class_list":{"0":"post-19823","1":"product","2":"type-product","3":"status-publish","4":"has-post-thumbnail","6":"product_tag-klasy-4-8","7":"product_tag-ortograficzne-gry-karciane-o-i-u","9":"first","10":"instock","11":"taxable","12":"shipping-taxable","13":"purchasable","14":"product-type-simple"},"jetpack_sharing_enabled":true,"_links":{"self":[{"href":"https:\/\/htb.com.pl\/index.php?rest_route=\/wp\/v2\/product\/19823","targetHints":{"allow":["GET"]}}],"collection":[{"href":"https:\/\/htb.com.pl\/index.php?rest_route=\/wp\/v2\/product"}],"about":[{"href":"https:\/\/htb.com.pl\/index.php?rest_route=\/wp\/v2\/types\/product"}],"replies":[{"embeddable":true,"href":"https:\/\/htb.com.pl\/index.php?rest_route=%2Fwp%2Fv2%2Fcomments&post=19823"}],"wp:featuredmedia":[{"embeddable":true,"href":"https:\/\/htb.com.pl\/index.php?rest_route=\/wp\/v2\/media\/19825"}],"wp:attachment":[{"href":"https:\/\/htb.com.pl\/index.php?rest_route=%2Fwp%2Fv2%2Fmedia&parent=19823"}],"curies":[{"name":"wp","href":"https:\/\/api.w.org\/{rel}","templated":true}]}}