{"id":24023,"date":"2020-05-27T07:57:58","date_gmt":"2020-05-27T07:57:58","guid":{"rendered":"https:\/\/htb.com.pl\/?post_type=product&#038;p=24023"},"modified":"2026-04-04T12:45:17","modified_gmt":"2026-04-04T12:45:17","slug":"mieszanka-nerkowa-50-g","status":"publish","type":"product","link":"https:\/\/htb.com.pl\/?product=mieszanka-nerkowa-50-g","title":{"rendered":"MIESZANKA \u201eNERKOWA\u201d 50 G"},"content":{"rendered":"<p><a href=\"https:\/\/www.indiacosmetics.pl\/p\/mieszanka-nerkowa-50-g,165\"><img loading=\"lazy\" decoding=\"async\" class=\"alignnone size-full wp-image-137366\" src=\"https:\/\/htb.com.pl\/wp-content\/uploads\/2021\/01\/TU-ZAMAWIAMY.png\" alt=\"\" width=\"247\" height=\"80\" \/><\/a>Polesie to przebogaty \u015bwiat ro\u015blin i zwierz\u0105t. W lasach i na \u0142\u0105kach ro\u015bnie tam ponad 100 gatunk\u00f3w ro\u015blin leczniczych. Ceniony zielarz i pszczelarz, O\u0142eksandr, w\u0142asnor\u0119cznie zbiera poleskie zio\u0142a i w oparciu o przekazywane z pokolenia na pokolenie receptury, przygotowuje mieszanki zio\u0142owe, zapewniaj\u0105ce kompleksow\u0105 ochron\u0119 zdrowia cz\u0142owieka.<\/p>\n<p>&nbsp;<\/p>\n<p><strong>Sk\u0142adniki:<\/strong><\/p>\n<ul>\n<li>li\u015bcie orzecha w\u0142oskiego (Juglans regia),<\/li>\n<li>li\u015bcie poziomki pospolitej (Fragaria vesca),<\/li>\n<li>sza\u0142wia lekarska (Salvia officinalis),<\/li>\n<li>pokrzywa zwyczajna (Urtica dioica)<\/li>\n<li>kocanki piaskowe (Helichrysum arenarium),<\/li>\n<li>mi\u0119ta pieprzowa (Mentha piperita),<\/li>\n<li>bluszczyk kurdybanek (Glechoma hederacea).<\/li>\n<\/ul>\n<p>&nbsp;<\/p>\n<p><strong>Spos\u00f3b przygotowania (parzenia):<\/strong>\u00a0dwie \u0142y\u017cki sto\u0142owe mieszanki zala\u0107 500 ml wrz\u0105tku, przykry\u0107 i parzy\u0107 30 min. Pi\u0107 co trzy godziny po 50-70 ml, 5-6 razy dziennie. Produkt przechowywa\u0107 w suchym i ch\u0142odnym pomieszczeniu.<\/p>\n<p>&nbsp;<\/p>\n<p>Masa netto: 50g<\/p>\n","protected":false},"excerpt":{"rendered":"<p><strong><img loading=\"lazy\" decoding=\"async\" class=\"alignnone size-full wp-image-44980\" src=\"https:\/\/htb.com.pl\/wp-content\/uploads\/2019\/06\/Tel-ma\u0142y.jpg\" alt=\"\" width=\"97\" height=\"100\" \/> (+48) 519652500<\/strong><\/p>\n<p><strong>Koszyk to towar z wyprzeda\u017cy<\/strong><\/p>\n","protected":false},"featured_media":24059,"comment_status":"open","ping_status":"closed","template":"","meta":[],"class_list":{"0":"post-24023","1":"product","2":"type-product","3":"status-publish","4":"has-post-thumbnail","6":"product_cat-specyfiki-marysi","7":"product_tag-mieszanka-nerkowa-50-g","9":"first","10":"instock","11":"taxable","12":"shipping-taxable","13":"purchasable","14":"product-type-simple"},"jetpack_sharing_enabled":true,"_links":{"self":[{"href":"https:\/\/htb.com.pl\/index.php?rest_route=\/wp\/v2\/product\/24023","targetHints":{"allow":["GET"]}}],"collection":[{"href":"https:\/\/htb.com.pl\/index.php?rest_route=\/wp\/v2\/product"}],"about":[{"href":"https:\/\/htb.com.pl\/index.php?rest_route=\/wp\/v2\/types\/product"}],"replies":[{"embeddable":true,"href":"https:\/\/htb.com.pl\/index.php?rest_route=%2Fwp%2Fv2%2Fcomments&post=24023"}],"wp:featuredmedia":[{"embeddable":true,"href":"https:\/\/htb.com.pl\/index.php?rest_route=\/wp\/v2\/media\/24059"}],"wp:attachment":[{"href":"https:\/\/htb.com.pl\/index.php?rest_route=%2Fwp%2Fv2%2Fmedia&parent=24023"}],"curies":[{"name":"wp","href":"https:\/\/api.w.org\/{rel}","templated":true}]}}