{"id":24049,"date":"2020-05-27T10:14:57","date_gmt":"2020-05-27T10:14:57","guid":{"rendered":"https:\/\/htb.com.pl\/?post_type=product&#038;p=24049"},"modified":"2021-05-06T07:01:55","modified_gmt":"2021-05-06T07:01:55","slug":"naturalny-peeling-kokosowy-250ml","status":"publish","type":"product","link":"https:\/\/htb.com.pl\/?product=naturalny-peeling-kokosowy-250ml","title":{"rendered":"NATURALNY PEELING KOKOSOWY 250ML"},"content":{"rendered":"<p>Peeling\u00a0<strong>z\u0142uszcza nask\u00f3rek<\/strong>,\u00a0<strong>uj\u0119drnia sk\u00f3r\u0119<\/strong>, poprawia mikrokr\u0105\u017cenie (dlatego mo\u017ce by\u0107 bezcenny w walce z cellulitem) i koloryt sk\u00f3ry. Po zastosowaniu kom\u00f3rki zaczynaj\u0105 produkowa\u0107 wi\u0119cej elastyny i kolagenu, co regeneruj\u0105co wp\u0142ywa na nasz\u0105 sk\u00f3r\u0119. Peeling jest bezcenny w walce z tr\u0105dzikiem &#8211; wyg\u0142adza sk\u00f3r\u0119, oczyszcza pory i zapobiega powstawaniu wyprysk\u00f3w. Zapobiega r\u00f3wnie\u017c wrastaniu w\u0142os\u00f3w po depilacji.<\/p>\n<p>Dzi\u0119ki wykorzystaniu naturalnych olejk\u00f3w eterycznych, peeling India charakteryzuje si\u0119 niepowtarzalnym, tropikalnie kokosowym aromatem. W\u0142a\u015bciwo\u015bci zapachowe peelingu India dzia\u0142aj\u0105 na zmys\u0142y, zwielokrotniaj\u0105c przyjemno\u015b\u0107 z korzystania.<\/p>\n<p><strong>Zawiera:<\/strong><\/p>\n<p><strong>\u2713\u00a0<\/strong>olej konopny<\/p>\n<p><strong>\u2713\u00a0<\/strong>cukier bia\u0142y<\/p>\n<p><strong>\u2713\u00a0<\/strong>ekologiczny olejek\u00a0kokosowy<\/p>\n<p><strong>\u2713\u00a0<\/strong>olejek migda\u0142owy<\/p>\n<p><strong>\u2713\u00a0<\/strong>mi\u00f3d<\/p>\n<p>&nbsp;<\/p>\n<p>Termin przydatno\u015bci: 60 dni od daty produkcji. Data produkcji jest dat\u0105 nadania paczki.<br \/>\n(peeling wytwarzany jest na indywidualne zam\u00f3wienie klienta).<\/p>\n<p>Pojemno\u015b\u0107: 250 ml<\/p>\n<p>&nbsp;<\/p>\n","protected":false},"excerpt":{"rendered":"<p><strong><img loading=\"lazy\" decoding=\"async\" class=\"alignnone size-full wp-image-44980\" src=\"https:\/\/htb.com.pl\/wp-content\/uploads\/2019\/06\/Tel-ma\u0142y.jpg\" alt=\"\" width=\"97\" height=\"100\" \/> (+48) 519652500<\/strong><\/p>\n<p><strong>Produkt wykonany jest 100% z naturalnych sk\u0142adnik\u00f3w.<\/strong><\/p>\n","protected":false},"featured_media":24051,"comment_status":"open","ping_status":"closed","template":"","meta":[],"class_list":{"0":"post-24049","1":"product","2":"type-product","3":"status-publish","4":"has-post-thumbnail","6":"product_tag-naturalny-peeling-kokosowy-250ml","8":"first","9":"instock","10":"taxable","11":"shipping-taxable","12":"purchasable","13":"product-type-simple"},"jetpack_sharing_enabled":true,"_links":{"self":[{"href":"https:\/\/htb.com.pl\/index.php?rest_route=\/wp\/v2\/product\/24049","targetHints":{"allow":["GET"]}}],"collection":[{"href":"https:\/\/htb.com.pl\/index.php?rest_route=\/wp\/v2\/product"}],"about":[{"href":"https:\/\/htb.com.pl\/index.php?rest_route=\/wp\/v2\/types\/product"}],"replies":[{"embeddable":true,"href":"https:\/\/htb.com.pl\/index.php?rest_route=%2Fwp%2Fv2%2Fcomments&post=24049"}],"wp:featuredmedia":[{"embeddable":true,"href":"https:\/\/htb.com.pl\/index.php?rest_route=\/wp\/v2\/media\/24051"}],"wp:attachment":[{"href":"https:\/\/htb.com.pl\/index.php?rest_route=%2Fwp%2Fv2%2Fmedia&parent=24049"}],"curies":[{"name":"wp","href":"https:\/\/api.w.org\/{rel}","templated":true}]}}