{"id":24520,"date":"2020-06-04T07:21:39","date_gmt":"2020-06-04T07:21:39","guid":{"rendered":"https:\/\/htb.com.pl\/?post_type=product&#038;p=24520"},"modified":"2024-05-08T20:11:38","modified_gmt":"2024-05-08T20:11:38","slug":"cbd-20-ekstrakt-10ml","status":"publish","type":"product","link":"https:\/\/htb.com.pl\/?product=cbd-20-ekstrakt-10ml","title":{"rendered":"CBD 20% (EKSTRAKT) 10ML"},"content":{"rendered":"<p>Stosuj\u0105c si\u0119 do przepis\u00f3w rozporz\u0105dzenia Parlamentu Europejskiego i Rady (UE) Nr 2015\/2283 z dnia 25 listopada 2015 r. w sprawie nowej \u017cywno\u015bci (&#8230;) Dz.Urz.UE L 327 z 11.12.2015, str 1.), do czasu rozstrzygni\u0119cia kwestii na poziomie UE, informujemy, \u017ce ekstrakty z konopi siewnych z CBD s\u0105 przeznaczone wy\u0142\u0105cznie do stosowania zewn\u0119trznego.<\/p>\n<h1><strong>CBD<\/strong>\u00a0(KANNABIDIOL) TO ZWI\u0104ZEK NATURALNIE WYST\u0118PUJ\u0104CY W KONOPIACH. W PRZECIWIE\u0143STWIE DO THC (TETRAHYDROKANNABINOL), NIE WYKAZUJE ON DZIA\u0141ANIA PSYCHOAKTYWNEGO.<\/h1>\n<p>Zaleca si\u0119 stosowanie naszych produkt\u00f3w pod j\u0119zyk, w ilo\u015bci ok. 3 kropel na 30 minut przed posi\u0142kiem.<br \/>\nPoni\u017cej zamieszczam r\u00f3wnie\u017c list\u0119 sugerowanych dawek naszych produkt\u00f3w CBD:<br \/>\n&#8211; 5%, 1 kropla &#8211; 2 mg CBD,<br \/>\n&#8211; 10%, 1 kropla &#8211; 4 mg CBD,<br \/>\n&#8211; 20%, 1 kropla &#8211; 8 mg CBD,<br \/>\n&#8211; 30%, 1 kropla &#8211; 12 mg CBD.<\/p>\n<p>Minimalna dawka dzienna &#8211; 60 mg CBD.<br \/>\nW butelce 10 ml znajduje si\u0119 oko\u0142o 220 kropli.<\/p>\n<p>Jan Chmura<\/p>\n<p>&nbsp;<\/p>\n<p><strong>Sk\u0142adniki:\u00a0<\/strong><strong>Olej konopny EKO &#8211; 8000 mg, CBD &#8211; 2000 mg.<\/strong><\/p>\n<p><strong>Obj\u0119to\u015b\u0107: 10 ml<\/strong><\/p>\n<p>Wi\u0119cej informacji o produktach z tej serii,<\/p>\n<p><strong>Full Spektrum z melatolin\u0105 5%<\/strong><\/p>\n<p>Sk\u0142adniki: olej konopny, CBD, CBC, CBG, CBN, melatonina.<\/p>\n<p>Obj\u0119to\u015b\u0107: 10 ml<\/p>\n<p>* THC&lt;0,2%<\/p>\n<p style=\"margin: 0cm 0cm 12.0pt 0cm;\"><strong><span style=\"font-family: 'Segoe UI','sans-serif'; color: black;\">Full Spectrum 10% <\/span><\/strong><span style=\"font-family: 'Segoe UI','sans-serif'; color: black;\">\u00a0to pe\u0142ne spectrum g\u0142\u00f3wnych\u00a0kannabinoid\u00f3w zawartych w konopiach siewnych, a ich synergia w po\u0142\u0105czeniu z substancj\u0105 THC na bezpiecznym poziomie poni\u017cej 0,2% wzmacnia oddzia\u0142ywanie na organizm ludzki jaki i zwierz\u0119cy.<\/span><\/p>\n<p style=\"margin: 0cm 0cm 12.0pt 0cm;\"><span style=\"font-family: 'Segoe UI','sans-serif'; color: black;\">Ilo\u015b\u0107 substancji THC w podanym olejku nie dzia\u0142a psychoaktywnie! Zawarty\u00a0Tetrahydrokannabinol w ekstrakcie z CBD Full Spectrum 10% India, ma wy\u0142\u0105cznie wzmacnia\u0107\u00a0po\u017c\u0105dane\u00a0dzia\u0142anie na organizm ludzki innych kannabinoid\u00f3w.<\/span><\/p>\n<p style=\"margin: 0cm 0cm 12.0pt 0cm;\"><strong><span style=\"font-family: 'Segoe UI','sans-serif'; color: black;\">Broad Spectrum <\/span><\/strong><span style=\"font-family: 'Segoe UI','sans-serif'; color: black;\">to tzw. szerokie spectrum kannabinoid\u00f3w, a ich synergia wzmacnia oddzia\u0142ywanie na organizm.<\/span><\/p>\n<p style=\"margin: 0cm 0cm 12.0pt 0cm;\"><span style=\"font-family: 'Segoe UI','sans-serif'; color: black;\">Broad Spectrum, r\u00f3\u017cni si\u0119 od Full Spectrum ca\u0142kowitym brakiem substancji THC.<\/span><\/p>\n<p style=\"margin: 0cm 0cm 12.0pt 0cm;\"><span style=\"font-family: 'Segoe UI','sans-serif'; color: black;\">W\u00a0tych produktach mo\u017cna znale\u017a\u0107 nast\u0119puj\u0105ce kannabinoidy:<\/span><\/p>\n<p style=\"margin: 0cm 0cm 12.0pt 0cm;\"><span style=\"font-family: 'Segoe UI','sans-serif'; color: black;\">CBD &#8211; jest g\u0142\u00f3wnym najbardziej znanym kannabinoidem z najwy\u017csz\u0105 zawarto\u015bci\u0105 w konopiach siewnych. W\u00a0przeciwie\u0144stwie do substancji THC nie oddzia\u0142uje psychoaktywnie na kom\u00f3rki m\u00f3zgowe.<\/span><\/p>\n<p style=\"margin: 0cm 0cm 12.0pt 0cm;\"><span style=\"font-family: 'Segoe UI','sans-serif'; color: black;\">CBC &#8211; \u00a0to tzw. &#8220;Kannabichromen&#8221;, kt\u00f3ry wyst\u0119puj\u0119 zar\u00f3wno w konopiach siewnych jak i indyjskich. Pochodzi od surowego kannabinoidu CBGa i doskonale wsp\u00f3\u0142dzia\u0142a z g\u0142\u00f3wnym\u00a0kannabidiolem.\u00a0<\/span><\/p>\n<p style=\"margin: 0cm 0cm 12.0pt 0cm;\"><span style=\"font-family: 'Segoe UI','sans-serif'; color: black;\">CBDV &#8211; czyli &#8220;Kannabidiwarin&#8221;, jest prekursorem znanego CBD. Nie wywo\u0142uje skutk\u00f3w ubocznych i jest bezpieczny w stosowaniu.<\/span><\/p>\n<p style=\"margin: 0cm 0cm 12.0pt 0cm;\"><span style=\"font-family: 'Segoe UI','sans-serif'; color: black;\">CBG &#8211; \u00a0nwyj\u0105tkowazwa fachowa to &#8220;Kannabigerol&#8221;.\u00a0Jest\u00a0o rzadkim kannabinoidem, a jego zawarto\u015b\u0107 w konopiach siewnych zazwyczaj\u00a0nie przekracza 1%. Mimo jego niewielkiej zawarto\u015bci znacz\u0105co wp\u0142ywa na synergi\u0119 naszego ekstraktu.<\/span><\/p>\n<p style=\"margin: 0cm 0cm 12.0pt 0cm;\"><strong><span style=\"font-family: 'Segoe UI','sans-serif'; color: black;\">Ekstrakty CBD <\/span><\/strong><span style=\"font-family: 'Segoe UI','sans-serif'; color: black;\">\u00a0zawieraj\u0105 wy\u0142\u0105cznie jeden kannabinoid &#8211; CBD &#8211; najbardziej przebadany i najbardziej po\u017c\u0105dany kannabinoid.\u00a0<\/span><\/p>\n","protected":false},"excerpt":{"rendered":"<p><img loading=\"lazy\" decoding=\"async\" class=\"alignnone size-full wp-image-44980\" src=\"https:\/\/htb.com.pl\/wp-content\/uploads\/2019\/06\/Tel-ma\u0142y.jpg\" alt=\"\" width=\"97\" height=\"100\" \/> (+48) 519652500<\/p>\n<p><a href=\"https:\/\/www.indiacosmetics.pl\/p\/cbd-20-ekstrakt-10-ml,225\"><strong>TU ZAMAWIAMY<\/strong><\/a><\/p>\n<p><strong>KOSZYK TO TOWAR WYPRZEDA\u017bOWY<\/strong><\/p>\n","protected":false},"featured_media":24521,"comment_status":"open","ping_status":"closed","template":"","meta":[],"class_list":{"0":"post-24520","1":"product","2":"type-product","3":"status-publish","4":"has-post-thumbnail","6":"product_cat-specyfiki-marysi","8":"first","9":"instock","10":"taxable","11":"shipping-taxable","12":"purchasable","13":"product-type-simple"},"jetpack_sharing_enabled":true,"_links":{"self":[{"href":"https:\/\/htb.com.pl\/index.php?rest_route=\/wp\/v2\/product\/24520","targetHints":{"allow":["GET"]}}],"collection":[{"href":"https:\/\/htb.com.pl\/index.php?rest_route=\/wp\/v2\/product"}],"about":[{"href":"https:\/\/htb.com.pl\/index.php?rest_route=\/wp\/v2\/types\/product"}],"replies":[{"embeddable":true,"href":"https:\/\/htb.com.pl\/index.php?rest_route=%2Fwp%2Fv2%2Fcomments&post=24520"}],"wp:featuredmedia":[{"embeddable":true,"href":"https:\/\/htb.com.pl\/index.php?rest_route=\/wp\/v2\/media\/24521"}],"wp:attachment":[{"href":"https:\/\/htb.com.pl\/index.php?rest_route=%2Fwp%2Fv2%2Fmedia&parent=24520"}],"curies":[{"name":"wp","href":"https:\/\/api.w.org\/{rel}","templated":true}]}}