{"id":27739,"date":"2020-08-02T07:40:35","date_gmt":"2020-08-02T07:40:35","guid":{"rendered":"https:\/\/htb.com.pl\/?post_type=product&#038;p=27739"},"modified":"2020-11-09T11:33:57","modified_gmt":"2020-11-09T11:33:57","slug":"wywiad-sponsorowany","status":"publish","type":"product","link":"https:\/\/htb.com.pl\/?product=wywiad-sponsorowany","title":{"rendered":"WYWIAD SPONSOROWANY"},"content":{"rendered":"<audio class=\"wp-audio-shortcode\" id=\"audio-27739-1\" preload=\"none\" style=\"width: 100%;\" controls=\"controls\"><source type=\"audio\/mpeg\" src=\"https:\/\/htb.com.pl\/wp-content\/uploads\/2020\/11\/Suzi-Quatro-If-you-cant-give-me-love.mp3?_=1\" \/><a href=\"https:\/\/htb.com.pl\/wp-content\/uploads\/2020\/11\/Suzi-Quatro-If-you-cant-give-me-love.mp3\">https:\/\/htb.com.pl\/wp-content\/uploads\/2020\/11\/Suzi-Quatro-If-you-cant-give-me-love.mp3<\/a><\/audio>\n<p>Cena do negocjacji, poza Mielcem trzeba b\u0119dzie uwzgl\u0119dni\u0107 koszty dojazdu.<\/p>\n","protected":false},"excerpt":{"rendered":"<p><a href=\"http:\/\/stacja.radiohost.pl\/customBoxes\/link\/568\/8d5a0\/type\/aplayer2\/\"><strong>RADIO MARIA<\/strong><\/a> proponuje wywiad, kt\u00f3ry co\u015b wypromuje\u00a0 albo o czym\u015b poinformuje. Uka\u017ce si\u0119 na \u017cywo, a potem przez tydzie\u0144 co jaki\u015b czas i trafi do <a href=\"http:\/\/radiomaria.com.pl\/?p=22\"><strong>NASZEGO ARCHIWUM.<\/strong><\/a><\/p>\n","protected":false},"featured_media":25345,"comment_status":"open","ping_status":"closed","template":"","meta":[],"class_list":{"0":"post-27739","1":"product","2":"type-product","3":"status-publish","4":"has-post-thumbnail","6":"product_cat-bez-kategorii","7":"product_tag-wywiad-radiowy","9":"first","10":"instock","11":"virtual","12":"taxable","13":"purchasable","14":"product-type-simple"},"jetpack_sharing_enabled":true,"_links":{"self":[{"href":"https:\/\/htb.com.pl\/index.php?rest_route=\/wp\/v2\/product\/27739","targetHints":{"allow":["GET"]}}],"collection":[{"href":"https:\/\/htb.com.pl\/index.php?rest_route=\/wp\/v2\/product"}],"about":[{"href":"https:\/\/htb.com.pl\/index.php?rest_route=\/wp\/v2\/types\/product"}],"replies":[{"embeddable":true,"href":"https:\/\/htb.com.pl\/index.php?rest_route=%2Fwp%2Fv2%2Fcomments&post=27739"}],"wp:featuredmedia":[{"embeddable":true,"href":"https:\/\/htb.com.pl\/index.php?rest_route=\/wp\/v2\/media\/25345"}],"wp:attachment":[{"href":"https:\/\/htb.com.pl\/index.php?rest_route=%2Fwp%2Fv2%2Fmedia&parent=27739"}],"curies":[{"name":"wp","href":"https:\/\/api.w.org\/{rel}","templated":true}]}}