{"id":29425,"date":"2020-09-03T05:56:26","date_gmt":"2020-09-03T05:56:26","guid":{"rendered":"https:\/\/htb.com.pl\/?post_type=product&#038;p=29425"},"modified":"2024-03-07T07:40:06","modified_gmt":"2024-03-07T07:40:06","slug":"swieca-konopna-antydepresyjna-90g","status":"publish","type":"product","link":"https:\/\/htb.com.pl\/?product=swieca-konopna-antydepresyjna-90g","title":{"rendered":"\u015aWIECA KONOPNA ANTYDEPRESYJNA, 90G"},"content":{"rendered":"<p><strong>\u2713\u00a0 \u015awieca konopna jest wykonana wy\u0142\u0105cznie z naturalnych sk\u0142adnik\u00f3w<\/strong>, bez parafiny czy substancji ropopochodnych. Nie wydziela substancji toksycznych podczas spalania, jest bezpieczna dla alergik\u00f3w. Bardzo ekonomiczna &#8211; d\u0142ugo\u015b\u0107 spalania &#8211; do 25 godzin.<\/p>\n<p align=\"JUSTIFY\"><strong>\u2713 Olejek paczulowy\u00a0<\/strong>posiada drzewno-korzenny zapach. Wykazuje w\u0142a\u015bciwo\u015bci antydepresyjne i uspokajaj\u0105ce. Aro\u00adma\u00adte\u00adra\u00adpia przy u\u017cy\u00adciu olejku paczu\u00adlo\u00adwego poprawia nastr\u00f3j, pozwala \u0142agodzi\u0107 stany l\u0119kowe i nadmierny stres. Olejek paczulowy pomaga tak\u017ce walczy\u0107 z bezsenno\u015bci\u0105.<\/p>\n<p align=\"JUSTIFY\"><strong>\u2713 \u015awieca konopna India mo\u017ce by\u0107 stosowana r\u00f3wnie\u017c do masa\u017cu cia\u0142a,\u00a0<\/strong>poniewa\u017c charakteryzuje si\u0119 stosunkowo nisk\u0105 temperatur\u0105 topnienia. Oznacza to, \u017ce roztopiony wosk mo\u017ce by\u0107 wylewany bezpo\u015brednio na sk\u00f3r\u0119 nie powoduj\u0105c jej poparzenia. Olej konopny wraz z olejkiem paczulowym dzia\u0142a na sk\u00f3r\u0119 przeciwzapalnie i regeneruj\u0105co, zapobiega powstawaniu cellulitu i zmarszczek. Sk\u00f3ra po zastosowaniu wosku pozostaje nawil\u017cona, g\u0142adka i jedwabista na d\u0142ugo. Aromat olejku paczulowego pozostawia delikatn\u0105, orientaln\u0105 wo\u0144.<\/p>\n<p align=\"JUSTIFY\">Masa netto: 90 g<\/p>\n","protected":false},"excerpt":{"rendered":"<p><img loading=\"lazy\" decoding=\"async\" class=\"alignnone size-full wp-image-44980\" src=\"https:\/\/htb.com.pl\/wp-content\/uploads\/2019\/06\/Tel-ma\u0142y.jpg\" alt=\"\" width=\"97\" height=\"100\" \/> (+48) 519652500<\/p>\n<h1><a href=\"https:\/\/www.indiacosmetics.pl\/p\/swieca-konopna-antydepresyjna-90-g,269\">TU ZAMAWIAMY<\/a><\/h1>\n<p><strong>Koszyk to towar z wyprzeda\u017cy<\/strong><\/p>\n","protected":false},"featured_media":29426,"comment_status":"open","ping_status":"closed","template":"","meta":[],"class_list":{"0":"post-29425","1":"product","2":"type-product","3":"status-publish","4":"has-post-thumbnail","6":"product_cat-specyfiki-marysi","7":"product_tag-90g","8":"product_tag-swieca-konopna-antydepresyjna","10":"first","11":"instock","12":"taxable","13":"shipping-taxable","14":"purchasable","15":"product-type-simple"},"jetpack_sharing_enabled":true,"_links":{"self":[{"href":"https:\/\/htb.com.pl\/index.php?rest_route=\/wp\/v2\/product\/29425","targetHints":{"allow":["GET"]}}],"collection":[{"href":"https:\/\/htb.com.pl\/index.php?rest_route=\/wp\/v2\/product"}],"about":[{"href":"https:\/\/htb.com.pl\/index.php?rest_route=\/wp\/v2\/types\/product"}],"replies":[{"embeddable":true,"href":"https:\/\/htb.com.pl\/index.php?rest_route=%2Fwp%2Fv2%2Fcomments&post=29425"}],"wp:featuredmedia":[{"embeddable":true,"href":"https:\/\/htb.com.pl\/index.php?rest_route=\/wp\/v2\/media\/29426"}],"wp:attachment":[{"href":"https:\/\/htb.com.pl\/index.php?rest_route=%2Fwp%2Fv2%2Fmedia&parent=29425"}],"curies":[{"name":"wp","href":"https:\/\/api.w.org\/{rel}","templated":true}]}}