{"id":31067,"date":"2020-10-05T07:28:56","date_gmt":"2020-10-05T07:28:56","guid":{"rendered":"https:\/\/htb.com.pl\/?post_type=product&#038;p=31067"},"modified":"2020-10-05T07:38:33","modified_gmt":"2020-10-05T07:38:33","slug":"mydlo-do-rak-w-plynie-300-ml","status":"publish","type":"product","link":"https:\/\/htb.com.pl\/?product=mydlo-do-rak-w-plynie-300-ml","title":{"rendered":"MYD\u0141O DO R\u0104K W P\u0141YNIE 300 ML"},"content":{"rendered":"<p>Ze wzgl\u0119du na swoje\u00a0<strong>w\u0142a\u015bciwo\u015bci koj\u0105ce<\/strong>, mo\u017ce by\u0107 stosowane przez osoby z problemami sk\u00f3ry. Pozostawia subtelny, \u015bwie\u017cy zapach pokrzywy oraz mi\u0119kk\u0105 i g\u0142adk\u0105 sk\u00f3r\u0119 r\u0105k. Produkt przeznaczony do codziennej piel\u0119gnacji, przebadany dermatologicznie w\u015br\u00f3d os\u00f3b o sk\u00f3rze wra\u017cliwej.<\/p>\n<p>\u2713 Olej z konopi &#8211; przyczynia si\u0119 do nawil\u017cenia i od\u017cywienia d\u0142oni. Wspomaga on tak\u017ce odbudow\u0119 nask\u00f3rka oraz wyg\u0142adza.<br \/>\n\u2713 Kolagen &#8211; przyspiesza regeneracj\u0119 sk\u00f3ry i zwi\u0119ksza jej elastyczno\u015b\u0107, spowalniaj\u0105c przy tym procesy starzenia.<br \/>\n\u2713 Pantenol &#8211; wp\u0142ywa koj\u0105co i \u0142agodz\u0105co, co sprawia, \u017ce myd\u0142o polecane jest r\u00f3wnie\u017c do piel\u0119gnacji sk\u00f3ry suchej i wra\u017cliwej.<\/p>\n<p>&nbsp;<\/p>\n<p>Spos\u00f3b u\u017cycia: niewielk\u0105 ilo\u015b\u0107 myd\u0142a nanie\u015b\u0107 na d\u0142onie, spieni\u0107, a nast\u0119pnie dok\u0142adnie sp\u0142uka\u0107.<\/p>\n<p>Pojemno\u015b\u0107: 300 ml<\/p>\n","protected":false},"excerpt":{"rendered":"<header>\n<div class=\"info\">\n<h1><span class=\"title\">MYD\u0141O DO R\u0104K W P\u0141YNIE 300 ML<\/span><\/h1>\n<div class=\"params\">\n<div class=\"lvi available\"><span class=\"label\">DOST\u0118PNO\u015a\u0106<\/span><span class=\"value\">PRODUKT DOST\u0118PNY<\/span><\/div>\n<div class=\"lvi\"><span class=\"label\">WYSY\u0141KA<\/span><span class=\"value\">24H<\/span><\/div>\n<\/div>\n<div class=\"addtocartbig\">\n<header>\n<div class=\"priceinfo\">CENA:\u00a0<span class=\"price\"><span class=\"amount\">29,99<\/span><span class=\"currency\">Z\u0141<\/span><\/span><\/div>\n<hr \/>\n<div class=\"widget\">ILO\u015a\u0106:\u00a0<span class=\"ui-spinner ui-widget ui-widget-content ui-corner-all\"><input class=\"forms-text ui-spinner-input\" role=\"spinbutton\" autocomplete=\"off\" type=\"text\" value=\"1\" aria-valuemin=\"1\" aria-valuenow=\"1\" \/><a class=\"ui-spinner-button ui-spinner-up ui-corner-tr ui-button ui-widget ui-state-default ui-button-text-only\" tabindex=\"-1\" role=\"button\">+<\/a><a class=\"ui-spinner-button ui-spinner-down ui-corner-br ui-button ui-widget ui-state-default ui-button-text-only\" tabindex=\"-1\" role=\"button\">&#8211;<\/a><\/span><a class=\"addbutton button\" href=\"https:\/\/www.indiacosmetics.pl\/p\/mydlo-do-rak-w-plynie-300-ml,280#\"><span class=\"addbutton__add\">DODAJ DO KOSZYKA<\/span><\/a><\/div>\n<hr \/>\n<\/header>\n<footer>\n<div class=\"total\">RAZEM:\u00a0<span class=\"price\"><span class=\"amount\">29,99<\/span><span class=\"currency\">Z\u0141<\/span><\/span><\/div>\n<\/footer>\n<\/div>\n<div class=\"checkcart\"><a href=\"https:\/\/www.indiacosmetics.pl\/cart\/\">SPRAWD\u0179 SW\u00d3J KOSZYK<\/a><\/div>\n<\/div>\n<\/header>\n<div class=\"cmstext\">\n<p><strong>NOWO\u015a\u0106!<\/strong><\/p>\n<p><strong>Myd\u0142o do r\u0105k w p\u0142ynie z olejem z konopi INDIA<\/strong>\u00a0skutecznie usuwa zanieczyszczenia oraz piel\u0119gnuje sk\u00f3r\u0119 d\u0142oni, dbaj\u0105c o jej prawid\u0142owe nawil\u017cenie.<\/p>\n<\/div>\n","protected":false},"featured_media":31069,"comment_status":"open","ping_status":"closed","template":"","meta":[],"class_list":{"0":"post-31067","1":"product","2":"type-product","3":"status-publish","4":"has-post-thumbnail","6":"product_cat-specyfiki-marysi","7":"product_tag-mydlo-do-rak-w-plynie-300-ml","9":"first","10":"instock","11":"taxable","12":"shipping-taxable","13":"purchasable","14":"product-type-simple"},"jetpack_sharing_enabled":true,"_links":{"self":[{"href":"https:\/\/htb.com.pl\/index.php?rest_route=\/wp\/v2\/product\/31067","targetHints":{"allow":["GET"]}}],"collection":[{"href":"https:\/\/htb.com.pl\/index.php?rest_route=\/wp\/v2\/product"}],"about":[{"href":"https:\/\/htb.com.pl\/index.php?rest_route=\/wp\/v2\/types\/product"}],"replies":[{"embeddable":true,"href":"https:\/\/htb.com.pl\/index.php?rest_route=%2Fwp%2Fv2%2Fcomments&post=31067"}],"wp:featuredmedia":[{"embeddable":true,"href":"https:\/\/htb.com.pl\/index.php?rest_route=\/wp\/v2\/media\/31069"}],"wp:attachment":[{"href":"https:\/\/htb.com.pl\/index.php?rest_route=%2Fwp%2Fv2%2Fmedia&parent=31067"}],"curies":[{"name":"wp","href":"https:\/\/api.w.org\/{rel}","templated":true}]}}