{"id":31071,"date":"2020-10-05T07:34:37","date_gmt":"2020-10-05T07:34:37","guid":{"rendered":"https:\/\/htb.com.pl\/?post_type=product&#038;p=31071"},"modified":"2024-03-07T07:34:48","modified_gmt":"2024-03-07T07:34:48","slug":"swieca-konopna-ognista-rozkosz-90g","status":"publish","type":"product","link":"https:\/\/htb.com.pl\/?product=swieca-konopna-ognista-rozkosz-90g","title":{"rendered":"\u015aWIECA KONOPNA &#8220;OGNISTA ROZKOSZ&#8221; 90G"},"content":{"rendered":"<p><strong>Aromatyczna \u015bwieca &#8220;Ognista rozkosz&#8221; &#8211; z naturalnego wosku sojowego, z olejem konopnym, o zapachu lawendy, go\u017adzik\u00f3w oraz paczuli.<\/strong><\/p>\n<p>&nbsp;<\/p>\n<p><strong>\u2713 \u015awieca konopna jest wykonana wy\u0142\u0105cznie z naturalnych sk\u0142adnik\u00f3w<\/strong>, bez parafiny czy substancji ropopochodnych. Nie wydziela substancji toksycznych podczas spalania, jest bezpieczna dla alergik\u00f3w. Bardzo ekonomiczna &#8211; d\u0142ugo\u015b\u0107 spalania &#8211; do 25 godzin.<\/p>\n<p><strong>\u2713 Olejek lawendowy\u00a0<\/strong>dzia\u0142a terapeutycznie, u\u0142atwia zasypianie i uspokaja. Odpr\u0119\u017cy i zrelaksuje ka\u017cdego swoim niezwyk\u0142ym aromatem.<\/p>\n<p><strong>\u2713 Olejek go\u017adzikowy\u00a0<\/strong>charakteryzuje si\u0119 ciep\u0142ym, korzennym zapachem, kt\u00f3ry wp\u0142ywa pozytywnie na nasz nastr\u00f3j.<\/p>\n<p align=\"JUSTIFY\"><strong>\u2713 Olejek paczulowy\u00a0<\/strong>posiada drzewno-korzenny zapach. Dodatkowo, wykazuje w\u0142\u0105sciwo\u015bci antydepresyjne i uspokajaj\u0105ce.<\/p>\n<p align=\"JUSTIFY\"><strong>\u2713 \u015awieca konopna India mo\u017ce by\u0107 stosowana r\u00f3wnie\u017c do masa\u017cu cia\u0142a,\u00a0<\/strong>poniewa\u017c charakteryzuje si\u0119 stosunkowo nisk\u0105 temperatur\u0105 topnienia, co oznacza, \u017ce roztopiony wosk mo\u017ce by\u0107 wylewany bezpo\u015brednio na sk\u00f3r\u0119, nie powoduj\u0105c jej poparzenia. Sk\u00f3ra po zastosowaniu wosku pozostaje nawil\u017cona, g\u0142adka i jedwabista.<\/p>\n<p>&nbsp;<\/p>\n<p align=\"JUSTIFY\">Masa netto: 90 g<\/p>\n","protected":false},"excerpt":{"rendered":"<p><strong><img loading=\"lazy\" decoding=\"async\" class=\"alignnone size-full wp-image-44980\" src=\"https:\/\/htb.com.pl\/wp-content\/uploads\/2019\/06\/Tel-ma\u0142y.jpg\" alt=\"\" width=\"97\" height=\"100\" \/> (48) 519652500<\/strong><\/p>\n<h1><a href=\"https:\/\/www.indiacosmetics.pl\/p\/swieca-konopna-ognista-rozkosz-90-g,281\">TU ZAMAWIAMY<\/a><\/h1>\n<p><strong>Koszyk to towar z wyprzeda\u017cy<\/strong><\/p>\n<p>&nbsp;<\/p>\n","protected":false},"featured_media":31072,"comment_status":"open","ping_status":"closed","template":"","meta":[],"class_list":{"0":"post-31071","1":"product","2":"type-product","3":"status-publish","4":"has-post-thumbnail","6":"product_cat-specyfiki-marysi","7":"product_tag-swieca-konopna-ognista-rozkosz-90g","9":"first","10":"instock","11":"taxable","12":"shipping-taxable","13":"purchasable","14":"product-type-simple"},"jetpack_sharing_enabled":true,"_links":{"self":[{"href":"https:\/\/htb.com.pl\/index.php?rest_route=\/wp\/v2\/product\/31071","targetHints":{"allow":["GET"]}}],"collection":[{"href":"https:\/\/htb.com.pl\/index.php?rest_route=\/wp\/v2\/product"}],"about":[{"href":"https:\/\/htb.com.pl\/index.php?rest_route=\/wp\/v2\/types\/product"}],"replies":[{"embeddable":true,"href":"https:\/\/htb.com.pl\/index.php?rest_route=%2Fwp%2Fv2%2Fcomments&post=31071"}],"wp:featuredmedia":[{"embeddable":true,"href":"https:\/\/htb.com.pl\/index.php?rest_route=\/wp\/v2\/media\/31072"}],"wp:attachment":[{"href":"https:\/\/htb.com.pl\/index.php?rest_route=%2Fwp%2Fv2%2Fmedia&parent=31071"}],"curies":[{"name":"wp","href":"https:\/\/api.w.org\/{rel}","templated":true}]}}