{"id":32821,"date":"2020-11-09T07:02:15","date_gmt":"2020-11-09T07:02:15","guid":{"rendered":"https:\/\/htb.com.pl\/?post_type=product&#038;p=32821"},"modified":"2023-04-18T12:27:37","modified_gmt":"2023-04-18T12:27:37","slug":"pozdrowienie-na-antenie","status":"publish","type":"product","link":"https:\/\/htb.com.pl\/?product=pozdrowienie-na-antenie","title":{"rendered":"Pozdrowienie na antenie"},"content":{"rendered":"<ul>\n<li><audio class=\"wp-audio-shortcode\" id=\"audio-32821-1\" preload=\"none\" style=\"width: 100%;\" controls=\"controls\"><source type=\"audio\/mpeg\" src=\"https:\/\/htb.com.pl\/wp-content\/uploads\/2020\/11\/SIEDEM-\u0141EZ-Goombay-Dance-Band.mp3?_=1\" \/><a href=\"https:\/\/htb.com.pl\/wp-content\/uploads\/2020\/11\/SIEDEM-\u0141EZ-Goombay-Dance-Band.mp3\">https:\/\/htb.com.pl\/wp-content\/uploads\/2020\/11\/SIEDEM-\u0141EZ-Goombay-Dance-Band.mp3<\/a><\/audio>\n<p>Pozdrowienie mo\u017cna zam\u00f3wi\u0107 przez formularz, wtedy proponowany tekst\u00a0 wpisujemy w uwagach do zam\u00f3wienia.<\/li>\n<li>Zam\u00f3wienie przez e-mail: <a href=\"mailto:biuro@radiomaria.com.pl\">biuro@radiomaria.com.pl<\/a>\u00a0 umo\u017cliwia wybranie utworu i dodanie w pliku Mp3 lub M4A swojej wypowiedzi.<\/li>\n<li><strong>SMS na numer (+48) 519652500<\/strong><\/li>\n<li><strong>Albo po prostu prosz\u0119 zadzwoni\u0107.<\/strong> Pogadamy i wszystko dogadamy. Jan Chmura <strong>Tel: (+48) 519652500<\/strong><\/li>\n<\/ul>\n","protected":false},"excerpt":{"rendered":"<p>Zamawiamy i pozdrawiamy, a za &#8220;pi\u0105taka&#8221; rabat na<a href=\"https:\/\/htb.com.pl\/?product_cat=specyfiki-marysi\"><strong> KOSMETYKI I SPECYFIKI MARYSI<\/strong><\/a> mamy. \u017beby pos\u0142ucha\u0107 co teraz gramy,<\/p>\n<p><a href=\"http:\/\/stacja.radiohost.pl\/customBoxes\/link\/568\/8d5a0\/type\/aplayer2\/\"><strong>TU KLIKAMY<\/strong><\/a><\/p>\n<p><img loading=\"lazy\" decoding=\"async\" class=\"alignnone size-full wp-image-44980\" src=\"https:\/\/htb.com.pl\/wp-content\/uploads\/2019\/06\/Tel-ma\u0142y.jpg\" alt=\"\" width=\"97\" height=\"100\" \/> (+48) 519652500<\/p>\n<p>&nbsp;<\/p>\n","protected":false},"featured_media":32815,"comment_status":"open","ping_status":"closed","template":"","meta":[],"class_list":{"0":"post-32821","1":"product","2":"type-product","3":"status-publish","4":"has-post-thumbnail","6":"product_cat-bez-kategorii","7":"product_cat-wszystko-po-5-zl","9":"first","10":"instock","11":"taxable","12":"shipping-taxable","13":"purchasable","14":"product-type-simple"},"jetpack_sharing_enabled":true,"_links":{"self":[{"href":"https:\/\/htb.com.pl\/index.php?rest_route=\/wp\/v2\/product\/32821","targetHints":{"allow":["GET"]}}],"collection":[{"href":"https:\/\/htb.com.pl\/index.php?rest_route=\/wp\/v2\/product"}],"about":[{"href":"https:\/\/htb.com.pl\/index.php?rest_route=\/wp\/v2\/types\/product"}],"replies":[{"embeddable":true,"href":"https:\/\/htb.com.pl\/index.php?rest_route=%2Fwp%2Fv2%2Fcomments&post=32821"}],"wp:featuredmedia":[{"embeddable":true,"href":"https:\/\/htb.com.pl\/index.php?rest_route=\/wp\/v2\/media\/32815"}],"wp:attachment":[{"href":"https:\/\/htb.com.pl\/index.php?rest_route=%2Fwp%2Fv2%2Fmedia&parent=32821"}],"curies":[{"name":"wp","href":"https:\/\/api.w.org\/{rel}","templated":true}]}}