{"id":33026,"date":"2020-11-13T07:08:52","date_gmt":"2020-11-13T07:08:52","guid":{"rendered":"https:\/\/htb.com.pl\/?post_type=product&#038;p=33026"},"modified":"2020-11-13T07:10:37","modified_gmt":"2020-11-13T07:10:37","slug":"voulez-vous-abba-cd","status":"publish","type":"product","link":"https:\/\/htb.com.pl\/?product=voulez-vous-abba-cd","title":{"rendered":"Voulez &#8211; Vous    Abba CD"},"content":{"rendered":"<p>P\u0142yta t\u0105 jest zwi\u0105zana pewna historia, kt\u00f3r\u0105 opisa\u0142em we wpisie <a href=\"https:\/\/htb.com.pl\/?p=12170\">&#8220;Zas\u0142u\u017ceni dzia\u0142acze&#8221;<\/a>, Ciqitita utw\u00f3r z tej p\u0142yty godzi\u0142\u00a0 ludzi w Hiszpanii. Prosz\u0119 przeczyta\u0107 jak Polak\u00f3w w \u015awi\u0119to Niepodleg\u0142o\u015bci 1986 roku pogodzi\u0142.<\/p>\n","protected":false},"excerpt":{"rendered":"<table cellspacing=\"0\" cellpadding=\"5\">\n<tbody>\n<tr valign=\"top\">\n<td>\n<table cellspacing=\"0\" cellpadding=\"0\">\n<tbody>\n<tr>\n<td>\n<table border=\"0\" cellspacing=\"0\" cellpadding=\"0\">\n<tbody>\n<tr>\n<td>Voulez &#8211; Vous<\/td>\n<\/tr>\n<\/tbody>\n<\/table>\n<\/td>\n<td align=\"right\" nowrap=\"nowrap\" width=\"60\">\n<table cellspacing=\"0\" cellpadding=\"0\">\n<tbody>\n<tr>\n<td nowrap=\"nowrap\"><\/td>\n<\/tr>\n<\/tbody>\n<\/table>\n<\/td>\n<\/tr>\n<tr>\n<td colspan=\"2\" height=\"5\">Singiel <strong>Ciqutita <\/strong>promowa\u0142 ten album. Marysia to uwielbia\u0142a<\/td>\n<\/tr>\n<tr>\n<td colspan=\"2\" valign=\"top\">\n<table border=\"0\" width=\"100%\" cellspacing=\"0\" cellpadding=\"0\">\n<tbody>\n<tr>\n<td>\n<table border=\"0\" width=\"100%\" cellspacing=\"0\" cellpadding=\"0\">\n<tbody>\n<tr>\n<td>\n<div>Abba<\/div>\n<\/td>\n<\/tr>\n<tr>\n<td align=\"left\">\n<div>wydawnictwo:\u00a0<b>Universal Music Polska<\/b>, rok wydania:\u00a0<b>2001<\/b><\/div>\n<div>\n[audio mp3=\"https:\/\/htb.com.pl\/wp-content\/uploads\/2020\/11\/Abba-Chiquitita.mp3\"][\/audio]\n<\/div>\n<\/td>\n<\/tr>\n<\/tbody>\n<\/table>\n<\/td>\n<\/tr>\n<\/tbody>\n<\/table>\n<p>&nbsp;<\/td>\n<\/tr>\n<\/tbody>\n<\/table>\n<\/td>\n<\/tr>\n<\/tbody>\n<\/table>\n","protected":false},"featured_media":33027,"comment_status":"open","ping_status":"closed","template":"","meta":[],"class_list":{"0":"post-33026","1":"product","2":"type-product","3":"status-publish","4":"has-post-thumbnail","6":"product_tag-voulez-vous-abba","8":"first","9":"instock","10":"taxable","11":"shipping-taxable","12":"purchasable","13":"product-type-simple"},"jetpack_sharing_enabled":true,"_links":{"self":[{"href":"https:\/\/htb.com.pl\/index.php?rest_route=\/wp\/v2\/product\/33026","targetHints":{"allow":["GET"]}}],"collection":[{"href":"https:\/\/htb.com.pl\/index.php?rest_route=\/wp\/v2\/product"}],"about":[{"href":"https:\/\/htb.com.pl\/index.php?rest_route=\/wp\/v2\/types\/product"}],"replies":[{"embeddable":true,"href":"https:\/\/htb.com.pl\/index.php?rest_route=%2Fwp%2Fv2%2Fcomments&post=33026"}],"wp:featuredmedia":[{"embeddable":true,"href":"https:\/\/htb.com.pl\/index.php?rest_route=\/wp\/v2\/media\/33027"}],"wp:attachment":[{"href":"https:\/\/htb.com.pl\/index.php?rest_route=%2Fwp%2Fv2%2Fmedia&parent=33026"}],"curies":[{"name":"wp","href":"https:\/\/api.w.org\/{rel}","templated":true}]}}