{"id":34426,"date":"2020-12-11T11:58:52","date_gmt":"2020-12-11T11:58:52","guid":{"rendered":"https:\/\/htb.com.pl\/?post_type=product&#038;p=34426"},"modified":"2020-12-11T12:03:14","modified_gmt":"2020-12-11T12:03:14","slug":"piec-gazowy-termet","status":"publish","type":"product","link":"https:\/\/htb.com.pl\/?product=piec-gazowy-termet","title":{"rendered":"Piec gazowy TERMET"},"content":{"rendered":"<p>Nie u\u017cywany &#8211; stary typ i raczej nie warto go montowa\u0107 ale mo\u017ce s\u0142u\u017cy\u0107 na cz\u0119\u015bci.<\/p>\n","protected":false},"excerpt":{"rendered":"<p>Piec gazowy do centralnego<\/p>\n","protected":false},"featured_media":34427,"comment_status":"open","ping_status":"closed","template":"","meta":[],"class_list":{"0":"post-34426","1":"product","2":"type-product","3":"status-publish","4":"has-post-thumbnail","6":"product_tag-piec-gazowy-termet","8":"first","9":"instock","10":"taxable","11":"shipping-taxable","12":"purchasable","13":"product-type-simple"},"jetpack_sharing_enabled":true,"_links":{"self":[{"href":"https:\/\/htb.com.pl\/index.php?rest_route=\/wp\/v2\/product\/34426","targetHints":{"allow":["GET"]}}],"collection":[{"href":"https:\/\/htb.com.pl\/index.php?rest_route=\/wp\/v2\/product"}],"about":[{"href":"https:\/\/htb.com.pl\/index.php?rest_route=\/wp\/v2\/types\/product"}],"replies":[{"embeddable":true,"href":"https:\/\/htb.com.pl\/index.php?rest_route=%2Fwp%2Fv2%2Fcomments&post=34426"}],"wp:featuredmedia":[{"embeddable":true,"href":"https:\/\/htb.com.pl\/index.php?rest_route=\/wp\/v2\/media\/34427"}],"wp:attachment":[{"href":"https:\/\/htb.com.pl\/index.php?rest_route=%2Fwp%2Fv2%2Fmedia&parent=34426"}],"curies":[{"name":"wp","href":"https:\/\/api.w.org\/{rel}","templated":true}]}}