{"id":35963,"date":"2021-01-12T09:42:28","date_gmt":"2021-01-12T09:42:28","guid":{"rendered":"https:\/\/htb.com.pl\/?post_type=product&#038;p=35963"},"modified":"2026-04-04T12:19:30","modified_gmt":"2026-04-04T12:19:30","slug":"mieszanka-przeciwcukrzycowa-50g","status":"publish","type":"product","link":"https:\/\/htb.com.pl\/?product=mieszanka-przeciwcukrzycowa-50g","title":{"rendered":"MIESZANKA &#8220;PRZECIWCUKRZYCOWA&#8221; 50G"},"content":{"rendered":"<p><strong>Sk\u0142adniki:<\/strong><\/p>\n<ul>\n<li>cykoria podr\u00f3\u017cnik (Cichorium intybus),<\/li>\n<li>kwiat czarnego bzu (Sambucus nigra),<\/li>\n<li>li\u015bcie orzecha w\u0142oskiego (Juglans regia),<\/li>\n<li>aksamitka (Tagetes),<\/li>\n<li>li\u015bcie bor\u00f3wki (Vaccinium),<\/li>\n<li>jasnota bia\u0142a (Lamium album),<\/li>\n<li>rdest ptasi (Polygonum aviculare),<\/li>\n<li>pokrzywa zwyczajna (Urtica dioica),<\/li>\n<li>li\u015bcie wierzb\u00f3wki kiprzycy (Epilobium angustifolium).<\/li>\n<\/ul>\n<p>Mieszanka zalecana jest szczeg\u00f3lnie przy cukrzycy typu 2.\u00a0 Napar ze specjalnie dobranych zi\u00f3\u0142 warto stosowa\u0107 przy zaburzeniach wydzielania insuliny, wzro\u015bcie poziomu cukru we krwi a tak\u017ce przy problemach z przemian\u0105 materii. Dzi\u0119ki zawarto\u015bci hormon\u00f3w ro\u015blinnych oraz substancji chemicznych przypominaj\u0105cych dzia\u0142anie insuliny w bor\u00f3wce oraz pokrzywie, herbatka sprzyja obni\u017ceniu poziomu cukru we krwi. Rdest ptasi, orzech w\u0142oski i cykoria podr\u00f3\u017cnik wspomagaj\u0105 metabolizm, nasycaj\u0105 organizm mikroelementami oraz innymi niezb\u0119dnymi substancjami chemicznymi. Li\u015bcie wierzb\u00f3wki kiprzycy, jasnota bia\u0142a, kwiat czarnego bzu oraz aksamitka wp\u0142ywaj\u0105 korzystnie na wzmocnienie ca\u0142ego organizmu.<\/p>\n<p><strong>Spos\u00f3b przygotowania (parzenia):<\/strong>\u00a0dwie \u0142y\u017cki sto\u0142owe mieszanki zala\u0107 500 ml wrz\u0105tku, przykry\u0107 i parzy\u0107 30 min. Pi\u0107 co trzy godziny po 50-70 ml, 5-6 razy dziennie. Produkt przechowywa\u0107 w suchym i ch\u0142odnym pomieszczeniu.<\/p>\n<p>&nbsp;<\/p>\n<p>Masa netto: 50 g<\/p>\n","protected":false},"excerpt":{"rendered":"<h1><a href=\"https:\/\/www.indiacosmetics.pl\/p\/mieszanka-przeciwcukrzycowa-50-g,295\">TU Z<\/a><a href=\"https:\/\/www.indiacosmetics.pl\/p\/mieszanka-przeciwcukrzycowa-50-g,295\">AMAWIAMY<\/a><\/h1>\n<p><strong>Koszyk to towar z wyprzeda\u017cy<\/strong><\/p>\n","protected":false},"featured_media":35964,"comment_status":"open","ping_status":"closed","template":"","meta":[],"class_list":{"0":"post-35963","1":"product","2":"type-product","3":"status-publish","4":"has-post-thumbnail","6":"product_cat-specyfiki-marysi","7":"product_tag-mieszanka-przeciwcukrzycowa-50g","9":"first","10":"instock","11":"taxable","12":"shipping-taxable","13":"purchasable","14":"product-type-simple"},"jetpack_sharing_enabled":true,"_links":{"self":[{"href":"https:\/\/htb.com.pl\/index.php?rest_route=\/wp\/v2\/product\/35963","targetHints":{"allow":["GET"]}}],"collection":[{"href":"https:\/\/htb.com.pl\/index.php?rest_route=\/wp\/v2\/product"}],"about":[{"href":"https:\/\/htb.com.pl\/index.php?rest_route=\/wp\/v2\/types\/product"}],"replies":[{"embeddable":true,"href":"https:\/\/htb.com.pl\/index.php?rest_route=%2Fwp%2Fv2%2Fcomments&post=35963"}],"wp:featuredmedia":[{"embeddable":true,"href":"https:\/\/htb.com.pl\/index.php?rest_route=\/wp\/v2\/media\/35964"}],"wp:attachment":[{"href":"https:\/\/htb.com.pl\/index.php?rest_route=%2Fwp%2Fv2%2Fmedia&parent=35963"}],"curies":[{"name":"wp","href":"https:\/\/api.w.org\/{rel}","templated":true}]}}