{"id":3746,"date":"2019-06-05T13:13:09","date_gmt":"2019-06-05T13:13:09","guid":{"rendered":"https:\/\/htb.com.pl\/?post_type=product&#038;p=3746"},"modified":"2020-08-28T06:21:43","modified_gmt":"2020-08-28T06:21:43","slug":"spinacz-zakladka","status":"publish","type":"product","link":"https:\/\/htb.com.pl\/?product=spinacz-zakladka","title":{"rendered":"Spinacz zak\u0142adka (4szt.)"},"content":{"rendered":"<p>Spinacz wykonany jest z drewna. Umo\u017cliwia uporz\u0105dkowanie dokument\u00f3w na biurku. Kod QR otworzy zawsze kontrowersyjny wpis na moim blogu, lub dowolny link wybrany przez Ciebie.<\/p>\n","protected":false},"excerpt":{"rendered":"<table cellspacing=\"0\" cellpadding=\"0\">\n<tbody>\n<tr>\n<td>\n<table border=\"0\" cellspacing=\"0\" cellpadding=\"0\">\n<tbody>\n<tr>\n<td><span>Drewniane tabliczki (4 sztuki)<\/span><\/td>\n<\/tr>\n<\/tbody>\n<\/table>\n<\/td>\n<td align=\"right\" nowrap=\"nowrap\" width=\"60\">\n<table cellspacing=\"0\" cellpadding=\"0\">\n<tbody>\n<tr>\n<td nowrap=\"nowrap\"><span style=\"color: black;\"><b>5,82<\/b>\u00a0z\u0142<\/span><\/td>\n<\/tr>\n<\/tbody>\n<\/table>\n<\/td>\n<\/tr>\n<tr>\n<td colspan=\"2\" height=\"5\"><\/td>\n<\/tr>\n<tr>\n<td colspan=\"2\" valign=\"top\">\n<table border=\"0\" width=\"100%\" cellspacing=\"0\" cellpadding=\"0\">\n<tbody>\n<tr>\n<td>\n<table border=\"0\" width=\"100%\" cellspacing=\"0\" cellpadding=\"0\">\n<tbody>\n<tr>\n<td align=\"left\">\n<div>producent:\u00a0<b>Craft with Fun<\/b>, rok wydania:\u00a0<b>2018<\/b><\/div>\n<\/td>\n<\/tr>\n<\/tbody>\n<\/table>\n<div align=\"justify\">Przy pomocy tego produktu mo\u017cesz zaprojektowa\u0107 w\u0142asne ozdoby lub dekoracje. Idealne do wykonywania wszelkich prac dekoratorskich, jak r\u00f3wnie\u017c do zabaw plastycznych, do wzbogacania ozd\u00f3b wykonanych technik\u0105 decoupage. Przeznaczony jest do dekoracji papieru, kartonu, drewna i innych powierzchni. U\u017cywaj tych produkt\u00f3w w po\u0142\u0105c&#8230;<\/div>\n<\/td>\n<\/tr>\n<\/tbody>\n<\/table>\n<\/td>\n<\/tr>\n<\/tbody>\n<\/table>\n","protected":false},"featured_media":29116,"comment_status":"open","ping_status":"closed","template":"","meta":[],"class_list":{"0":"post-3746","1":"product","2":"type-product","3":"status-publish","4":"has-post-thumbnail","6":"product_cat-bez-kategorii","7":"product_tag-spinacz-do-dokumentow","8":"product_tag-zakladka-do-ksiazki","10":"first","11":"instock","12":"taxable","13":"shipping-taxable","14":"purchasable","15":"product-type-simple"},"jetpack_sharing_enabled":true,"_links":{"self":[{"href":"https:\/\/htb.com.pl\/index.php?rest_route=\/wp\/v2\/product\/3746","targetHints":{"allow":["GET"]}}],"collection":[{"href":"https:\/\/htb.com.pl\/index.php?rest_route=\/wp\/v2\/product"}],"about":[{"href":"https:\/\/htb.com.pl\/index.php?rest_route=\/wp\/v2\/types\/product"}],"replies":[{"embeddable":true,"href":"https:\/\/htb.com.pl\/index.php?rest_route=%2Fwp%2Fv2%2Fcomments&post=3746"}],"wp:featuredmedia":[{"embeddable":true,"href":"https:\/\/htb.com.pl\/index.php?rest_route=\/wp\/v2\/media\/29116"}],"wp:attachment":[{"href":"https:\/\/htb.com.pl\/index.php?rest_route=%2Fwp%2Fv2%2Fmedia&parent=3746"}],"curies":[{"name":"wp","href":"https:\/\/api.w.org\/{rel}","templated":true}]}}