{"id":3764,"date":"2019-06-06T12:14:03","date_gmt":"2019-06-06T12:14:03","guid":{"rendered":"https:\/\/htb.com.pl\/?post_type=product&#038;p=3764"},"modified":"2021-05-06T06:57:43","modified_gmt":"2021-05-06T06:57:43","slug":"pomadka-ochronna-z-olejem-konopnym","status":"publish","type":"product","link":"https:\/\/htb.com.pl\/?product=pomadka-ochronna-z-olejem-konopnym","title":{"rendered":"Pomadka ochronna z olejem konopnym."},"content":{"rendered":"<p>Specjalna formu\u0142a\u00a0<strong>delikatnie nat\u0142uszcza<\/strong>, tworz\u0105c na ustach warstw\u0119 ochronn\u0105, chroni\u0105c\u0105 przed wysuszeniem szkodliwym wp\u0142ywem czynnik\u00f3w zewn\u0119trznych, t.j. ch\u0142odne powietrze czy porywisty wiatr.. Jednocze\u015bnie pomadka delikatnie\u00a0<strong>nab\u0142yszcza<\/strong>\u00a0i nadaje ustom\u00a0<strong>zdrowy wygl\u0105d<\/strong>.<\/p>\n<p>Z bezbarwn\u0105 pomadk\u0105 ochronn\u0105 India nie gro\u017c\u0105 Ci ju\u017c takie nieprzyjemno\u015bci, jak jak\u00a0<strong>suche<\/strong>\u00a0czy\u00a0<strong>pop\u0119kane usta<\/strong>.<\/p>\n<p>W sk\u0142adzie pomadki odnajdziecie takie<strong>\u00a0naturalne sk\u0142adniki aktywne<\/strong>, jak:<\/p>\n<p><strong>\u2713\u00a0<\/strong>Olej z konopi &#8211; dzia\u0142a \u0142agodz\u0105co na podra\u017cnion\u0105 sk\u00f3r\u0119 i przyspiesza jej regeneracj\u0119, a jednocze\u015bnie delikatnie nat\u0142uszcza, tworz\u0105c os\u0142on\u0119 przed ch\u0142odem, wiatrem czy promieniami s\u0142onecznymi;<\/p>\n<p><strong>\u2713\u00a0<\/strong>Olej bawe\u0142niany &#8211; doskonale od\u017cywia i chroni nadwra\u017cliw\u0105 sk\u00f3r\u0119;<\/p>\n<p><strong>\u2713\u00a0<\/strong>Witamina E &#8211; chroni nask\u00f3rek i regeneruje w\u0142\u00f3kna kolagenowe, zmi\u0119kcza i wyg\u0142adza;<\/p>\n<p><strong>\u2713\u00a0<\/strong>Olej migda\u0142owy &#8211; posiada w\u0142a\u015bciwo\u015bci przeciwzapalne, neutralizuje wolne rodniki.<\/p>\n<p><strong>\u2713\u00a0<\/strong>Olej migda\u0142owy &#8211; posiada w\u0142a\u015bciwo\u015bci przeciwzapalne, neutralizuje wolne rodniki.<\/p>\n<p>Spos\u00f3b u\u017cycia: Stosowa\u0107 kilkakrotnie w ci\u0105gu dnia w zale\u017cno\u015bci od potrzeb.<\/p>\n<p>Waga: 3,8 g<\/p>\n","protected":false},"excerpt":{"rendered":"<p><img loading=\"lazy\" decoding=\"async\" class=\"alignnone size-full wp-image-44980\" src=\"https:\/\/htb.com.pl\/wp-content\/uploads\/2019\/06\/Tel-ma\u0142y.jpg\" alt=\"\" width=\"97\" height=\"100\" \/> (+48) 519652500<\/p>\n<p>Doskonale<strong>\u00a0nawil\u017ca i od\u017cywia usta<\/strong>\u00a0\u2013 sprawiaj\u0105c, \u017ce staj\u0105 si\u0119\u00a0<strong>mi\u0119kkie i zadbane<\/strong>.<\/p>\n","protected":false},"featured_media":3765,"comment_status":"open","ping_status":"closed","template":"","meta":[],"class_list":{"0":"post-3764","1":"product","2":"type-product","3":"status-publish","4":"has-post-thumbnail","7":"first","8":"instock","9":"taxable","10":"shipping-taxable","11":"purchasable","12":"product-type-simple"},"jetpack_sharing_enabled":true,"_links":{"self":[{"href":"https:\/\/htb.com.pl\/index.php?rest_route=\/wp\/v2\/product\/3764","targetHints":{"allow":["GET"]}}],"collection":[{"href":"https:\/\/htb.com.pl\/index.php?rest_route=\/wp\/v2\/product"}],"about":[{"href":"https:\/\/htb.com.pl\/index.php?rest_route=\/wp\/v2\/types\/product"}],"replies":[{"embeddable":true,"href":"https:\/\/htb.com.pl\/index.php?rest_route=%2Fwp%2Fv2%2Fcomments&post=3764"}],"wp:featuredmedia":[{"embeddable":true,"href":"https:\/\/htb.com.pl\/index.php?rest_route=\/wp\/v2\/media\/3765"}],"wp:attachment":[{"href":"https:\/\/htb.com.pl\/index.php?rest_route=%2Fwp%2Fv2%2Fmedia&parent=3764"}],"curies":[{"name":"wp","href":"https:\/\/api.w.org\/{rel}","templated":true}]}}