{"id":3766,"date":"2019-06-06T12:27:15","date_gmt":"2019-06-06T12:27:15","guid":{"rendered":"https:\/\/htb.com.pl\/?post_type=product&#038;p=3766"},"modified":"2024-03-05T14:16:14","modified_gmt":"2024-03-05T14:16:14","slug":"damskie-perfumy-z-linii-india","status":"publish","type":"product","link":"https:\/\/htb.com.pl\/?product=damskie-perfumy-z-linii-india","title":{"rendered":"Damskie perfumy z linii India"},"content":{"rendered":"<p>Perfumy India utrzymuj\u0105 si\u0119 na sk\u00f3rze i ubraniach przez wiele godzin po u\u017cyciu, pozwalaj\u0105c powoli uwalnia\u0107 si\u0119 kolejnym nutom z kompozycji zapachowej \u2013 z podstaw\u0105 w postaci niebywale aromatycznej esencji z paczuli i intensywnego pi\u017cma.<br \/>\nOryginalny zapach, z\u0142o\u017cony ze s\u0142odkich nut kwiatowych, prze\u0142amywanych paczul\u0105, pi\u017cmem i\u00a0<strong>zapachem konopi<\/strong>, nape\u0142ni Ci\u0119 now\u0105 energi\u0105 i optymizmem oraz pozwoli zaimponowa\u0107 wszystkim w Twoim otoczeniu.<br \/>\nPerfumy India to doskona\u0142y\u00a0<strong>pomys\u0142 na wyj\u0105tkowy prezent<\/strong>.<\/p>\n<p>Po\u015br\u00f3d nut zapachowych perfum India, wyr\u00f3\u017cni\u0107 mo\u017cna:<br \/>\n\u2713 \u015awie\u017ca trawa<br \/>\n\u2713 Brzoskwinia<br \/>\n\u2713 Piwonia<br \/>\n\u2713 R\u00f3\u017ca<br \/>\n\u2713 Kadzid\u0142o<br \/>\n\u2713 Konopia<br \/>\n\u2713 Pi\u017cmo<br \/>\n\u2713 Paczula<br \/>\n\u2713 Brzoza<\/p>\n<p>Pojemno\u015b\u0107: 45 ml<\/p>\n","protected":false},"excerpt":{"rendered":"<p><img loading=\"lazy\" decoding=\"async\" class=\"alignnone size-full wp-image-44980\" src=\"https:\/\/htb.com.pl\/wp-content\/uploads\/2019\/06\/Tel-ma\u0142y.jpg\" alt=\"\" width=\"97\" height=\"100\" \/> (+48) 519652500<\/p>\n<h1><a href=\"https:\/\/www.indiacosmetics.pl\/p\/perfumy-damskie-z-nuta-konopi-45-ml,40\">TU ZAMAWIAMY<\/a><\/h1>\n<p><strong>Koszyk to towar z wyprzeda\u017cy<\/strong><\/p>\n","protected":false},"featured_media":3767,"comment_status":"open","ping_status":"closed","template":"","meta":[],"class_list":{"0":"post-3766","1":"product","2":"type-product","3":"status-publish","4":"has-post-thumbnail","7":"first","8":"instock","9":"taxable","10":"shipping-taxable","11":"purchasable","12":"product-type-simple"},"jetpack_sharing_enabled":true,"_links":{"self":[{"href":"https:\/\/htb.com.pl\/index.php?rest_route=\/wp\/v2\/product\/3766","targetHints":{"allow":["GET"]}}],"collection":[{"href":"https:\/\/htb.com.pl\/index.php?rest_route=\/wp\/v2\/product"}],"about":[{"href":"https:\/\/htb.com.pl\/index.php?rest_route=\/wp\/v2\/types\/product"}],"replies":[{"embeddable":true,"href":"https:\/\/htb.com.pl\/index.php?rest_route=%2Fwp%2Fv2%2Fcomments&post=3766"}],"wp:featuredmedia":[{"embeddable":true,"href":"https:\/\/htb.com.pl\/index.php?rest_route=\/wp\/v2\/media\/3767"}],"wp:attachment":[{"href":"https:\/\/htb.com.pl\/index.php?rest_route=%2Fwp%2Fv2%2Fmedia&parent=3766"}],"curies":[{"name":"wp","href":"https:\/\/api.w.org\/{rel}","templated":true}]}}