{"id":3772,"date":"2019-06-06T13:11:22","date_gmt":"2019-06-06T13:11:22","guid":{"rendered":"https:\/\/htb.com.pl\/?post_type=product&#038;p=3772"},"modified":"2021-05-10T10:48:00","modified_gmt":"2021-05-10T10:48:00","slug":"szampon-do-wlosow-400ml","status":"publish","type":"product","link":"https:\/\/htb.com.pl\/?product=szampon-do-wlosow-400ml","title":{"rendered":"SZAMPON DO W\u0141OS\u00d3W 400ML"},"content":{"rendered":"<p><strong>Nawil\u017cenie, wyg\u0142adzanie i pogrubienie struktury w\u0142osa<\/strong>\u00a0i\u00a0<strong>zapobieganie rozdwajaniu ko\u0144c\u00f3wek<\/strong>\u00a0to naturalne w\u0142a\u015bciwo\u015bci\u00a0<strong>oleju konopnego<\/strong>, najwa\u017cniejszego ze sk\u0142adniku aktywnych\u00a0<strong>Szamponu do w\u0142os\u00f3w<\/strong>\u00a0India.<\/p>\n<p><strong>Olej z konopi<\/strong>\u00a0wykazuje wysokie powinowactwo do\u00a0<strong>keratyny<\/strong>, przez co jest\u00a0<strong>\u0142atwo wch\u0142aniany przez w\u0142osy<\/strong>\u00a0i\u00a0<strong>nadaje im po\u0142ysku<\/strong>,\u00a0<strong>g\u0142adko\u015bci<\/strong>\u00a0i\u00a0<strong>zwi\u0119ksza ich obj\u0119to\u015b\u0107<\/strong>. Zawarto\u015b\u0107 sk\u0142adnik\u00f3w od\u017cywczyczych (przede wszystkim NNKT) wp\u0142ywa na regulacj\u0119 pracy gruczo\u0142\u00f3w \u0142ojowych na g\u0142owie, a tym samym\u00a0<strong>zapobiega przet\u0142uszczaniu si\u0119 w\u0142os\u00f3w<\/strong>. Substancje dodatkowe\u00a0<strong>pomagaj\u0105 w rozczesywaniu<\/strong>\u00a0i uk\u0142adaniu fryzury.<br \/>\n<strong>\u2713<\/strong>\u00a0Olej z konopi &#8211; intensywnie od\u017cywia w\u0142osy i sprawia, \u017ce \u0142atwiej si\u0119 rozczesuj\u0105 oraz dzia\u0142a \u0142agodz\u0105co na podra\u017cnion\u0105 sk\u00f3r\u0119 g\u0142owy. Dzi\u0119ki zawarto\u015bci sk\u0142adnik\u00f3w od\u017cywczych, zapobiega przet\u0142uszczaniu si\u0119 w\u0142os\u00f3w.<br \/>\n<strong>\u2713\u00a0<\/strong>Kolagen &#8211; utrzymuje prawid\u0142owe nawil\u017cenie, poprawia struktur\u0119 i obj\u0119to\u015b\u0107 w\u0142os\u00f3w oraz pozytywnie wp\u0142ywa na ich naturalne uk\u0142adanie si\u0119.<br \/>\n<strong>\u2713\u00a0<\/strong>D-panthenol &#8211; nawil\u017ca w\u0142\u00f3kno w\u0142osowe, gwarantuje po\u0142ysk w\u0142os\u00f3w i zmniejsza tendencj\u0119 do rozdwajania si\u0119 ko\u0144c\u00f3wek.<\/p>\n<p>Spos\u00f3b u\u017cycia: Szampon stosowa\u0107 na mokre w\u0142osy, wmasowa\u0107 delikatnie w sk\u00f3r\u0119 g\u0142owy i sp\u0142uka\u0107. Do codziennego u\u017cytku. Dla lepszego efektu nale\u017cy stosowa\u0107 razem z mask\u0105 do w\u0142os\u00f3w z olejem konopnym India.<br \/>\nPojemno\u015b\u0107: 400 ml<\/p>\n","protected":false},"excerpt":{"rendered":"<p><strong><img loading=\"lazy\" decoding=\"async\" class=\"alignnone size-full wp-image-44980\" src=\"https:\/\/htb.com.pl\/wp-content\/uploads\/2019\/06\/Tel-ma\u0142y.jpg\" alt=\"\" width=\"97\" height=\"100\" \/> (+48) 519652500<\/strong><\/p>\n<p><strong>\u00a0Nowo\u015b\u0107! <\/strong>Nowy,\u00a0<strong>ulepszony<\/strong>\u00a0<strong>sk\u0142ad<\/strong>\u00a0szamponu &#8211; jeszcze bardziej od\u017cywcze w\u0142a\u015bciwo\u015bci, dzi\u0119ki wykorzystaniu oleju konopnego z nowej odmiany konopi.<\/p>\n","protected":false},"featured_media":3773,"comment_status":"open","ping_status":"closed","template":"","meta":[],"class_list":{"0":"post-3772","1":"product","2":"type-product","3":"status-publish","4":"has-post-thumbnail","7":"first","8":"instock","9":"taxable","10":"shipping-taxable","11":"purchasable","12":"product-type-simple"},"jetpack_sharing_enabled":true,"_links":{"self":[{"href":"https:\/\/htb.com.pl\/index.php?rest_route=\/wp\/v2\/product\/3772","targetHints":{"allow":["GET"]}}],"collection":[{"href":"https:\/\/htb.com.pl\/index.php?rest_route=\/wp\/v2\/product"}],"about":[{"href":"https:\/\/htb.com.pl\/index.php?rest_route=\/wp\/v2\/types\/product"}],"replies":[{"embeddable":true,"href":"https:\/\/htb.com.pl\/index.php?rest_route=%2Fwp%2Fv2%2Fcomments&post=3772"}],"wp:featuredmedia":[{"embeddable":true,"href":"https:\/\/htb.com.pl\/index.php?rest_route=\/wp\/v2\/media\/3773"}],"wp:attachment":[{"href":"https:\/\/htb.com.pl\/index.php?rest_route=%2Fwp%2Fv2%2Fmedia&parent=3772"}],"curies":[{"name":"wp","href":"https:\/\/api.w.org\/{rel}","templated":true}]}}