{"id":3774,"date":"2019-06-06T13:17:25","date_gmt":"2019-06-06T13:17:25","guid":{"rendered":"https:\/\/htb.com.pl\/?post_type=product&#038;p=3774"},"modified":"2019-06-06T13:17:25","modified_gmt":"2019-06-06T13:17:25","slug":"krem-do-stop-ochronny-75ml","status":"publish","type":"product","link":"https:\/\/htb.com.pl\/?product=krem-do-stop-ochronny-75ml","title":{"rendered":"KREM DO ST\u00d3P OCHRONNY 75ML"},"content":{"rendered":"<p><strong>Lekka formu\u0142a<\/strong>\u00a0kremu India\u00a0<strong>wnika g\u0142\u0119boko w nask\u00f3rek<\/strong>,\u00a0<strong>regeneruj\u0105c sp\u0119kania<\/strong>,\u00a0<strong>wyg\u0142adz\u0105c spierzchni\u0119te i przesuszone partie sk\u00f3ry<\/strong>. Receptura<strong>\u00a0oparta na naturalnych sk\u0142adnikach aktywnych<\/strong>, przy regularnym stosowaniu kremu, gwarantuje<strong>\u00a0trwa\u0142e uczucie mi\u0119kko\u015bci i g\u0142adko\u015bci st\u00f3p<\/strong>.<\/p>\n<p><strong>\u2713 Olej z konopi<\/strong>\u00a0\u2013 wnikaj\u0105c w g\u0142\u0105b sk\u00f3ry\u00a0<strong>od\u017cywia, nawil\u017ca i \u0142agodzi podra\u017cnienia<\/strong>.\u00a0<strong>Przyspiesza regeracj\u0119<\/strong>\u00a0sk\u00f3ry sp\u0119kanej (szczeg\u00f3lnie w miejscach najbardziej na to nara\u017conych:<strong>\u00a0na pi\u0119tach i palcach<\/strong>), przesuszonej, suchej, podra\u017cnionej.<\/p>\n<p><strong>\u2713\u00a0<\/strong>Alantoina \u2013 instensywnie nawil\u017ca, koi, ma w\u0142a\u015bciwo\u015bci \u015bci\u0105gaj\u0105ce i regeneruj\u0105ce.<\/p>\n<p><strong>\u2713\u00a0<\/strong>Mas\u0142o shea &#8211; tworzy barier\u0119 ochronn\u0105, chroni\u0105c\u0105 przed zimnem i mrozem, zmi\u0119kcza, regeneruje i przyspiesza gojenie drobnych ranek.<\/p>\n<p><strong>\u2713\u00a0<\/strong>Mocznik &#8211; intensywnie nawil\u017ca i zmi\u0119kcza, zwi\u0119kszaj\u0105c ilo\u015b\u0107 wody w warstwie rogowej nask\u00f3rka.<\/p>\n<p>&nbsp;<\/p>\n<p>Spos\u00f3b u\u017cycia: Wmasowa\u0107 niewielk\u0105 ilo\u015b\u0107 kremu w sk\u00f3r\u0119 st\u00f3p i paznokcie. U\u017cywa\u0107 w zale\u017cno\u015bci od potrzeb.<\/p>\n<p>Pojemno\u015b\u0107: 75 ml<\/p>\n","protected":false},"excerpt":{"rendered":"<p><strong>Ochronny krem do st\u00f3p India<\/strong>, dzi\u0119ki zawarto\u015bci oleju konopnego, daje\u00a0<strong>odczuwalny efekt g\u0142\u0119bokiego nawil\u017cenia<\/strong>\u00a0i\u00a0<strong>regeneracji sk\u00f3ry<\/strong>\u00a0od razu po zastosowaniu.<\/p>\n","protected":false},"featured_media":3775,"comment_status":"open","ping_status":"closed","template":"","meta":[],"class_list":{"0":"post-3774","1":"product","2":"type-product","3":"status-publish","4":"has-post-thumbnail","7":"first","8":"instock","9":"taxable","10":"shipping-taxable","11":"purchasable","12":"product-type-simple"},"jetpack_sharing_enabled":true,"_links":{"self":[{"href":"https:\/\/htb.com.pl\/index.php?rest_route=\/wp\/v2\/product\/3774","targetHints":{"allow":["GET"]}}],"collection":[{"href":"https:\/\/htb.com.pl\/index.php?rest_route=\/wp\/v2\/product"}],"about":[{"href":"https:\/\/htb.com.pl\/index.php?rest_route=\/wp\/v2\/types\/product"}],"replies":[{"embeddable":true,"href":"https:\/\/htb.com.pl\/index.php?rest_route=%2Fwp%2Fv2%2Fcomments&post=3774"}],"wp:featuredmedia":[{"embeddable":true,"href":"https:\/\/htb.com.pl\/index.php?rest_route=\/wp\/v2\/media\/3775"}],"wp:attachment":[{"href":"https:\/\/htb.com.pl\/index.php?rest_route=%2Fwp%2Fv2%2Fmedia&parent=3774"}],"curies":[{"name":"wp","href":"https:\/\/api.w.org\/{rel}","templated":true}]}}