{"id":3788,"date":"2019-06-07T04:40:26","date_gmt":"2019-06-07T04:40:26","guid":{"rendered":"https:\/\/htb.com.pl\/?post_type=product&#038;p=3788"},"modified":"2021-05-06T07:00:26","modified_gmt":"2021-05-06T07:00:26","slug":"krem-do-rak-ochronny-100ml","status":"publish","type":"product","link":"https:\/\/htb.com.pl\/?product=krem-do-rak-ochronny-100ml","title":{"rendered":"KREM DO R\u0104K OCHRONNY 100ML"},"content":{"rendered":"<p><strong>Lekka formu\u0142a kremu<\/strong>\u00a0sprawia, \u017ce\u00a0<strong>wch\u0142ania si\u0119 szybko<\/strong>, nie pozostawiaj\u0105c nieprzyjemnego uczucia lepko\u015bci, ani t\u0142ustych \u015blad\u00f3w. Jednocze\u015bnie daje\u00a0<strong>uczucie g\u0142\u0119bokiego nawil\u017cenie i \u015bwie\u017co\u015bci<\/strong>,\u00a0<strong>utrzymuj\u0105ce si\u0119 d\u0142ugo<\/strong>\u00a0po zastosowaniu kremu. Specjalnie dobrane sk\u0142adniki kremu posiadaj\u0105\u00a0<strong>w\u0142a\u015bciwo\u015bci bakteriob\u00f3jcze<\/strong>, dzi\u0119ki czemu\u00a0<strong>\u0142agodzi on podra\u017cnienia<\/strong>.\u00a0<strong>Sk\u00f3ra<\/strong>\u00a0po u\u017cyciu staje si\u0119\u00a0<strong>mi\u0119kka, g\u0142adka i jasna<\/strong>.<br \/>\n\u2713 Olej z konopi \u2013 nawil\u017ca, od\u017cywia i dzia\u0142a \u0142agodz\u0105co na podra\u017cnion\u0105 sk\u00f3r\u0119, przyspieszaj\u0105c jej regeneracj\u0119. Poprawia odporno\u015b\u0107 sk\u00f3ry na dzia\u0142anie czynnik\u00f3w zewn\u0119trznych \u2013 mrozu, wiatru i promieni s\u0142onecznych.<br \/>\n\u2713 Wosk pszczeli &#8211; nat\u0142uszcza, tworzy barier\u0119 ochronn\u0105, uelastycznia i wyg\u0142adza sk\u00f3r\u0119 d\u0142oni.<br \/>\n\u2713 Ekstrakt z sza\u0142wii &#8211; dzia\u0142a przeciwutleniaj\u0105co, chroni i od\u017cywia sk\u00f3r\u0119. Jednocze\u015bnie oczyszcza i ma w\u0142a\u015bciwo\u015bci przeciwzapalne.<br \/>\n\u2713 Ekstrakt z kory d\u0119bu &#8211; ma dzia\u0142anie bakteriob\u00f3jcze, \u015bci\u0105gaj\u0105ce i oczyszczaj\u0105ce.<br \/>\n\u2713 Gliceryna \u2013 dodatkowo chroni nask\u00f3rek przed czynnikami zewn\u0119trznymi.<\/p>\n<p>&nbsp;<\/p>\n<p>Spos\u00f3b u\u017cycia: Wmasowa\u0107 niewielk\u0105 ilo\u015b\u0107 kremu w sk\u00f3r\u0119 d\u0142oni i paznokcie. U\u017cywa\u0107 w zale\u017cno\u015bci od potrzeb.<br \/>\nPojemno\u015b\u0107: 100 ml<\/p>\n","protected":false},"excerpt":{"rendered":"<p><strong><img loading=\"lazy\" decoding=\"async\" class=\"alignnone size-full wp-image-44980\" src=\"https:\/\/htb.com.pl\/wp-content\/uploads\/2019\/06\/Tel-ma\u0142y.jpg\" alt=\"\" width=\"97\" height=\"100\" \/> (+4) 519652500<\/strong><\/p>\n<p><strong>B\u0142yskawiczny i trwa\u0142y efekt ochronny<\/strong>\u00a0oraz\u00a0<strong>uczucie od\u017cywienia<\/strong>\u00a0od razu po zastosowaniu to efekty, jakie dzi\u0119ki zawarto\u015bci\u00a0<strong>oleju konopnego<\/strong>, daje\u00a0<strong>ochronny krem do r\u0105k India<\/strong>.<\/p>\n","protected":false},"featured_media":3789,"comment_status":"open","ping_status":"closed","template":"","meta":[],"class_list":{"0":"post-3788","1":"product","2":"type-product","3":"status-publish","4":"has-post-thumbnail","7":"first","8":"instock","9":"taxable","10":"shipping-taxable","11":"purchasable","12":"product-type-simple"},"jetpack_sharing_enabled":true,"_links":{"self":[{"href":"https:\/\/htb.com.pl\/index.php?rest_route=\/wp\/v2\/product\/3788","targetHints":{"allow":["GET"]}}],"collection":[{"href":"https:\/\/htb.com.pl\/index.php?rest_route=\/wp\/v2\/product"}],"about":[{"href":"https:\/\/htb.com.pl\/index.php?rest_route=\/wp\/v2\/types\/product"}],"replies":[{"embeddable":true,"href":"https:\/\/htb.com.pl\/index.php?rest_route=%2Fwp%2Fv2%2Fcomments&post=3788"}],"wp:featuredmedia":[{"embeddable":true,"href":"https:\/\/htb.com.pl\/index.php?rest_route=\/wp\/v2\/media\/3789"}],"wp:attachment":[{"href":"https:\/\/htb.com.pl\/index.php?rest_route=%2Fwp%2Fv2%2Fmedia&parent=3788"}],"curies":[{"name":"wp","href":"https:\/\/api.w.org\/{rel}","templated":true}]}}