{"id":3832,"date":"2019-06-09T07:10:00","date_gmt":"2019-06-09T07:10:00","guid":{"rendered":"https:\/\/htb.com.pl\/?post_type=product&#038;p=3832"},"modified":"2019-06-09T07:10:00","modified_gmt":"2019-06-09T07:10:00","slug":"maska-do-wlosow-200ml","status":"publish","type":"product","link":"https:\/\/htb.com.pl\/?product=maska-do-wlosow-200ml","title":{"rendered":"MASKA DO W\u0141OS\u00d3W 200ML"},"content":{"rendered":"<div class=\"cmstext\">\n<p>Lecznicze w\u0142a\u015bciwo\u015bci g\u0142\u00f3wnego sk\u0142adnika gwarantuj\u0105 intensywn\u0105 odbudow\u0119 i dostarczenie sk\u0142adnik\u00f3w od\u017cywczych w idealnych proporcjach. Kuracja\u00a0<strong>zapobiega rozdwajaniu si\u0119 w\u0142os\u00f3w<\/strong>\u00a0i\u00a0<strong>zapewnia przywr\u00f3cenie naturalnego blasku<\/strong>.<\/p>\n<p><strong>\u2713 Olej z konopi<\/strong>\u00a0&#8211; intensywnie od\u017cywia w\u0142osy i sprawia, \u017ce \u0142atwiej si\u0119 rozczesuj\u0105 oraz dzia\u0142a \u0142agodz\u0105co na podra\u017cnion\u0105 sk\u00f3r\u0119 g\u0142owy.<\/p>\n<p><strong>\u2713\u00a0<\/strong>D-panthenol &#8211; nawil\u017ca w\u0142\u00f3kno w\u0142osowe, gwarantuje po\u0142ysk w\u0142os\u00f3w i zmniejsza tendencj\u0119 do rozdwajania si\u0119 ko\u0144c\u00f3wek.<\/p>\n<p>Spos\u00f3b u\u017cycia: Na\u0142o\u017cy\u0107 na umyte w\u0142osy, nast\u0119pnie wmasowa\u0107 we w\u0142osy i sk\u00f3r\u0119 g\u0142owy. Pozostawi\u0107 na 1-3 minuty, a nast\u0119pnie sp\u0142uka\u0107. Stosowa\u0107 2-3 razy w tygodniu. Dla lepszego efektu nale\u017cy stosowa\u0107 z szamponem do w\u0142os\u00f3w linii INDIA.<\/p>\n<p>Pojemno\u015b\u0107: 200 ml<\/p>\n<\/div>\n<div class=\"boxes\">\n<h2 class=\"boldtitle\">Inne z tej k<\/h2>\n<\/div>\n","protected":false},"excerpt":{"rendered":"<p><strong>Maska do w\u0142os\u00f3w z olejem konopnym\u00a0<\/strong>India\u00a0powsta\u0142a z my\u015bl\u0105 o\u00a0<strong>szybkiej i efektywnej regeneracji zniszczonych w\u0142os\u00f3w<\/strong>.<\/p>\n","protected":false},"featured_media":3833,"comment_status":"open","ping_status":"closed","template":"","meta":[],"class_list":{"0":"post-3832","1":"product","2":"type-product","3":"status-publish","4":"has-post-thumbnail","6":"product_tag-india","7":"product_tag-kosmetyki","8":"product_tag-maska-do-wlosow-200ml","10":"first","11":"instock","12":"taxable","13":"shipping-taxable","14":"purchasable","15":"product-type-simple"},"jetpack_sharing_enabled":true,"_links":{"self":[{"href":"https:\/\/htb.com.pl\/index.php?rest_route=\/wp\/v2\/product\/3832","targetHints":{"allow":["GET"]}}],"collection":[{"href":"https:\/\/htb.com.pl\/index.php?rest_route=\/wp\/v2\/product"}],"about":[{"href":"https:\/\/htb.com.pl\/index.php?rest_route=\/wp\/v2\/types\/product"}],"replies":[{"embeddable":true,"href":"https:\/\/htb.com.pl\/index.php?rest_route=%2Fwp%2Fv2%2Fcomments&post=3832"}],"wp:featuredmedia":[{"embeddable":true,"href":"https:\/\/htb.com.pl\/index.php?rest_route=\/wp\/v2\/media\/3833"}],"wp:attachment":[{"href":"https:\/\/htb.com.pl\/index.php?rest_route=%2Fwp%2Fv2%2Fmedia&parent=3832"}],"curies":[{"name":"wp","href":"https:\/\/api.w.org\/{rel}","templated":true}]}}