{"id":409,"date":"2018-05-17T15:55:39","date_gmt":"2018-05-17T15:55:39","guid":{"rendered":"https:\/\/htb.com.pl\/?post_type=product&#038;p=409"},"modified":"2023-05-09T10:46:58","modified_gmt":"2023-05-09T10:46:58","slug":"folwark-zwierzecy","status":"publish","type":"product","link":"https:\/\/htb.com.pl\/?product=folwark-zwierzecy","title":{"rendered":"FOLWARK ZWIERZ\u0118CY"},"content":{"rendered":"<p>Obowi\u0105zkowa lektura dla polityk\u00f3w. Nie mo\u017cna robi\u0107 rewolucji, je\u015bli nie robi si\u0119 jej dla siebie; nie ma czego\u015b takiegojak dobrotliwa dyktatura.<\/p>\n<p><a href=\"https:\/\/htb.com.pl\/?page_id=367\">Pos\u0142uchaj Kup Przeczytaj<\/a><\/p>\n<h2><a href=\"https:\/\/page_id=367\">\u00a0<\/a><\/h2>\n<p>&nbsp;<\/p>\n","protected":false},"excerpt":{"rendered":"<p><img loading=\"lazy\" decoding=\"async\" class=\"alignnone size-full wp-image-44980\" src=\"https:\/\/htb.com.pl\/wp-content\/uploads\/2019\/06\/Tel-ma\u0142y.jpg\" alt=\"\" width=\"97\" height=\"100\" \/> (+48) 519652500<\/p>\n<table border=\"0\" width=\"100%\" cellspacing=\"0\" cellpadding=\"0\">\n<tbody>\n<tr>\n<td><\/td>\n<\/tr>\n<tr>\n<td align=\"left\"><\/td>\n<\/tr>\n<\/tbody>\n<\/table>\n<div align=\"justify\">Orwell pisa\u0142: \u201eFolwark zwierz\u0119cy mia\u0142 by\u0107 przede wszystkim satyr\u0105 na rewolucj\u0119 rosyjsk\u0105. Jednak, jak podkre\u015blam, przes\u0142anie utworu jest szersze: chcia\u0142em wyrazi\u0107 w nim my\u015bl, i\u017c \u00f3w szczeg\u00f3lny rodzaj rewolucji (gwa\u0142towna rewolucja oparta na konspiracji, z motorem nap\u0119dowym w postaci nie\u015bwiadomie \u017c\u0105dnych w\u0142adzy os\u00f3b) mo&#8230;<\/div>\n","protected":false},"featured_media":410,"comment_status":"open","ping_status":"closed","template":"","meta":[],"class_list":{"0":"post-409","1":"product","2":"type-product","3":"status-publish","4":"has-post-thumbnail","6":"product_cat-ksiazki","7":"product_tag-folwark-zwierzecy","9":"first","10":"instock","11":"taxable","12":"shipping-taxable","13":"purchasable","14":"product-type-simple"},"jetpack_sharing_enabled":true,"_links":{"self":[{"href":"https:\/\/htb.com.pl\/index.php?rest_route=\/wp\/v2\/product\/409","targetHints":{"allow":["GET"]}}],"collection":[{"href":"https:\/\/htb.com.pl\/index.php?rest_route=\/wp\/v2\/product"}],"about":[{"href":"https:\/\/htb.com.pl\/index.php?rest_route=\/wp\/v2\/types\/product"}],"replies":[{"embeddable":true,"href":"https:\/\/htb.com.pl\/index.php?rest_route=%2Fwp%2Fv2%2Fcomments&post=409"}],"wp:featuredmedia":[{"embeddable":true,"href":"https:\/\/htb.com.pl\/index.php?rest_route=\/wp\/v2\/media\/410"}],"wp:attachment":[{"href":"https:\/\/htb.com.pl\/index.php?rest_route=%2Fwp%2Fv2%2Fmedia&parent=409"}],"curies":[{"name":"wp","href":"https:\/\/api.w.org\/{rel}","templated":true}]}}