{"id":4123,"date":"2019-06-17T18:02:23","date_gmt":"2019-06-17T18:02:23","guid":{"rendered":"https:\/\/htb.com.pl\/?post_type=product&#038;p=4123"},"modified":"2024-03-05T08:56:55","modified_gmt":"2024-03-05T08:56:55","slug":"krople-lagodzace-tradzik","status":"publish","type":"product","link":"https:\/\/htb.com.pl\/?product=krople-lagodzace-tradzik","title":{"rendered":"KROPLE \u0141AGODZ\u0104CE TR\u0104DZIK"},"content":{"rendered":"<ul>\n<li><span class=\"xDistinct\">Olej z drzewka herbacianego<\/span>\u00a0&#8211; wykazuje w\u0142a\u015bciwo\u015bci dezynfekuj\u0105ce i przeciwbakteryjne. Cz\u0119sto stosowany w kosmetykach przeciwtr\u0105dzikowych, ze wzgl\u0119du na to, \u017ce dzia\u0142a bakteriob\u00f3jczo na bakterie beztlenowe wywo\u0142uj\u0105ce zmiany tr\u0105dzikowe.<\/li>\n<li>Olej konopny &#8211; dba o w\u0142a\u015bciwy poziom nawil\u017cenia sk\u00f3ry, regeneruje j\u0105 i uelastycznia. Jest pomocy przy stanach chorobowych sk\u00f3ry, takich jak \u0142uszczyca, egzema i \u0142ojotok. Posiada zdolno\u015b\u0107 do regulacji wydzielania sebum, dzi\u0119ki czemu zapobiega powstawaniu wyprysk\u00f3w.<\/li>\n<li><span class=\"xDistinct\">Ekstrakt z lawendy<\/span>\u00a0&#8211; wspomaga gojenie ranek po wypryskach.<\/li>\n<\/ul>\n<p>Spos\u00f3b u\u017cycia: Na zwil\u017con\u0105 pa\u0142eczk\u0119 do uszu nanie\u015b\u0107 1 kropl\u0119 i posmarowa\u0107 nim wyprysk. Stan zapalny powinien znikn\u0105\u0107 w przeci\u0105gu 2-3 dni.<\/p>\n<p>Pojemno\u015b\u0107: 30mlkrople m\u0142agodz\u0105ce tr\u0105dzik<\/p>\n","protected":false},"excerpt":{"rendered":"<p><strong><img loading=\"lazy\" decoding=\"async\" class=\"alignnone size-full wp-image-44980\" src=\"https:\/\/htb.com.pl\/wp-content\/uploads\/2019\/06\/Tel-ma\u0142y.jpg\" alt=\"\" width=\"97\" height=\"100\" \/>\u00a0 (+48) 519652500<\/strong><\/p>\n<p>&nbsp;<\/p>\n<h1><a href=\"https:\/\/www.indiacosmetics.pl\/p\/krople-lagodzace-tradzik-30-ml,191\">TU ZAMAWIAMY<\/a><\/h1>\n<p><strong>Koszyk to towar z wyprzeda\u017cy<\/strong><\/p>\n","protected":false},"featured_media":4002,"comment_status":"open","ping_status":"closed","template":"","meta":[],"class_list":{"0":"post-4123","1":"product","2":"type-product","3":"status-publish","4":"has-post-thumbnail","6":"product_cat-specyfiki-marysi","7":"product_tag-krople-lagodzace-tradzik","9":"first","10":"instock","11":"taxable","12":"shipping-taxable","13":"purchasable","14":"product-type-simple"},"jetpack_sharing_enabled":true,"_links":{"self":[{"href":"https:\/\/htb.com.pl\/index.php?rest_route=\/wp\/v2\/product\/4123","targetHints":{"allow":["GET"]}}],"collection":[{"href":"https:\/\/htb.com.pl\/index.php?rest_route=\/wp\/v2\/product"}],"about":[{"href":"https:\/\/htb.com.pl\/index.php?rest_route=\/wp\/v2\/types\/product"}],"replies":[{"embeddable":true,"href":"https:\/\/htb.com.pl\/index.php?rest_route=%2Fwp%2Fv2%2Fcomments&post=4123"}],"wp:featuredmedia":[{"embeddable":true,"href":"https:\/\/htb.com.pl\/index.php?rest_route=\/wp\/v2\/media\/4002"}],"wp:attachment":[{"href":"https:\/\/htb.com.pl\/index.php?rest_route=%2Fwp%2Fv2%2Fmedia&parent=4123"}],"curies":[{"name":"wp","href":"https:\/\/api.w.org\/{rel}","templated":true}]}}