{"id":4145,"date":"2019-06-18T04:50:12","date_gmt":"2019-06-18T04:50:12","guid":{"rendered":"https:\/\/htb.com.pl\/?post_type=product&#038;p=4145"},"modified":"2024-03-07T06:39:11","modified_gmt":"2024-03-07T06:39:11","slug":"naturalna-maseczka-regenerujaca-z-cbd-100-ml","status":"publish","type":"product","link":"https:\/\/htb.com.pl\/?product=naturalna-maseczka-regenerujaca-z-cbd-100-ml","title":{"rendered":"NATURALNA MASECZKA REGENERUJ\u0104CA Z CBD 100 ML"},"content":{"rendered":"<p><strong>Sk\u0142ad:<\/strong><\/p>\n<ul>\n<li><strong>Nasiona konopne:<\/strong>\u00a0pochodz\u0105ce z wyselekcjonowanych szczep\u00f3w konopi z ekologicznych upraw;<\/li>\n<li><strong>Olej konopny:<\/strong>\u00a0ma sk\u0142ad zbli\u017cony, pod wzgl\u0119dem chemicznym, do produkowanego przez ludzk\u0105 sk\u00f3r\u0119 t\u0142uszczu ochronnego. Olej konopny poprawia gospodark\u0119 lipidow\u0105, \u0142agodzi wszystkie zmiany sk\u00f3rne i nie czopuje uj\u015b\u0107 gruczo\u0142\u00f3w \u0142ojowych. A\u017c 80% jego sk\u0142adu to kwasy nienasycone. Pozosta\u0142e kwasy nasycone, kt\u00f3re nie s\u0105 wch\u0142aniane przez organizm, pozostaj\u0105 na sk\u00f3rze tworz\u0105c warstw\u0119 ochronn\u0105 zapobiegaj\u0105c\u0105 parowaniu wody;<\/li>\n<li><strong>Mi\u00f3d:<\/strong>\u00a0ma\u00a0w\u0142a\u015bciwo\u015bci\u00a0antybakteryjne, przeciwzapalne i nawil\u017caj\u0105ce;<\/li>\n<li><strong>Mi\u0119ta:<\/strong>\u00a0dzi\u0119ki zawarto\u015bci mentolu odpr\u0119\u017ca zm\u0119czon\u0105 sk\u00f3r\u0119, kontroluje jej prawid\u0142owe nat\u0142uszczenie i rozja\u015bnia cia\u0142o pozbawione blasku;<\/li>\n<li><strong>Olejek makadamia:<\/strong>\u00a0intensywnie uj\u0119drnia i uelastycznia zwiotcza\u0142\u0105 sk\u00f3r\u0119. Stymuluje prac\u0119 uk\u0142adu limfatycznego i mikrokr\u0105\u017cenie sk\u00f3rne;<\/li>\n<li><strong>CBD:\u00a0\u00a0dzia\u0142a przeciwzapalnie, ogranicza wytwarzanie sebum, hamuje proliferacj\u0119 keranocyt\u00f3w, co \u0142agodzi objawy \u0142uszczycy. Jego\u00a0\u0142\u0105czne dzia\u0142anie sebostatyczne, przeciwzapalne i hamuj\u0105ce proliferacj\u0119 kom\u00f3rek sk\u00f3ry powoduje, \u017ce dzia\u0142a przeciwtr\u0105dzikowo i uj\u0119drniaj\u0105co. W\u0142a\u015bciwo\u015bci CBD potwierdzaj\u0105 liczne badania naukowe.<br \/>\n<\/strong><\/li>\n<\/ul>\n<p>Spos\u00f3b u\u017cycia: na\u0142o\u017cy\u0107 na twarz, zmy\u0107 ciep\u0142\u0105 wod\u0105 po 10 minutach.<\/p>\n<p><strong>Termin przydatno\u015bci:\u00a060 dni od daty produkcji. Data produkcji jest dat\u0105 nadania paczki.\u00a0 (maseczka wytwarzana jest pod indywidualne zam\u00f3wienie klienta).<\/strong><\/p>\n<p>Pojemno\u015b\u0107 : 100ml<\/p>\n","protected":false},"excerpt":{"rendered":"<p><strong><img loading=\"lazy\" decoding=\"async\" class=\"alignnone size-full wp-image-44980\" src=\"https:\/\/htb.com.pl\/wp-content\/uploads\/2019\/06\/Tel-ma\u0142y.jpg\" alt=\"\" width=\"97\" height=\"100\" \/> (+48) 519652500<\/strong><\/p>\n<h1><a href=\"https:\/\/www.indiacosmetics.pl\/p\/naturalna-maseczka-regenerujaca-100-ml,11\">TU ZAMAWIAMY<\/a><\/h1>\n<p><strong>Koszyk to towar z wyprzeda\u017cy<\/strong><\/p>\n","protected":false},"featured_media":4146,"comment_status":"open","ping_status":"closed","template":"","meta":[],"class_list":{"0":"post-4145","1":"product","2":"type-product","3":"status-publish","4":"has-post-thumbnail","6":"product_cat-specyfiki-marysi","7":"product_tag-cbd","8":"product_tag-maseczka-regenerujaca","10":"first","11":"instock","12":"taxable","13":"shipping-taxable","14":"purchasable","15":"product-type-simple"},"jetpack_sharing_enabled":true,"_links":{"self":[{"href":"https:\/\/htb.com.pl\/index.php?rest_route=\/wp\/v2\/product\/4145","targetHints":{"allow":["GET"]}}],"collection":[{"href":"https:\/\/htb.com.pl\/index.php?rest_route=\/wp\/v2\/product"}],"about":[{"href":"https:\/\/htb.com.pl\/index.php?rest_route=\/wp\/v2\/types\/product"}],"replies":[{"embeddable":true,"href":"https:\/\/htb.com.pl\/index.php?rest_route=%2Fwp%2Fv2%2Fcomments&post=4145"}],"wp:featuredmedia":[{"embeddable":true,"href":"https:\/\/htb.com.pl\/index.php?rest_route=\/wp\/v2\/media\/4146"}],"wp:attachment":[{"href":"https:\/\/htb.com.pl\/index.php?rest_route=%2Fwp%2Fv2%2Fmedia&parent=4145"}],"curies":[{"name":"wp","href":"https:\/\/api.w.org\/{rel}","templated":true}]}}