{"id":415,"date":"2018-05-18T14:33:04","date_gmt":"2018-05-18T14:33:04","guid":{"rendered":"https:\/\/htb.com.pl\/?post_type=product&#038;p=415"},"modified":"2023-05-09T10:29:56","modified_gmt":"2023-05-09T10:29:56","slug":"wyspa-wezy","status":"publish","type":"product","link":"https:\/\/htb.com.pl\/?product=wyspa-wezy","title":{"rendered":"Wyspa W\u0119\u017cy"},"content":{"rendered":"<p>Ma\u0142gorzata Szejnert opisuje dramatyczn\u0105 kart\u0119 Polskich Si\u0142 Zbrojnych na Zachodzie: los kilkuset oficer\u00f3w podejrzanych przez ekip\u0119 gen. Sikorskiego &#8220;nieprawomy\u015blno\u015b\u0107&#8221;, przymusowo osadzonych na dalekiej brytyjskiej wyspie.<\/p>\n<p>Lektura Wyspy W\u0119\u017cy jest prawdziw\u0105 uczt\u0105 dla mi\u0142o\u015bnik\u00f3w historii nie znosz\u0105cych pudru i kadzid\u0142a, ale ceni\u0105cych sobie autentyczny jej wymiar.<\/p>\n<p>prof.Tomasz Na\u0142\u0119cz, historyk<\/p>\n<p><a href=\"https:\/\/htb.com.pl\/?page_id=367\">Pos\u0142uchaj Kup Przeczytaj<\/a><\/p>\n<p>&nbsp;<\/p>\n","protected":false},"excerpt":{"rendered":"<p>Ma\u0142gorzata Szejnert opisuje dramatyczn\u0105 kart\u0119 Polskich Si\u0142 Zbrojnych na Zachodzie: los kilkuset oficer\u00f3w podejrzanych przez ekip\u0119 gen. Sikorskiego &#8220;nieprawomy\u015blno\u015b\u0107&#8221;, przymusowo osadzonych na dalekiej brytyjskiej wyspie. Lektura Wyspy W\u0119\u017cy jest prawdziw\u0105 uczt\u0105 dla mi\u0142o\u015bnik\u00f3w historii nie znosz\u0105cych pudru i kadzid\u0142a, ale ceni\u0105cych sobie autentyczny jej wymiar. prof.Tomasz Na\u0142\u0119cz, historyk Pos\u0142uchaj Kup Przeczytaj &nbsp;<\/p>\n","protected":false},"featured_media":416,"comment_status":"open","ping_status":"closed","template":"","meta":[],"class_list":{"0":"post-415","1":"product","2":"type-product","3":"status-publish","4":"has-post-thumbnail","6":"product_cat-ksiazki","7":"product_tag-wyspa-wezy","9":"first","10":"instock","11":"taxable","12":"shipping-taxable","13":"purchasable","14":"product-type-simple"},"jetpack_sharing_enabled":true,"_links":{"self":[{"href":"https:\/\/htb.com.pl\/index.php?rest_route=\/wp\/v2\/product\/415","targetHints":{"allow":["GET"]}}],"collection":[{"href":"https:\/\/htb.com.pl\/index.php?rest_route=\/wp\/v2\/product"}],"about":[{"href":"https:\/\/htb.com.pl\/index.php?rest_route=\/wp\/v2\/types\/product"}],"replies":[{"embeddable":true,"href":"https:\/\/htb.com.pl\/index.php?rest_route=%2Fwp%2Fv2%2Fcomments&post=415"}],"wp:featuredmedia":[{"embeddable":true,"href":"https:\/\/htb.com.pl\/index.php?rest_route=\/wp\/v2\/media\/416"}],"wp:attachment":[{"href":"https:\/\/htb.com.pl\/index.php?rest_route=%2Fwp%2Fv2%2Fmedia&parent=415"}],"curies":[{"name":"wp","href":"https:\/\/api.w.org\/{rel}","templated":true}]}}