{"id":54666,"date":"2021-08-31T07:32:44","date_gmt":"2021-08-31T07:32:44","guid":{"rendered":"https:\/\/htb.com.pl\/?post_type=product&#038;p=54666"},"modified":"2023-04-18T12:25:52","modified_gmt":"2023-04-18T12:25:52","slug":"grob","status":"publish","type":"product","link":"https:\/\/htb.com.pl\/?product=grob","title":{"rendered":"Gr\u00f3b w sieci"},"content":{"rendered":"<audio class=\"wp-audio-shortcode\" id=\"audio-54666-1\" preload=\"none\" style=\"width: 100%;\" controls=\"controls\"><source type=\"audio\/mpeg\" src=\"https:\/\/htb.com.pl\/wp-content\/uploads\/2021\/08\/\u017bycie-przemija.wmv.mp3?_=1\" \/><a href=\"https:\/\/htb.com.pl\/wp-content\/uploads\/2021\/08\/\u017bycie-przemija.wmv.mp3\">https:\/\/htb.com.pl\/wp-content\/uploads\/2021\/08\/\u017bycie-przemija.wmv.mp3<\/a><\/audio>\n<p><strong>Internet jest wsz\u0119dzie i zawsze tak b\u0119dzie &#8211; nawet jak nas nie b\u0119dzie.<\/strong><\/p>\n<h4>Li<strong>nk mo\u017ce by\u0107 og\u00f3lnie dost\u0119pny, z has\u0142em lub widoczny tylko dla Ciebie. Opr\u00f3cz zdj\u0119cia mo\u017ce zawiera\u0107 pliki tekstowe i multimedialne. 5 z\u0142. to cena za samo zdj\u0119cie &#8211; op\u0142ata jednorazowa. Opcje dodatkowe &#8211; cena do uzgodnienia, na 1 rok.<\/strong><\/h4>\n","protected":false},"excerpt":{"rendered":"<p><img loading=\"lazy\" decoding=\"async\" class=\"alignnone size-full wp-image-44980\" src=\"https:\/\/htb.com.pl\/wp-content\/uploads\/2019\/06\/Tel-ma\u0142y.jpg\" alt=\"\" width=\"97\" height=\"100\" \/> (+48) 519652500<\/p>\n<p><strong>Proponujemy umieszczenie w internecie zdj\u0119cia grobowca,\u00a0<\/strong><\/p>\n","protected":false},"featured_media":1384,"comment_status":"open","ping_status":"closed","template":"","meta":[],"class_list":{"0":"post-54666","1":"product","2":"type-product","3":"status-publish","4":"has-post-thumbnail","6":"product_cat-bez-kategorii","7":"product_cat-wszystko-po-5-zl","8":"product_tag-grob-w-sieci","10":"first","11":"instock","12":"taxable","13":"shipping-taxable","14":"purchasable","15":"product-type-simple"},"jetpack_sharing_enabled":true,"_links":{"self":[{"href":"https:\/\/htb.com.pl\/index.php?rest_route=\/wp\/v2\/product\/54666","targetHints":{"allow":["GET"]}}],"collection":[{"href":"https:\/\/htb.com.pl\/index.php?rest_route=\/wp\/v2\/product"}],"about":[{"href":"https:\/\/htb.com.pl\/index.php?rest_route=\/wp\/v2\/types\/product"}],"replies":[{"embeddable":true,"href":"https:\/\/htb.com.pl\/index.php?rest_route=%2Fwp%2Fv2%2Fcomments&post=54666"}],"wp:featuredmedia":[{"embeddable":true,"href":"https:\/\/htb.com.pl\/index.php?rest_route=\/wp\/v2\/media\/1384"}],"wp:attachment":[{"href":"https:\/\/htb.com.pl\/index.php?rest_route=%2Fwp%2Fv2%2Fmedia&parent=54666"}],"curies":[{"name":"wp","href":"https:\/\/api.w.org\/{rel}","templated":true}]}}