{"id":549,"date":"2018-05-28T17:38:50","date_gmt":"2018-05-28T17:38:50","guid":{"rendered":"https:\/\/htb.com.pl\/?post_type=product&#038;p=549"},"modified":"2022-06-03T12:07:58","modified_gmt":"2022-06-03T12:07:58","slug":"kalinka-najwieksze-przeboje-rosyjskie-cd","status":"publish","type":"product","link":"https:\/\/htb.com.pl\/?product=kalinka-najwieksze-przeboje-rosyjskie-cd","title":{"rendered":"Kalinka &#8211; Najwi\u0119ksze przeboje rosyjskie CD"},"content":{"rendered":"<p>&nbsp;<\/p>\n<table cellspacing=\"0\" cellpadding=\"5\">\n<tbody>\n<tr valign=\"top\">\n<td>\n<table cellspacing=\"0\" cellpadding=\"0\">\n<tbody>\n<tr>\n<td><\/td>\n<td align=\"right\" nowrap=\"nowrap\" width=\"60\"><\/td>\n<\/tr>\n<tr>\n<td colspan=\"2\" height=\"5\"><\/td>\n<\/tr>\n<tr>\n<td colspan=\"2\" valign=\"top\">\n<table border=\"0\" width=\"100%\" cellspacing=\"0\" cellpadding=\"0\">\n<tbody>\n<tr>\n<td>\n<div align=\"justify\">Wydawnictwo zawiera najwi\u0119ksze przeboje rosyjskie w wykonaniu legendarnego ch\u00f3ru Armii Radzieckiej im. Aleksandrowa. 18 nagra\u0144 wydane jest dodatkowo w kartoniku z bogato ilustrowan\u0105 poligrafi\u0105 obrazuj\u0105c\u0105 histori\u0119 ch\u00f3ru .<\/div>\n<\/td>\n<\/tr>\n<\/tbody>\n<\/table>\n<\/td>\n<\/tr>\n<\/tbody>\n<\/table>\n<\/td>\n<\/tr>\n<\/tbody>\n<\/table>\n","protected":false},"excerpt":{"rendered":"<p><img loading=\"lazy\" decoding=\"async\" class=\"alignnone size-full wp-image-44980\" src=\"https:\/\/htb.com.pl\/wp-content\/uploads\/2019\/06\/Tel-ma\u0142y.jpg\" alt=\"\" width=\"97\" height=\"100\" \/> (+48) 519652500<\/p>\n<p>Produkt wycofany ze sprzeda\u017cy dnia 24.02.2022.<\/p>\n[audio mp3=\"https:\/\/htb.com.pl\/wp-content\/uploads\/2018\/05\/aleks.mp3\"][\/audio]\n<table cellspacing=\"0\" cellpadding=\"5\">\n<tbody>\n<tr valign=\"top\">\n<td>\n<table cellspacing=\"0\" cellpadding=\"0\">\n<tbody>\n<tr>\n<td>\n<table border=\"0\" cellspacing=\"0\" cellpadding=\"0\">\n<tbody>\n<tr>\n<td>Kalinka &#8211; Najwi\u0119ksze przeboje rosyjskie CD<\/td>\n<\/tr>\n<\/tbody>\n<\/table>\n<\/td>\n<td align=\"right\" nowrap=\"nowrap\" width=\"60\">\n<table cellspacing=\"0\" cellpadding=\"0\">\n<tbody>\n<tr>\n<td nowrap=\"nowrap\"><span style=\"color: black;\">\u0142<\/span><\/td>\n<\/tr>\n<\/tbody>\n<\/table>\n<\/td>\n<\/tr>\n<tr>\n<td colspan=\"2\" height=\"5\"><\/td>\n<\/tr>\n<tr>\n<td colspan=\"2\" valign=\"top\">\n<table border=\"0\" width=\"100%\" cellspacing=\"0\" cellpadding=\"0\">\n<tbody>\n<tr>\n<td>\n<table border=\"0\" width=\"100%\" cellspacing=\"0\" cellpadding=\"0\">\n<tbody>\n<tr>\n<td>\n<div>Ch\u00f3r Aleksandrowa<\/div>\n<\/td>\n<\/tr>\n<tr>\n<td align=\"left\">\n<div>wydawnictwo:\u00a0<b>Karmazyn Records<\/b>, rok wydania:\u00a0<b>2003<\/b>, oprawa:\u00a0<b>plastikowa<\/b><\/div>\n<\/td>\n<\/tr>\n<\/tbody>\n<\/table>\n<\/td>\n<\/tr>\n<\/tbody>\n<\/table>\n<\/td>\n<\/tr>\n<\/tbody>\n<\/table>\n<\/td>\n<\/tr>\n<\/tbody>\n<\/table>\n","protected":false},"featured_media":550,"comment_status":"open","ping_status":"closed","template":"","meta":[],"class_list":{"0":"post-549","1":"product","2":"type-product","3":"status-publish","4":"has-post-thumbnail","6":"product_tag-cor-alexandrowa","8":"first","9":"instock","10":"taxable","11":"shipping-taxable","12":"purchasable","13":"product-type-simple"},"jetpack_sharing_enabled":true,"_links":{"self":[{"href":"https:\/\/htb.com.pl\/index.php?rest_route=\/wp\/v2\/product\/549","targetHints":{"allow":["GET"]}}],"collection":[{"href":"https:\/\/htb.com.pl\/index.php?rest_route=\/wp\/v2\/product"}],"about":[{"href":"https:\/\/htb.com.pl\/index.php?rest_route=\/wp\/v2\/types\/product"}],"replies":[{"embeddable":true,"href":"https:\/\/htb.com.pl\/index.php?rest_route=%2Fwp%2Fv2%2Fcomments&post=549"}],"wp:featuredmedia":[{"embeddable":true,"href":"https:\/\/htb.com.pl\/index.php?rest_route=\/wp\/v2\/media\/550"}],"wp:attachment":[{"href":"https:\/\/htb.com.pl\/index.php?rest_route=%2Fwp%2Fv2%2Fmedia&parent=549"}],"curies":[{"name":"wp","href":"https:\/\/api.w.org\/{rel}","templated":true}]}}