{"id":5920,"date":"2019-07-17T12:21:01","date_gmt":"2019-07-17T12:21:01","guid":{"rendered":"https:\/\/htb.com.pl\/?post_type=product&#038;p=5920"},"modified":"2025-01-06T15:50:44","modified_gmt":"2025-01-06T15:50:44","slug":"swieca-konopna","status":"publish","type":"product","link":"https:\/\/htb.com.pl\/?product=swieca-konopna","title":{"rendered":"\u015aWIECA KONOPNA"},"content":{"rendered":"<section id=\"content\">\n<div class=\"article\">\n<div class=\"article__wrapper wrapper wrapper--1200\">\n<div id=\"vproduct\">\n<div class=\"cmstext\">\n<p>&nbsp;<\/p>\n<p><strong><a href=\"https:\/\/www.indiacosmetics.pl\/p\/swieca-konopna-90-g,217\">TU ZAMAWIAMY<\/a><\/strong><\/p>\n<p><strong>\u2713 \u015awieca konopna jest wykonana wy\u0142\u0105cznie z naturalnych sk\u0142adnik\u00f3w<\/strong>, bez parafiny czy substancji ropopochodnych. Nie wydziela substancji toksycznych podczas spalania, jest bezpieczna dla alergik\u00f3w. Bardzo ekonomiczna &#8211; d\u0142ugo\u015b\u0107 spalania &#8211; do 25 godzin.<\/p>\n<p align=\"JUSTIFY\"><strong>\u2713Olejek z cynamonowca<\/strong>\u00a0dzia\u0142a pobudzaj\u0105co i dodaje energii. Zalecany w przypadku depresji, wyczerpania nerwowego, dra\u017cliwo\u015bci. Wdychanie go \u0142agodzi objawy infekcji g\u00f3rnych dr\u00f3g oddechowych.<\/p>\n<p align=\"JUSTIFY\"><strong>\u2713 Olejek pomara\u0144czowy<\/strong>\u00a0dzia\u0142a dobroczynnie w przypadku napi\u0119cia nerwowego i bezsenno\u015bci, relaksuje oraz poprawia nastr\u00f3j.<\/p>\n<p align=\"JUSTIFY\"><strong>\u2713 \u015awieca konopna India Cosmetics mo\u017ce by\u0107 stosowana r\u00f3wnie\u017c do masa\u017cu cia\u0142a,\u00a0<\/strong>poniewa\u017c charakteryzuje si\u0119 stosunkowo nisk\u0105 temperatur\u0105 topnienia, co oznacza, \u017ce roztopiony wosk mo\u017ce by\u0107 wylewany bezpo\u015brednio na sk\u00f3r\u0119 nie powoduj\u0105c jej poparzenia. Sk\u00f3ra po zastosowaniu wosku pozostaje nawil\u017cona, g\u0142adka i jedwabista na d\u0142ugo, a aromaty olejk\u00f3w pozostawiaj\u0105 bardzo przyjemn\u0105 wo\u0144.<\/p>\n<p align=\"JUSTIFY\">Masa netto: 90 g<\/p>\n<\/div>\n<\/div>\n<\/div>\n<\/div>\n<\/section>\n<div class=\"wrapper wrapper--1200\">\n<div class=\"cmstext footer__pretext\">\n<div id=\"fb-root\"><\/div>\n<div class=\"fb-like fb_iframe_widget\" data-href=\"https:\/\/business.facebook.com\/india.cosmetics\/?business_id=176609222954175\" data-layout=\"button_count\" data-action=\"like\" data-size=\"large\" data-show-faces=\"true\" data-share=\"true\"><\/div>\n<\/div>\n<\/div>\n","protected":false},"excerpt":{"rendered":"<p><strong><img loading=\"lazy\" decoding=\"async\" class=\"alignnone size-full wp-image-44980\" src=\"https:\/\/htb.com.pl\/wp-content\/uploads\/2019\/06\/Tel-ma\u0142y.jpg\" alt=\"\" width=\"97\" height=\"100\" \/> (+48) 519652500<\/strong><\/p>\n<p><strong>Aromatyczna \u015bwieca z naturalnego wosku sojowego z olejem konopnym o zapachu pomara\u0144czy i cynamonowca.<\/strong><\/p>\n","protected":false},"featured_media":5922,"comment_status":"open","ping_status":"closed","template":"","meta":[],"class_list":{"0":"post-5920","1":"product","2":"type-product","3":"status-publish","4":"has-post-thumbnail","6":"product_cat-specyfiki-marysi","7":"product_tag-swieca-konopna","9":"first","10":"instock","11":"taxable","12":"shipping-taxable","13":"purchasable","14":"product-type-simple"},"jetpack_sharing_enabled":true,"_links":{"self":[{"href":"https:\/\/htb.com.pl\/index.php?rest_route=\/wp\/v2\/product\/5920","targetHints":{"allow":["GET"]}}],"collection":[{"href":"https:\/\/htb.com.pl\/index.php?rest_route=\/wp\/v2\/product"}],"about":[{"href":"https:\/\/htb.com.pl\/index.php?rest_route=\/wp\/v2\/types\/product"}],"replies":[{"embeddable":true,"href":"https:\/\/htb.com.pl\/index.php?rest_route=%2Fwp%2Fv2%2Fcomments&post=5920"}],"wp:featuredmedia":[{"embeddable":true,"href":"https:\/\/htb.com.pl\/index.php?rest_route=\/wp\/v2\/media\/5922"}],"wp:attachment":[{"href":"https:\/\/htb.com.pl\/index.php?rest_route=%2Fwp%2Fv2%2Fmedia&parent=5920"}],"curies":[{"name":"wp","href":"https:\/\/api.w.org\/{rel}","templated":true}]}}