{"id":5930,"date":"2019-07-17T13:17:42","date_gmt":"2019-07-17T13:17:42","guid":{"rendered":"https:\/\/htb.com.pl\/?post_type=product&#038;p=5930"},"modified":"2026-04-04T12:49:13","modified_gmt":"2026-04-04T12:49:13","slug":"mieszanka-wyszczuplajaca-50-g","status":"publish","type":"product","link":"https:\/\/htb.com.pl\/?product=mieszanka-wyszczuplajaca-50-g","title":{"rendered":"MIESZANKA &#8220;WYSZCZUPLAJ\u0104CA&#8221; 50 G"},"content":{"rendered":"<p><a href=\"https:\/\/www.indiacosmetics.pl\/p\/mieszanka-wyszczuplajaca-50-g,163\"><strong><img loading=\"lazy\" decoding=\"async\" class=\"alignnone size-full wp-image-137366\" src=\"https:\/\/htb.com.pl\/wp-content\/uploads\/2021\/01\/TU-ZAMAWIAMY.png\" alt=\"\" width=\"247\" height=\"80\" \/>Sk\u0142adniki:<\/strong><\/a>\u00a0brzoza brodawkowata (Betula pendula), skrzyp polny (Equisetum arvense), dziurawiec zwyczajny (Hypericum perforatum), koniczyna \u0142\u0105kowa (Trifolium pratense), rdest ptasi (Polygonum aviculare), wi\u0105z\u00f3wka b\u0142otna (Filipendula ulmaria), perz w\u0142a\u015bciwy (Elymus repens), melisa (Melissa), uczep tr\u00f3jlistkowy (Bidens tripartita), cykoria podr\u00f3\u017cnik (Cichorium intybus), bor\u00f3wka czarna (Vaccinium myrtillus), wrzos zwyczajny (Calluna vulgaris).<\/p>\n<p>&nbsp;<\/p>\n<p>Waga: 50 g<\/p>\n","protected":false},"excerpt":{"rendered":"<p><img loading=\"lazy\" decoding=\"async\" class=\"alignnone size-full wp-image-44980\" src=\"https:\/\/htb.com.pl\/wp-content\/uploads\/2019\/06\/Tel-ma\u0142y.jpg\" alt=\"\" width=\"97\" height=\"100\" \/> (+48) 519652500<\/p>\n<h1><\/h1>\n<p><strong>Koszyk to towar z wyprzeda\u017cy<\/strong><\/p>\n","protected":false},"featured_media":5931,"comment_status":"open","ping_status":"closed","template":"","meta":[],"class_list":{"0":"post-5930","1":"product","2":"type-product","3":"status-publish","4":"has-post-thumbnail","6":"product_cat-specyfiki-marysi","7":"product_tag-mieszanka-wyszczuplajaca-50-g","9":"first","10":"instock","11":"taxable","12":"shipping-taxable","13":"purchasable","14":"product-type-simple"},"jetpack_sharing_enabled":true,"_links":{"self":[{"href":"https:\/\/htb.com.pl\/index.php?rest_route=\/wp\/v2\/product\/5930","targetHints":{"allow":["GET"]}}],"collection":[{"href":"https:\/\/htb.com.pl\/index.php?rest_route=\/wp\/v2\/product"}],"about":[{"href":"https:\/\/htb.com.pl\/index.php?rest_route=\/wp\/v2\/types\/product"}],"replies":[{"embeddable":true,"href":"https:\/\/htb.com.pl\/index.php?rest_route=%2Fwp%2Fv2%2Fcomments&post=5930"}],"wp:featuredmedia":[{"embeddable":true,"href":"https:\/\/htb.com.pl\/index.php?rest_route=\/wp\/v2\/media\/5931"}],"wp:attachment":[{"href":"https:\/\/htb.com.pl\/index.php?rest_route=%2Fwp%2Fv2%2Fmedia&parent=5930"}],"curies":[{"name":"wp","href":"https:\/\/api.w.org\/{rel}","templated":true}]}}