{"id":6696,"date":"2019-07-30T05:36:31","date_gmt":"2019-07-30T05:36:31","guid":{"rendered":"https:\/\/htb.com.pl\/?post_type=product&#038;p=6696"},"modified":"2024-03-05T14:41:04","modified_gmt":"2024-03-05T14:41:04","slug":"masc-z-olejem-konopnym-50-ml","status":"publish","type":"product","link":"https:\/\/htb.com.pl\/?product=masc-z-olejem-konopnym-50-ml","title":{"rendered":"MA\u015a\u0106 Z OLEJEM KONOPNYM 50 ML"},"content":{"rendered":"<section id=\"content\">\n<div class=\"article\">\n<div class=\"article__wrapper wrapper wrapper--1200\">\n<div id=\"vproduct\">\n<div class=\"cmstext\">\n<p align=\"JUSTIFY\">Ma\u015b\u0107 wzbogacili\u015bmy o witamin\u0119 E, kt\u00f3ra zapobiega powstawaniu stan\u00f3w zapalnych, wzmacnia \u015bciany naczy\u0144 krwiono\u015bnych oraz poprawia ukrwienie sk\u00f3ry.<\/p>\n<p align=\"JUSTIFY\">Doskona\u0142a dla os\u00f3b, kt\u00f3rych problemem jest sk\u00f3ra:<\/p>\n<p><strong>&#8211; atopowa<\/strong><\/p>\n<p><strong>&#8211; szorstka<\/strong><\/p>\n<p><strong>&#8211; bardzo sucha<\/strong><\/p>\n<p><strong>&#8211; p\u0119kaj\u0105ca<\/strong><\/p>\n<p><strong>&#8211; odwodniona<\/strong><\/p>\n<p><strong>&#8211; z czerwonymi plamami<\/strong><\/p>\n<p>Ma\u015b\u0107 z naturalnym, t\u0142oczonym na zimno, olejem konopnym\u00a0<strong>przynosi ulg\u0119<\/strong>,\u00a0<strong>od\u017cywia<\/strong>\u00a0i\u00a0<strong>regeneruje<\/strong>\u00a0obszary sk\u00f3ry, na kt\u00f3re zaaplikujemy ma\u015b\u0107. Ma\u015b\u0107\u00a0<strong>przywraca nadziej\u0119 osobom cierpi\u0105cym na Atopowe Zapalenie Sk\u00f3ry<\/strong>\u00a0&#8211; naturalnie przywraca sk\u00f3rze zdrowie.<\/p>\n<p>Badania dermatologiczne potwierdzi\u0142y, \u017ce\u00a0<strong>ma\u015b\u0107 nie wykazuje \u017cadnych reakcji alergicznych<\/strong>.<\/p>\n<p>Spos\u00f3b u\u017cycia:\u00a0Preparat w postaci ma\u015bci stosuje si\u0119 miejscowo na sk\u00f3r\u0119.<\/p>\n<p>&nbsp;<\/p>\n<p align=\"JUSTIFY\"><strong>pojemno\u015b\u0107: 50ml<\/strong><\/p>\n<\/div>\n<\/div>\n<\/div>\n<\/div>\n<\/section>\n<div class=\"wrapper wrapper--1200\">\n<div class=\"cmstext footer__pretext\">\n<div id=\"fb-root\"><\/div>\n<div class=\"fb-like fb_iframe_widget\" data-href=\"https:\/\/business.facebook.com\/india.cosmetics\/?business_id=176609222954175\" data-layout=\"button_count\" data-action=\"like\" data-size=\"large\" data-show-faces=\"true\" data-share=\"true\"><\/div>\n<\/div>\n<\/div>\n","protected":false},"excerpt":{"rendered":"<p><strong><img loading=\"lazy\" decoding=\"async\" class=\"alignnone size-full wp-image-44980\" src=\"https:\/\/htb.com.pl\/wp-content\/uploads\/2019\/06\/Tel-ma\u0142y.jpg\" alt=\"\" width=\"97\" height=\"100\" \/> (+48) 519652500<\/strong><\/p>\n<h1><a href=\"https:\/\/www.indiacosmetics.pl\/p\/masc-z-olejem-konopnym-50-ml,222\">TU ZAMAWIAMY<\/a><\/h1>\n<p><strong>Koszyk to towar wyprzeda\u017cowy<\/strong><\/p>\n","protected":false},"featured_media":6697,"comment_status":"open","ping_status":"closed","template":"","meta":[],"class_list":{"0":"post-6696","1":"product","2":"type-product","3":"status-publish","4":"has-post-thumbnail","6":"product_cat-specyfiki-marysi","8":"first","9":"instock","10":"taxable","11":"shipping-taxable","12":"purchasable","13":"product-type-simple"},"jetpack_sharing_enabled":true,"_links":{"self":[{"href":"https:\/\/htb.com.pl\/index.php?rest_route=\/wp\/v2\/product\/6696","targetHints":{"allow":["GET"]}}],"collection":[{"href":"https:\/\/htb.com.pl\/index.php?rest_route=\/wp\/v2\/product"}],"about":[{"href":"https:\/\/htb.com.pl\/index.php?rest_route=\/wp\/v2\/types\/product"}],"replies":[{"embeddable":true,"href":"https:\/\/htb.com.pl\/index.php?rest_route=%2Fwp%2Fv2%2Fcomments&post=6696"}],"wp:featuredmedia":[{"embeddable":true,"href":"https:\/\/htb.com.pl\/index.php?rest_route=\/wp\/v2\/media\/6697"}],"wp:attachment":[{"href":"https:\/\/htb.com.pl\/index.php?rest_route=%2Fwp%2Fv2%2Fmedia&parent=6696"}],"curies":[{"name":"wp","href":"https:\/\/api.w.org\/{rel}","templated":true}]}}