{"id":69049,"date":"2022-06-16T08:23:39","date_gmt":"2022-06-16T08:23:39","guid":{"rendered":"https:\/\/htb.com.pl\/?post_type=product&#038;p=69049"},"modified":"2023-04-12T08:38:53","modified_gmt":"2023-04-12T08:38:53","slug":"liscie-miety-50-g","status":"publish","type":"product","link":"https:\/\/htb.com.pl\/?product=liscie-miety-50-g","title":{"rendered":"Li\u015bcie mi\u0119ty, 50 g"},"content":{"rendered":"<p>Tradycyjne receptury z pokolenia na pokolenie.<\/p>\n<p>\u201eOd wielu lat zbieram lecznicze zio\u0142a. \u0141\u0105cz\u0119 je w odpowiednio dobrane mieszanki, pomagaj\u0105ce w poszczeg\u00f3lnych dolegliwo\u015bciach. Wykorzystuj\u0119 tylko tradycyjne receptury, przekazywane z pokolenia na pokolenie przez mieszka\u0144c\u00f3w mojej wsi. Ka\u017cde zebrane przeze mnie zio\u0142o pochodzi wy\u0142\u0105cznie z miejsca jego naturalnego wyst\u0119powania. Wszystkie ro\u015bliny suszone s\u0105 w naturalnych warunkach, dzi\u0119ki czemu zachowuj\u0105 swoje w\u0142a\u015bciwo\u015bci &#8211; Oleksander<\/p>\n<p><em>Mieszanki zawieraj\u0105 r\u0119cznie zbierane oraz naturalnie suszone sk\u0142adniki.<\/em><\/p>\n<p><strong><img loading=\"lazy\" decoding=\"async\" src=\"https:\/\/www.indiacosmetics.pl\/files\/Grafika\/2022\/opisy%20produkty\/86192529_1494270380696903_509310931495288832_n.jpg\" alt=\"liscie miety\" width=\"400\" height=\"400\" \/><\/strong><\/p>\n<p>&nbsp;<\/p>\n<p><strong>Sk\u0142adniki:<\/strong>\u00a0li\u015bcie mi\u0119ty (\u0142ac. Mint folia)<\/p>\n<p><strong>Warunki przechowywania:<\/strong>\u00a0Przechowywa\u0107 w suchym i ch\u0142odnym miejscu<\/p>\n<p><strong>Opakowanie:<\/strong>\u00a0Pakowane w torebki doypack z zapi\u0119ciem strunowym<\/p>\n<p><strong>Masa netto:<\/strong>\u00a050 g<\/p>\n<p><strong>Spos\u00f3b przygotowania (parzenia):<\/strong>\u00a0 jedn\u0105 \u0142y\u017ck\u0119 sto\u0142ow\u0105 li\u015bci zala\u0107 250 ml wrz\u0105tku i parzy\u0107 pod przykryciem 30 minut<\/p>\n<p>&nbsp;<\/p>\n<p>&nbsp;<\/p>\n<p>&nbsp;<\/p>\n<p>Wyr\u00f3b nie jest lekiem. Nie leczy. Powsta\u0142 z niezmodyfikowanych sk\u0142adnik\u00f3w naturalnych. Zawarto\u015b\u0107 witamin, mikroelement\u00f3w czy innych substancji odpowiada naturalnym proporcjom wyst\u0119puj\u0105cym w dziko rosn\u0105cej ro\u015blinie.<\/p>\n<p>Zio\u0142a, warzywa i owoce posiadaj\u0105 w swoim sk\u0142adzie szereg witamin i mikroelement\u00f3w, znanych i uznanych od stuleci, kt\u00f3re wp\u0142ywaj\u0105 korzystnie na organizm<br \/>\ni zachodz\u0105ce w nim procesy fizjologiczne. Niekt\u00f3rym wprost przypisuje si\u0119 w\u0142a\u015bciwo\u015bci lecznicze. Jednak\u017ce obecnie obowi\u0105zuj\u0105ce ustawodawstwo zabrania przedstawiania najbardziej naturalnych \u015brodk\u00f3w spo\u017cywczych jako posiadaj\u0105cych w\u0142a\u015bciwo\u015bci prozdrowotne. Przepisy w tym zakresie s\u0105 wewn\u0119trznie sprzeczne,<br \/>\na s\u0142u\u017cby G\u0142\u00f3wnego Inspektora Sanitarnego (Powiatowe Stacje Sanitarno-Epidemiologiczne) stosuj\u0105 najbardziej rygorystyczn\u0105 wyk\u0142adni\u0119, kt\u00f3ra spowodowa\u0107 mo\u017ce wkr\u00f3tce, \u017ce sprzedawanie zi\u00f3\u0142, owoc\u00f3w i warzyw, a wi\u0119c najbardziej naturalnych sk\u0142adnik\u00f3w \u017cywno\u015bciowych b\u0119dzie mo\u017cliwe, ale bez informowania o ich w\u0142a\u015bciwo\u015bciach. Dla przyk\u0142adu b\u0119dzie mo\u017ce sprzedawa\u0107 czosnek, ale zabronione b\u0119dzie informowanie, \u017ce jest naturalnym antybiotykiem i wspomaga organizm<br \/>\nw przezi\u0119bieniach i zapaleniu gard\u0142a.<\/p>\n","protected":false},"excerpt":{"rendered":"<p><img loading=\"lazy\" decoding=\"async\" class=\"alignnone size-full wp-image-44980\" src=\"https:\/\/htb.com.pl\/wp-content\/uploads\/2019\/06\/Tel-ma\u0142y.jpg\" alt=\"\" width=\"97\" height=\"100\" \/> (+48) 519652500<\/p>\n<h1>LI\u015aCIE MI\u0118TY<\/h1>\n<p>Tradycyjne receptury z pokolenia na pokolenie.<\/p>\n","protected":false},"featured_media":69050,"comment_status":"open","ping_status":"closed","template":"","meta":[],"class_list":{"0":"post-69049","1":"product","2":"type-product","3":"status-publish","4":"has-post-thumbnail","6":"product_cat-specyfiki-marysi","7":"product_tag-50-g","8":"product_tag-liscie-miety","10":"first","11":"instock","12":"taxable","13":"shipping-taxable","14":"purchasable","15":"product-type-simple"},"jetpack_sharing_enabled":true,"_links":{"self":[{"href":"https:\/\/htb.com.pl\/index.php?rest_route=\/wp\/v2\/product\/69049","targetHints":{"allow":["GET"]}}],"collection":[{"href":"https:\/\/htb.com.pl\/index.php?rest_route=\/wp\/v2\/product"}],"about":[{"href":"https:\/\/htb.com.pl\/index.php?rest_route=\/wp\/v2\/types\/product"}],"replies":[{"embeddable":true,"href":"https:\/\/htb.com.pl\/index.php?rest_route=%2Fwp%2Fv2%2Fcomments&post=69049"}],"wp:featuredmedia":[{"embeddable":true,"href":"https:\/\/htb.com.pl\/index.php?rest_route=\/wp\/v2\/media\/69050"}],"wp:attachment":[{"href":"https:\/\/htb.com.pl\/index.php?rest_route=%2Fwp%2Fv2%2Fmedia&parent=69049"}],"curies":[{"name":"wp","href":"https:\/\/api.w.org\/{rel}","templated":true}]}}