{"id":71859,"date":"2022-08-10T18:33:11","date_gmt":"2022-08-10T18:33:11","guid":{"rendered":"https:\/\/htb.com.pl\/?post_type=product&#038;p=71859"},"modified":"2022-08-10T18:35:46","modified_gmt":"2022-08-10T18:35:46","slug":"szare-pudelko-na-zycie","status":"publish","type":"product","link":"https:\/\/htb.com.pl\/?product=szare-pudelko-na-zycie","title":{"rendered":"SZARE PUDE\u0141KO NA \u017bYCIE"},"content":{"rendered":"<p>Prawdziwa przyja\u017a\u0144 nie ma ceny, podobnie jak pokrewie\u0144stwo artystycznych dusz. Szukanie siebie w czarno-czarnej rzeczywisto\u015bci ponurych czas\u00f3w przypomina egzorcyzmy. Ratowanie wra\u017cliwo\u015bci i wyobra\u017ani poprzez poezj\u0119 &#8211; i w poezji &#8211; to zadanie karko\u0142omne. Wczoraj, dzi\u015b i zawsze. O powodzeniu decyduje przypadek i pasja. Niepowtarzalna synchronizacja w czasie i przestrzeni. Spotkanie i unikanie wyzwania. Dzi\u0119ki temu powsta\u0142a ta p\u0142yta. Piosenki na niej \u0142\u0105czy wszystko &#8211; nie dzieli nic. Otrzymujemy po latach wspania\u0142\u0105 opowie\u015b\u0107 o cz\u0142owiecze\u0144stwie &#8211; bolesna i szczer\u0105, niestety osierocon\u0105&#8230;<\/p>\n<p>Krzysztof Myszkowski<\/p>\n","protected":false},"excerpt":{"rendered":"<p><img loading=\"lazy\" decoding=\"async\" class=\"alignnone size-full wp-image-44980\" src=\"https:\/\/htb.com.pl\/wp-content\/uploads\/2019\/06\/Tel-ma\u0142y.jpg\" alt=\"\" width=\"97\" height=\"100\" \/> (+48) 519652500<\/p>\n[audio mp3=\"https:\/\/htb.com.pl\/wp-content\/uploads\/2022\/08\/krzysiek-krzak-szare-pudelko-na-zycie-1.mp3\"][\/audio]\n<p>SZARE PUDE\u0141KO NA \u017bYCIE<\/p>\n<p>Muzyka i wykonanie Krzysztof Krzak, teksty Andrzej Ciach<\/p>\n","protected":false},"featured_media":71865,"comment_status":"open","ping_status":"closed","template":"","meta":[],"class_list":{"0":"post-71859","1":"product","2":"type-product","3":"status-publish","4":"has-post-thumbnail","6":"product_tag-szare-pudelko-na-zycie","8":"first","9":"instock","10":"taxable","11":"shipping-taxable","12":"purchasable","13":"product-type-simple"},"jetpack_sharing_enabled":true,"_links":{"self":[{"href":"https:\/\/htb.com.pl\/index.php?rest_route=\/wp\/v2\/product\/71859","targetHints":{"allow":["GET"]}}],"collection":[{"href":"https:\/\/htb.com.pl\/index.php?rest_route=\/wp\/v2\/product"}],"about":[{"href":"https:\/\/htb.com.pl\/index.php?rest_route=\/wp\/v2\/types\/product"}],"replies":[{"embeddable":true,"href":"https:\/\/htb.com.pl\/index.php?rest_route=%2Fwp%2Fv2%2Fcomments&post=71859"}],"wp:featuredmedia":[{"embeddable":true,"href":"https:\/\/htb.com.pl\/index.php?rest_route=\/wp\/v2\/media\/71865"}],"wp:attachment":[{"href":"https:\/\/htb.com.pl\/index.php?rest_route=%2Fwp%2Fv2%2Fmedia&parent=71859"}],"curies":[{"name":"wp","href":"https:\/\/api.w.org\/{rel}","templated":true}]}}