{"id":80603,"date":"2023-02-05T08:27:45","date_gmt":"2023-02-05T08:27:45","guid":{"rendered":"https:\/\/htb.com.pl\/?post_type=product&#038;p=80603"},"modified":"2024-03-05T08:04:54","modified_gmt":"2024-03-05T08:04:54","slug":"olejek-do-masazu-malinowy-100-ml","status":"publish","type":"product","link":"https:\/\/htb.com.pl\/?product=olejek-do-masazu-malinowy-100-ml","title":{"rendered":"Olejek do masa\u017cu malinowy, 100 ml"},"content":{"rendered":"<p>Chc\u0105c podarowa\u0107 Ci najprzyjemniejszy efekt nawil\u017cenia, uj\u0119drnienia i od\u017cywienia sk\u00f3ry, przygotowali\u015bmy unikaln\u0105 kompozycj\u0119 naturalnych olej\u00f3w, doskona\u0142ych do piel\u0119gnacji sk\u00f3ry ka\u017cdego typu.<\/p>\n<p><strong>Twoje doznania wzbogaci s\u0142odki aromat s\u0142odkich malin<\/strong><\/p>\n<h2>KONOPNY OLEJEK DO MASA\u017bU &#8211; PRZYJEMNO\u015a\u0106 CIA\u0141A I ZMYS\u0141\u00d3W<\/h2>\n<p>&nbsp;<\/p>\n<p>Daj si\u0119 rozpie\u015bci\u0107 z naszym malinowym olejkiem do masa\u017cu i zapewnij sobie niezapomnian\u0105 przyjemno\u015b\u0107 dla cia\u0142a i zmys\u0142\u00f3w.<\/p>\n<p>G\u0142\u00f3wnym sk\u0142adnikiem olejku do masa\u017cu jest t\u0142oczony na zimno olej konopny, znany ze swoich nawil\u017caj\u0105cych i \u0142agodz\u0105cych w\u0142a\u015bciwo\u015bci.<\/p>\n<ul>\n<li>\n<ul>\n<li>Olej z pestek moreli \u2013 nawil\u017ca i wyg\u0142adza nask\u00f3rek, op\u00f3\u017aniaj\u0105c proces starzenia si\u0119 sk\u00f3ry,<\/li>\n<li>Olej sezamowy \u2013 podczas masa\u017cu sprzyja detoksykacji organizmu,<\/li>\n<li>Olej ze s\u0142odkich migda\u0142\u00f3w \u2013 poprawia cyrkulacje\u0328 krwi, dzia\u0142a przeciwstarzeniowo i nawil\u017caj\u0105co,<\/li>\n<li>Olej z pestek arbuza \u2013 wp\u0142ywa na j\u0119drno\u015b\u0107 sk\u00f3ry i zapobiega powstawaniu rozst\u0119p\u00f3w,<\/li>\n<li>Olej z mi\u0119ty pieprzowej \u2013 \u0142agodzi b\u00f3le mi\u0119\u015bni, staw\u00f3w i b\u00f3le reumatyczne,<\/li>\n<li>Olejek z maliny \u2013 uelastycznia sk\u00f3r\u0119.<\/li>\n<\/ul>\n<\/li>\n<\/ul>\n<p>Konopny olejek do masa\u017cu pozbawiony jest konserwant\u00f3w, barwnik\u00f3w, olej\u00f3w mineralnych.<\/p>\n<h2>JAK STOSOWA\u0106 MALINOWY OLEJEK DO MASA\u017bU?<\/h2>\n<p>Olejek mo\u017cesz stosowa\u0107 zar\u00f3wno do masa\u017cy relaksacyjnych, jak i leczniczych lub:<\/p>\n<ul>\n<li>\n<ul>\n<li>do aromaterapii (olej konopny stanowi doskona\u0142\u0105 baz\u0119 dla naturalnych olejk\u00f3w eterycznych, jakie wykorzystali\u015bmy);<\/li>\n<li>do piel\u0119gnacji ca\u0142ego cia\u0142a \u2013 olejek sprawdzi si\u0119 jako naturalna, g\u0142\u0119boko nawil\u017caj\u0105ca oliwka do cia\u0142a.<\/li>\n<\/ul>\n<\/li>\n<\/ul>\n<p>*\u00a0<strong>THC<\/strong>&lt;0,2%<\/p>\n<p><strong>\u00a0 \u00a0 \u00a0 \u00a0 \u00a0 \u00a0\u00a0<\/strong><strong>CBD\u00a0<\/strong>naturalnie wyst\u0119puje w konopi siewnej (Cannabis Sativa L).<\/p>\n<p>&nbsp;<\/p>\n<p><strong>Pojemno\u015b\u0107:<\/strong>\u00a0100 ml<\/p>\n","protected":false},"excerpt":{"rendered":"<p><img loading=\"lazy\" decoding=\"async\" class=\"alignnone size-full wp-image-44980\" src=\"https:\/\/htb.com.pl\/wp-content\/uploads\/2019\/06\/Tel-ma\u0142y.jpg\" alt=\"\" width=\"97\" height=\"100\" \/> (+48) 519652500<\/p>\n<h1><a href=\"https:\/\/www.indiacosmetics.pl\/p\/konopny-olejek-do-masazu-malinowy-100-ml,173\">TU ZAMAWIAMY<\/a><\/h1>\n<p><strong>Koszyk to towar z wyprzeda\u017cy<\/strong><\/p>\n","protected":false},"featured_media":80604,"comment_status":"open","ping_status":"closed","template":"","meta":[],"class_list":{"0":"post-80603","1":"product","2":"type-product","3":"status-publish","4":"has-post-thumbnail","6":"product_cat-specyfiki-marysi","7":"product_tag-100-ml","8":"product_tag-olejek-do-masazu-malinowy","10":"first","11":"instock","12":"taxable","13":"shipping-taxable","14":"purchasable","15":"product-type-simple"},"jetpack_sharing_enabled":true,"_links":{"self":[{"href":"https:\/\/htb.com.pl\/index.php?rest_route=\/wp\/v2\/product\/80603","targetHints":{"allow":["GET"]}}],"collection":[{"href":"https:\/\/htb.com.pl\/index.php?rest_route=\/wp\/v2\/product"}],"about":[{"href":"https:\/\/htb.com.pl\/index.php?rest_route=\/wp\/v2\/types\/product"}],"replies":[{"embeddable":true,"href":"https:\/\/htb.com.pl\/index.php?rest_route=%2Fwp%2Fv2%2Fcomments&post=80603"}],"wp:featuredmedia":[{"embeddable":true,"href":"https:\/\/htb.com.pl\/index.php?rest_route=\/wp\/v2\/media\/80604"}],"wp:attachment":[{"href":"https:\/\/htb.com.pl\/index.php?rest_route=%2Fwp%2Fv2%2Fmedia&parent=80603"}],"curies":[{"name":"wp","href":"https:\/\/api.w.org\/{rel}","templated":true}]}}