{"id":80605,"date":"2023-02-05T08:35:43","date_gmt":"2023-02-05T08:35:43","guid":{"rendered":"https:\/\/htb.com.pl\/?post_type=product&#038;p=80605"},"modified":"2024-03-05T08:46:07","modified_gmt":"2024-03-05T08:46:07","slug":"olejek-do-masazu-cytrusowy-100-ml","status":"publish","type":"product","link":"https:\/\/htb.com.pl\/?product=olejek-do-masazu-cytrusowy-100-ml","title":{"rendered":"Olejek do masa\u017cu cytrusowy, 100 ml"},"content":{"rendered":"<h1>CYTRUSOWY OLEJEK DO MASA\u017bU Z OLEJEM KONOPNYM<\/h1>\n<p>Chc\u0105c podarowa\u0107 Ci najprzyjemniejszy efekt nawil\u017cenia, uj\u0119drnienia i od\u017cywienia sk\u00f3ry,<\/p>\n<p>przygotowali\u015bmy unikaln\u0105 kompozycj\u0119 naturalnych olej\u00f3w, doskona\u0142ych do piel\u0119gnacji sk\u00f3ry ka\u017cdego typu.<\/p>\n<p><strong>Twoje doznania wzbogaci orze\u017awiaj\u0105cy zapach cytryny<\/strong><\/p>\n<h2>KONOPNY OLEJEK DO MASA\u017bU &#8211; PRZYJEMNO\u015a\u0106 CIA\u0141A I ZMYS\u0141\u00d3W<\/h2>\n<p>Daj si\u0119 rozpie\u015bci\u0107 z naszym cytrusowym olejkiem do masa\u017cu i zapewnij sobie niezapomnian\u0105 przyjemno\u015b\u0107 dla cia\u0142a i zmys\u0142\u00f3w.<\/p>\n<p>G\u0142\u00f3wnym sk\u0142adnikiem olejku do masa\u017cu jest t\u0142oczony na zimno olej konopny, znany ze swoich\u00a0 nawil\u017caj\u0105cych i \u0142agodz\u0105cych w\u0142a\u015bciwo\u015bci.<\/p>\n<ul>\n<li>\n<ul>\n<li>Olej z pestek moreli \u2013 nawil\u017ca i wyg\u0142adza nask\u00f3rek, op\u00f3\u017aniaj\u0105c proces starzenia si\u0119 sk\u00f3ry,<\/li>\n<li>Olej sezamowy \u2013 podczas masa\u017cu sprzyja detoksykacji organizmu,<\/li>\n<li>Olej ze s\u0142odkich migda\u0142\u00f3w \u2013 poprawia cyrkulacj\u0119 krwi, dzia\u0142a przeciwstarzeniowo i nawil\u017caj\u0105co,<\/li>\n<li>Olej z awokado \u2013 odpr\u0119\u017ca zm\u0119czone cia\u0142o i uwalnia od stresu,<\/li>\n<li>Olej z pestek arbuza \u2013 wp\u0142ywa na j\u0119drno\u015b\u0107 sk\u00f3ry i zapobiega powstawaniu rozst\u0119p\u00f3w,<\/li>\n<li>Olej z mi\u0119ty pieprzowej \u2013 \u0142agodzi b\u00f3le mi\u0119\u015bni, staw\u00f3w i b\u00f3le reumatyczne,<\/li>\n<li>Olej ze sk\u00f3rki cytryny \u2013 dzia\u0142a pobudzaj\u0105co, zwalcza zm\u0119czenie i stres,<\/li>\n<li>Olejek pomara\u0144czowy \u2013 aktywizuje kr\u0105\u017cenie obwodowe, zapobiega rozst\u0119pom.<\/li>\n<\/ul>\n<\/li>\n<\/ul>\n<p>Konopny olejek do masa\u017cu pozbawiony jest konserwant\u00f3w, barwnik\u00f3w, olej\u00f3w mineralnych.<\/p>\n<h2>JAK STOSOWA\u0106 CYTRUSOWY OLEJEK DO MASA\u017bU?<\/h2>\n<p>Olejek mo\u017cesz stosowa\u0107 zar\u00f3wno do masa\u017cy relaksacyjnych, jak i leczniczych lub:<\/p>\n<ul>\n<li>\n<ul>\n<li>do aromaterapii (olej konopny stanowi doskona\u0142\u0105 baz\u0119 dla naturalnych olejk\u00f3w eterycznych, jakie wykorzystali\u015bmy);<\/li>\n<li>do piel\u0119gnacji ca\u0142ego cia\u0142a \u2013 olejek sprawdzi si\u0119 jako naturalna, g\u0142\u0119boko nawil\u017caj\u0105ca oliwka do cia\u0142a.<\/li>\n<\/ul>\n<\/li>\n<\/ul>\n<p>*\u00a0<strong>THC<\/strong>&lt;0,2%<\/p>\n<p><strong>\u00a0 \u00a0 \u00a0 \u00a0 \u00a0 \u00a0<\/strong><strong>CBD\u00a0<\/strong>naturalnie wyst\u0119puje w konopi siewnej (Cannabis Sativa L).<\/p>\n<p><strong>Ingredients:<\/strong>\u00a0Cannabis Sativa Seed Oil, Prunus Amygdalus Dulcis Oil, Citrus Limon Peel Oil, Citrus Aurantium Dulcis Peel Oil, Prunus Armeniaca Kernel Oil, Persea gratissima oil, Sesamum Indicum Seed Oil, Citrullus Vulgaris Seed Oil, Mentha Piperita Oil<\/p>\n<p><strong>Ingredients:<\/strong>\u00a0Cannabis Sativa Seed Oil, Prunus Amygdalus Dulcis Oil, Citrus Limon Peel Oil, Citrus Aurantium Dulcis Peel Oil, Prunus Armeniaca Kernel Oil, Persea gratissima oil, Sesamum Indicum Seed Oil, Citrullus Vulgaris Seed Oil, Mentha Piperita Oil<\/p>\n<p><strong>Pojemno\u015b\u0107:<\/strong>\u00a0100 ml<\/p>\n","protected":false},"excerpt":{"rendered":"<p><img loading=\"lazy\" decoding=\"async\" class=\"alignnone size-full wp-image-44980\" src=\"https:\/\/htb.com.pl\/wp-content\/uploads\/2019\/06\/Tel-ma\u0142y.jpg\" alt=\"\" width=\"97\" height=\"100\" \/> (+48) 519652500<\/p>\n<h1><a href=\"https:\/\/www.indiacosmetics.pl\/p\/konopny-olejek-do-masazu-cytrusowy-100-ml,172\">TU ZAMAWIAMY<\/a><\/h1>\n<p><strong>Koszyk to towar z wyprzeda\u017cy<\/strong><\/p>\n","protected":false},"featured_media":80606,"comment_status":"open","ping_status":"closed","template":"","meta":[],"class_list":{"0":"post-80605","1":"product","2":"type-product","3":"status-publish","4":"has-post-thumbnail","6":"product_cat-specyfiki-marysi","7":"product_tag-100-ml","8":"product_tag-olejek-do-masazu-cytrusowy","10":"first","11":"instock","12":"taxable","13":"shipping-taxable","14":"purchasable","15":"product-type-simple"},"jetpack_sharing_enabled":true,"_links":{"self":[{"href":"https:\/\/htb.com.pl\/index.php?rest_route=\/wp\/v2\/product\/80605","targetHints":{"allow":["GET"]}}],"collection":[{"href":"https:\/\/htb.com.pl\/index.php?rest_route=\/wp\/v2\/product"}],"about":[{"href":"https:\/\/htb.com.pl\/index.php?rest_route=\/wp\/v2\/types\/product"}],"replies":[{"embeddable":true,"href":"https:\/\/htb.com.pl\/index.php?rest_route=%2Fwp%2Fv2%2Fcomments&post=80605"}],"wp:featuredmedia":[{"embeddable":true,"href":"https:\/\/htb.com.pl\/index.php?rest_route=\/wp\/v2\/media\/80606"}],"wp:attachment":[{"href":"https:\/\/htb.com.pl\/index.php?rest_route=%2Fwp%2Fv2%2Fmedia&parent=80605"}],"curies":[{"name":"wp","href":"https:\/\/api.w.org\/{rel}","templated":true}]}}