{"id":85165,"date":"2023-05-09T10:38:14","date_gmt":"2023-05-09T10:38:14","guid":{"rendered":"https:\/\/htb.com.pl\/?post_type=product&#038;p=85165"},"modified":"2023-05-09T10:40:43","modified_gmt":"2023-05-09T10:40:43","slug":"ziola-nowa-encyklopedia","status":"publish","type":"product","link":"https:\/\/htb.com.pl\/?product=ziola-nowa-encyklopedia","title":{"rendered":"Zio\u0142a. Nowa encyklopedia"},"content":{"rendered":"<p>Ksi\u0105\u017cka stanowi nieocenione \u017ar\u00f3d\u0142o wiedzy. Zawiera informacje o 170 ro\u015blinach popularnych w ca\u0142ej Europie, cenne wskaz\u00f3wki dotycz\u0105ce sposobu i optymalnego okresu zbioru zi\u00f3\u0142 oraz najlepszego wykorzystania ich w\u0142a\u015bciwo\u015bci leczniczych. Dodatkowo obszerna, obejmuj\u0105ca ponad 100 hase\u0142 cz\u0119\u015b\u0107 po\u015bwi\u0119cona najcz\u0119stszym dolegliwo\u015bci&#8230;<\/p>\n","protected":false},"excerpt":{"rendered":"<p><img loading=\"lazy\" decoding=\"async\" class=\"alignnone size-full wp-image-44980\" src=\"https:\/\/htb.com.pl\/wp-content\/uploads\/2019\/06\/Tel-ma\u0142y.jpg\" alt=\"\" width=\"97\" height=\"100\" \/> (+48) 519652500<\/p>\n<table cellspacing=\"0\" cellpadding=\"0\">\n<tbody>\n<tr>\n<td>\n<table border=\"0\" cellspacing=\"0\" cellpadding=\"0\">\n<tbody>\n<tr>\n<td><a title=\"Poka\u017c...\" href=\"https:\/\/hurt.bonito.pl\/k-90694171-ziola-nowa-encyklopedia\" rel=\"follow\"><span>Zio\u0142a. Nowa encyklopedia<\/span><\/a><\/td>\n<\/tr>\n<\/tbody>\n<\/table>\n<\/td>\n<td align=\"right\" nowrap=\"nowrap\" width=\"60\">\n<table cellspacing=\"0\" cellpadding=\"0\">\n<tbody>\n<tr>\n<td nowrap=\"nowrap\"><\/td>\n<\/tr>\n<\/tbody>\n<\/table>\n<\/td>\n<\/tr>\n<tr>\n<td colspan=\"2\" height=\"5\"><\/td>\n<\/tr>\n<tr>\n<td colspan=\"2\" valign=\"top\">\n<table border=\"0\" width=\"100%\" cellspacing=\"0\" cellpadding=\"0\">\n<tbody>\n<tr>\n<td>\n<table border=\"0\" width=\"100%\" cellspacing=\"0\" cellpadding=\"0\">\n<tbody>\n<tr>\n<td>\n<div><a title=\"Paola Mancini - poka\u017c wszystkie pozycje tego autora\" href=\"https:\/\/hurt.bonito.pl\/autor\/paola+mancini\/0\">Paola Mancini<\/a>,\u00a0<a title=\"Barbara Polettini - poka\u017c wszystkie pozycje tego autora\" href=\"https:\/\/hurt.bonito.pl\/autor\/barbara+polettini\/0\">Barbara Polettini<\/a><\/div>\n<\/td>\n<\/tr>\n<\/tbody>\n<\/table>\n<\/td>\n<\/tr>\n<\/tbody>\n<\/table>\n<\/td>\n<\/tr>\n<\/tbody>\n<\/table>\n<p>&nbsp;<\/p>\n","protected":false},"featured_media":85166,"comment_status":"open","ping_status":"closed","template":"","meta":[],"class_list":{"0":"post-85165","1":"product","2":"type-product","3":"status-publish","4":"has-post-thumbnail","6":"product_cat-ksiazki","7":"product_tag-ziola-nowa-encyklopedia","9":"first","10":"instock","11":"taxable","12":"shipping-taxable","13":"purchasable","14":"product-type-simple"},"jetpack_sharing_enabled":true,"_links":{"self":[{"href":"https:\/\/htb.com.pl\/index.php?rest_route=\/wp\/v2\/product\/85165","targetHints":{"allow":["GET"]}}],"collection":[{"href":"https:\/\/htb.com.pl\/index.php?rest_route=\/wp\/v2\/product"}],"about":[{"href":"https:\/\/htb.com.pl\/index.php?rest_route=\/wp\/v2\/types\/product"}],"replies":[{"embeddable":true,"href":"https:\/\/htb.com.pl\/index.php?rest_route=%2Fwp%2Fv2%2Fcomments&post=85165"}],"wp:featuredmedia":[{"embeddable":true,"href":"https:\/\/htb.com.pl\/index.php?rest_route=\/wp\/v2\/media\/85166"}],"wp:attachment":[{"href":"https:\/\/htb.com.pl\/index.php?rest_route=%2Fwp%2Fv2%2Fmedia&parent=85165"}],"curies":[{"name":"wp","href":"https:\/\/api.w.org\/{rel}","templated":true}]}}